{"id":5516,"date":"2021-02-03T16:25:30","date_gmt":"2021-02-03T15:25:30","guid":{"rendered":"https:\/\/depaire.fr\/?post_type=product&#038;p=5516"},"modified":"2021-04-23T15:46:58","modified_gmt":"2021-04-23T13:46:58","slug":"air-pur","status":"publish","type":"product","link":"https:\/\/depaire.fr\/es\/collections\/air-pur\/","title":{"rendered":"Air Pur"},"content":{"rendered":"<p>He creado esta obra personalemente en mi taller.<br \/>\nTodo el proceso de producci\u00f3n y materiales utilizados son made in France.<br \/>\nCon respecto al env\u00edo, tendr\u00e9 el gusto de hacerlo personalemente, en consecuencia lo invito a indicarme si esta compra tiene una particularidad (regalo u ocasi\u00f3n especial) y si es el caso, le agradezco indicarmelo por email.<br \/>\nCada paso de mi proceso creativo se lleva a cabo con pasi\u00f3n, amor y atenci\u00f3n al detalle.<\/p>","protected":false},"excerpt":{"rendered":"<p>Una colecci\u00f3n de l\u00edneas puras en el esp\u00edritu de las m\u00e1s bellas piezas de joyer\u00eda francesa e internacional, combinando t\u00e9cnicas vanguardistas y tradicionales.<\/p>","protected":false},"author":4,"featured_media":5488,"template":"","meta":[],"product_cat":[81],"product_tag":[],"yoast_head":"<!-- This site is optimized with the Yoast SEO plugin v20.8 - https:\/\/yoast.com\/wordpress\/plugins\/seo\/ -->\n<title>Air Pur - Silvia Depaire<\/title>\n<meta name=\"robots\" content=\"index, follow, max-snippet:-1, max-image-preview:large, max-video-preview:-1\" \/>\n<link rel=\"canonical\" href=\"https:\/\/depaire.fr\/es\/collections\/air-pur\/\" \/>\n<meta property=\"og:locale\" content=\"es_ES\" \/>\n<meta property=\"og:type\" content=\"article\" \/>\n<meta property=\"og:title\" content=\"Air Pur - Silvia Depaire\" \/>\n<meta property=\"og:description\" content=\"Une collection aux lignes \u00e9pur\u00e9es dans l\u2019esprit des plus belles pi\u00e8ces de la joaillerie fran\u00e7aise et internationale, associant techniques d\u2019avant-garde et traditionnelles.\" \/>\n<meta property=\"og:url\" content=\"https:\/\/depaire.fr\/es\/collections\/air-pur\/\" \/>\n<meta property=\"og:site_name\" content=\"Silvia Depaire\" \/>\n<meta property=\"article:modified_time\" content=\"2021-04-23T13:46:58+00:00\" \/>\n<meta property=\"og:image\" content=\"https:\/\/depaire.fr\/wp-content\/uploads\/2021\/02\/192-air-pur.jpg\" \/>\n\t<meta property=\"og:image:width\" content=\"1200\" \/>\n\t<meta property=\"og:image:height\" content=\"867\" \/>\n\t<meta property=\"og:image:type\" content=\"image\/jpeg\" \/>\n<meta name=\"twitter:card\" content=\"summary_large_image\" \/>\n<meta name=\"twitter:label1\" content=\"Tiempo de lectura\" \/>\n\t<meta name=\"twitter:data1\" content=\"1 minuto\" \/>\n<script type=\"application\/ld+json\" class=\"yoast-schema-graph\">{\"@context\":\"https:\/\/schema.org\",\"@graph\":[{\"@type\":\"WebPage\",\"@id\":\"https:\/\/depaire.fr\/collections\/air-pur\/\",\"url\":\"https:\/\/depaire.fr\/collections\/air-pur\/\",\"name\":\"Air Pur - Silvia Depaire\",\"isPartOf\":{\"@id\":\"https:\/\/depaire.fr\/#website\"},\"datePublished\":\"2021-02-03T15:25:30+00:00\",\"dateModified\":\"2021-04-23T13:46:58+00:00\",\"breadcrumb\":{\"@id\":\"https:\/\/depaire.fr\/collections\/air-pur\/#breadcrumb\"},\"inLanguage\":\"es\",\"potentialAction\":[{\"@type\":\"ReadAction\",\"target\":[\"https:\/\/depaire.fr\/collections\/air-pur\/\"]}]},{\"@type\":\"BreadcrumbList\",\"@id\":\"https:\/\/depaire.fr\/collections\/air-pur\/#breadcrumb\",\"itemListElement\":[{\"@type\":\"ListItem\",\"position\":1,\"name\":\"Accueil\",\"item\":\"https:\/\/depaire.fr\/\"},{\"@type\":\"ListItem\",\"position\":2,\"name\":\"Products\",\"item\":\"https:\/\/depaire.fr\/en\/shop\/\"},{\"@type\":\"ListItem\",\"position\":3,\"name\":\"Air Pur\"}]},{\"@type\":\"WebSite\",\"@id\":\"https:\/\/depaire.fr\/#website\",\"url\":\"https:\/\/depaire.fr\/\",\"name\":\"Silvia Depaire\",\"description\":\"Artiste peintre\",\"publisher\":{\"@id\":\"https:\/\/depaire.fr\/#organization\"},\"potentialAction\":[{\"@type\":\"SearchAction\",\"target\":{\"@type\":\"EntryPoint\",\"urlTemplate\":\"https:\/\/depaire.fr\/?s={search_term_string}\"},\"query-input\":\"required name=search_term_string\"}],\"inLanguage\":\"es\"},{\"@type\":\"Organization\",\"@id\":\"https:\/\/depaire.fr\/#organization\",\"name\":\"Silvia Depaire\",\"url\":\"https:\/\/depaire.fr\/\",\"logo\":{\"@type\":\"ImageObject\",\"inLanguage\":\"es\",\"@id\":\"https:\/\/depaire.fr\/#\/schema\/logo\/image\/\",\"url\":\"https:\/\/depaire.fr\/wp-content\/uploads\/2021\/01\/silvia-depaire-logo.png\",\"contentUrl\":\"https:\/\/depaire.fr\/wp-content\/uploads\/2021\/01\/silvia-depaire-logo.png\",\"width\":250,\"height\":60,\"caption\":\"Silvia Depaire\"},\"image\":{\"@id\":\"https:\/\/depaire.fr\/#\/schema\/logo\/image\/\"},\"sameAs\":[\"https:\/\/www.instagram.com\/silviadepaire\/\"]}]}<\/script>\n<!-- \/ Yoast SEO plugin. -->","yoast_head_json":{"title":"Air Pur - Silvia Depaire","robots":{"index":"index","follow":"follow","max-snippet":"max-snippet:-1","max-image-preview":"max-image-preview:large","max-video-preview":"max-video-preview:-1"},"canonical":"https:\/\/depaire.fr\/es\/collections\/air-pur\/","og_locale":"es_ES","og_type":"article","og_title":"Air Pur - Silvia Depaire","og_description":"Une collection aux lignes \u00e9pur\u00e9es dans l\u2019esprit des plus belles pi\u00e8ces de la joaillerie fran\u00e7aise et internationale, associant techniques d\u2019avant-garde et traditionnelles.","og_url":"https:\/\/depaire.fr\/es\/collections\/air-pur\/","og_site_name":"Silvia Depaire","article_modified_time":"2021-04-23T13:46:58+00:00","og_image":[{"width":1200,"height":867,"url":"https:\/\/depaire.fr\/wp-content\/uploads\/2021\/02\/192-air-pur.jpg","type":"image\/jpeg"}],"twitter_card":"summary_large_image","twitter_misc":{"Tiempo de lectura":"1 minuto"},"schema":{"@context":"https:\/\/schema.org","@graph":[{"@type":"WebPage","@id":"https:\/\/depaire.fr\/collections\/air-pur\/","url":"https:\/\/depaire.fr\/collections\/air-pur\/","name":"Air Pur - Silvia Depaire","isPartOf":{"@id":"https:\/\/depaire.fr\/#website"},"datePublished":"2021-02-03T15:25:30+00:00","dateModified":"2021-04-23T13:46:58+00:00","breadcrumb":{"@id":"https:\/\/depaire.fr\/collections\/air-pur\/#breadcrumb"},"inLanguage":"es","potentialAction":[{"@type":"ReadAction","target":["https:\/\/depaire.fr\/collections\/air-pur\/"]}]},{"@type":"BreadcrumbList","@id":"https:\/\/depaire.fr\/collections\/air-pur\/#breadcrumb","itemListElement":[{"@type":"ListItem","position":1,"name":"Accueil","item":"https:\/\/depaire.fr\/"},{"@type":"ListItem","position":2,"name":"Products","item":"https:\/\/depaire.fr\/en\/shop\/"},{"@type":"ListItem","position":3,"name":"Air Pur"}]},{"@type":"WebSite","@id":"https:\/\/depaire.fr\/#website","url":"https:\/\/depaire.fr\/","name":"Silvia Depaire","description":"Artiste peintre","publisher":{"@id":"https:\/\/depaire.fr\/#organization"},"potentialAction":[{"@type":"SearchAction","target":{"@type":"EntryPoint","urlTemplate":"https:\/\/depaire.fr\/?s={search_term_string}"},"query-input":"required name=search_term_string"}],"inLanguage":"es"},{"@type":"Organization","@id":"https:\/\/depaire.fr\/#organization","name":"Silvia Depaire","url":"https:\/\/depaire.fr\/","logo":{"@type":"ImageObject","inLanguage":"es","@id":"https:\/\/depaire.fr\/#\/schema\/logo\/image\/","url":"https:\/\/depaire.fr\/wp-content\/uploads\/2021\/01\/silvia-depaire-logo.png","contentUrl":"https:\/\/depaire.fr\/wp-content\/uploads\/2021\/01\/silvia-depaire-logo.png","width":250,"height":60,"caption":"Silvia Depaire"},"image":{"@id":"https:\/\/depaire.fr\/#\/schema\/logo\/image\/"},"sameAs":["https:\/\/www.instagram.com\/silviadepaire\/"]}]}},"_links":{"self":[{"href":"https:\/\/depaire.fr\/es\/wp-json\/wp\/v2\/product\/5516"}],"collection":[{"href":"https:\/\/depaire.fr\/es\/wp-json\/wp\/v2\/product"}],"about":[{"href":"https:\/\/depaire.fr\/es\/wp-json\/wp\/v2\/types\/product"}],"author":[{"embeddable":true,"href":"https:\/\/depaire.fr\/es\/wp-json\/wp\/v2\/users\/4"}],"wp:featuredmedia":[{"embeddable":true,"href":"https:\/\/depaire.fr\/es\/wp-json\/wp\/v2\/media\/5488"}],"wp:attachment":[{"href":"https:\/\/depaire.fr\/es\/wp-json\/wp\/v2\/media?parent=5516"}],"wp:term":[{"taxonomy":"product_cat","embeddable":true,"href":"https:\/\/depaire.fr\/es\/wp-json\/wp\/v2\/product_cat?post=5516"},{"taxonomy":"product_tag","embeddable":true,"href":"https:\/\/depaire.fr\/es\/wp-json\/wp\/v2\/product_tag?post=5516"}],"curies":[{"name":"wp","href":"https:\/\/api.w.org\/{rel}","templated":true}]}}