{"id":5055,"date":"2021-01-20T12:04:17","date_gmt":"2021-01-20T11:04:17","guid":{"rendered":"http:\/\/silvia-depaire.local\/?page_id=5055"},"modified":"2021-01-27T09:46:20","modified_gmt":"2021-01-27T08:46:20","slug":"livraisons-et-retours","status":"publish","type":"page","link":"https:\/\/depaire.fr\/es\/livraisons-et-retours\/","title":{"rendered":"Env\u00edos y devoluciones"},"content":{"rendered":"<div data-elementor-type=\"wp-page\" data-elementor-id=\"5055\" class=\"elementor elementor-5055\">\n\t\t\t\t\t\t<div class=\"elementor-inner\">\n\t\t\t\t<div class=\"elementor-section-wrap\">\n\t\t\t\t\t\t\t\t\t<section class=\"elementor-section elementor-top-section elementor-element elementor-element-71c30db qodef-elementor-content-grid elementor-section-boxed elementor-section-height-default elementor-section-height-default qodef-elementor-back-to-top-dark\" data-id=\"71c30db\" data-element_type=\"section\">\n\t\t\t\t\t\t<div class=\"elementor-container elementor-column-gap-default\">\n\t\t\t\t\t\t\t<div class=\"elementor-row\">\n\t\t\t\t\t<div class=\"elementor-column elementor-col-100 elementor-top-column elementor-element elementor-element-4bf3fd7\" data-id=\"4bf3fd7\" data-element_type=\"column\">\n\t\t\t<div class=\"elementor-column-wrap elementor-element-populated\">\n\t\t\t\t\t\t\t<div class=\"elementor-widget-wrap\">\n\t\t\t\t\t\t<div class=\"elementor-element elementor-element-78440ee elementor-widget elementor-widget-lucent_core_accordion\" data-id=\"78440ee\" data-element_type=\"widget\" data-widget_type=\"lucent_core_accordion.default\">\n\t\t\t\t<div class=\"elementor-widget-container\">\n\t\t\t<div class=\"qodef-shortcode qodef-m  qodef-accordion clear qodef-behavior--accordion qodef-layout--simple\">\n\t<h5 class=\"qodef-accordion-title\">\n\t<span class=\"qodef-tab-title\">\n\t\t\u00bfSe aceptan devoluciones?\t<\/span>\n\t<span class=\"qodef-accordion-mark\">\n\t\t<span class=\"qodef-icon--plus\">\n\t\t\t<svg xmlns=\"http:\/\/www.w3.org\/2000\/svg\" xmlns:xlink=\"http:\/\/www.w3.org\/1999\/xlink\" width=\"14\" height=\"14\" viewbox=\"0 0 14 14\">\n\t\t\t\t<image width=\"14\" height=\"14\" xlink:href=\"data:img\/png;base64,iVBORw0KGgoAAAANSUhEUgAAAA4AAAAOCAYAAAAfSC3RAAAAe0lEQVQokb3QsQmAQAyF4d\/DFVzIwRzCxlEsHeIWECyvtLNRDiJouESx8MGrko9AMFIBo7SylnTy4gDs0uENvqJN+oivKAKLNHpYowaYpY2FSyjnhFi4KyANNe4CsAIT0ALJeVySnUmMGX3xluBJL\/\/D2pnl732CvTkBDlw+LYBLacUZAAAAAElFTkSuQmCC\"\/>\n\t\t\t<\/svg>\n\t\t<\/span>\n\t\t<span class=\"qodef-icon--minus\">\n\t\t\t<svg xmlns=\"http:\/\/www.w3.org\/2000\/svg\" xmlns:xlink=\"http:\/\/www.w3.org\/1999\/xlink\" width=\"14\" height=\"14\" viewbox=\"0 0 14 14\">\n\t\t\t\t<image width=\"14\" height=\"14\" xlink:href=\"data:img\/png;base64,iVBORw0KGgoAAAANSUhEUgAAAA4AAAAOCAYAAAAfSC3RAAAAe0lEQVQokb3QsQmAQAyF4d\/DFVzIwRzCxlEsHeIWECyvtLNRDiJouESx8MGrko9AMFIBo7SylnTy4gDs0uENvqJN+oivKAKLNHpYowaYpY2FSyjnhFi4KyANNe4CsAIT0ALJeVySnUmMGX3xluBJL\/\/D2pnl732CvTkBDlw+LYBLacUZAAAAAElFTkSuQmCC\"\/>\n\t\t\t<\/svg>\n\t\t<\/span>\n\t<\/span>\n<\/h5>\n<div class=\"qodef-accordion-content\">\n\t<div class=\"qodef-accordion-content-inner\">\n\t\t<p class=\"p1\">S\u00ed, se aceptan devoluciones:<\/p>\n\n<ul class=\"ul1\">\n \t<li class=\"li1\">En los 7 d\u00edas siguientes a la recepci\u00f3n del pedido<\/li>\n \t<li class=\"li1\">En caso de no conformidad del producto, previa presentaci\u00f3n de pruebas fotogr\u00e1ficas<\/li>\n \t<li class=\"li1\">En su embalaje original<\/li>\n \t<li class=\"li1\">Los gastos de devoluci\u00f3n corren a cargo del cliente.<\/li>\n<\/ul>\n<p class=\"p1\">La solicitud de devoluci\u00f3n debe hacerse por correo electr\u00f3nico a <a href=\"mailto:silviadepaire@yahoo.fr\">silviadepaire@yahoo.fr<\/a>.<\/p>\t<\/div>\n<\/div>\n<h5 class=\"qodef-accordion-title\">\n\t<span class=\"qodef-tab-title\">\n\t\t\u00bfCu\u00e1les son las zonas de env\u00edos?\t<\/span>\n\t<span class=\"qodef-accordion-mark\">\n\t\t<span class=\"qodef-icon--plus\">\n\t\t\t<svg xmlns=\"http:\/\/www.w3.org\/2000\/svg\" xmlns:xlink=\"http:\/\/www.w3.org\/1999\/xlink\" width=\"14\" height=\"14\" viewbox=\"0 0 14 14\">\n\t\t\t\t<image width=\"14\" height=\"14\" xlink:href=\"data:img\/png;base64,iVBORw0KGgoAAAANSUhEUgAAAA4AAAAOCAYAAAAfSC3RAAAAe0lEQVQokb3QsQmAQAyF4d\/DFVzIwRzCxlEsHeIWECyvtLNRDiJouESx8MGrko9AMFIBo7SylnTy4gDs0uENvqJN+oivKAKLNHpYowaYpY2FSyjnhFi4KyANNe4CsAIT0ALJeVySnUmMGX3xluBJL\/\/D2pnl732CvTkBDlw+LYBLacUZAAAAAElFTkSuQmCC\"\/>\n\t\t\t<\/svg>\n\t\t<\/span>\n\t\t<span class=\"qodef-icon--minus\">\n\t\t\t<svg xmlns=\"http:\/\/www.w3.org\/2000\/svg\" xmlns:xlink=\"http:\/\/www.w3.org\/1999\/xlink\" width=\"14\" height=\"14\" viewbox=\"0 0 14 14\">\n\t\t\t\t<image width=\"14\" height=\"14\" xlink:href=\"data:img\/png;base64,iVBORw0KGgoAAAANSUhEUgAAAA4AAAAOCAYAAAAfSC3RAAAAe0lEQVQokb3QsQmAQAyF4d\/DFVzIwRzCxlEsHeIWECyvtLNRDiJouESx8MGrko9AMFIBo7SylnTy4gDs0uENvqJN+oivKAKLNHpYowaYpY2FSyjnhFi4KyANNe4CsAIT0ALJeVySnUmMGX3xluBJL\/\/D2pnl732CvTkBDlw+LYBLacUZAAAAAElFTkSuQmCC\"\/>\n\t\t\t<\/svg>\n\t\t<\/span>\n\t<\/span>\n<\/h5>\n<div class=\"qodef-accordion-content\">\n\t<div class=\"qodef-accordion-content-inner\">\n\t\t<p>Los env\u00edos se realizan en Francia y Europa. Para cualquier otro destino, p\u00f3ngase en contacto conmigo.<\/p>\t<\/div>\n<\/div>\n<h5 class=\"qodef-accordion-title\">\n\t<span class=\"qodef-tab-title\">\n\t\t\u00bfA cu\u00e1nto ascienden los gastos de env\u00edo?\t<\/span>\n\t<span class=\"qodef-accordion-mark\">\n\t\t<span class=\"qodef-icon--plus\">\n\t\t\t<svg xmlns=\"http:\/\/www.w3.org\/2000\/svg\" xmlns:xlink=\"http:\/\/www.w3.org\/1999\/xlink\" width=\"14\" height=\"14\" viewbox=\"0 0 14 14\">\n\t\t\t\t<image width=\"14\" height=\"14\" xlink:href=\"data:img\/png;base64,iVBORw0KGgoAAAANSUhEUgAAAA4AAAAOCAYAAAAfSC3RAAAAe0lEQVQokb3QsQmAQAyF4d\/DFVzIwRzCxlEsHeIWECyvtLNRDiJouESx8MGrko9AMFIBo7SylnTy4gDs0uENvqJN+oivKAKLNHpYowaYpY2FSyjnhFi4KyANNe4CsAIT0ALJeVySnUmMGX3xluBJL\/\/D2pnl732CvTkBDlw+LYBLacUZAAAAAElFTkSuQmCC\"\/>\n\t\t\t<\/svg>\n\t\t<\/span>\n\t\t<span class=\"qodef-icon--minus\">\n\t\t\t<svg xmlns=\"http:\/\/www.w3.org\/2000\/svg\" xmlns:xlink=\"http:\/\/www.w3.org\/1999\/xlink\" width=\"14\" height=\"14\" viewbox=\"0 0 14 14\">\n\t\t\t\t<image width=\"14\" height=\"14\" xlink:href=\"data:img\/png;base64,iVBORw0KGgoAAAANSUhEUgAAAA4AAAAOCAYAAAAfSC3RAAAAe0lEQVQokb3QsQmAQAyF4d\/DFVzIwRzCxlEsHeIWECyvtLNRDiJouESx8MGrko9AMFIBo7SylnTy4gDs0uENvqJN+oivKAKLNHpYowaYpY2FSyjnhFi4KyANNe4CsAIT0ALJeVySnUmMGX3xluBJL\/\/D2pnl732CvTkBDlw+LYBLacUZAAAAAElFTkSuQmCC\"\/>\n\t\t\t<\/svg>\n\t\t<\/span>\n\t<\/span>\n<\/h5>\n<div class=\"qodef-accordion-content\">\n\t<div class=\"qodef-accordion-content-inner\">\n\t\t<p>Los gastos de env\u00edo var\u00edan seg\u00fan la zona geogr\u00e1fica y el peso del paquete. Los gastos de env\u00edo se indican claramente al hacer el pedido.<\/p>\t<\/div>\n<\/div>\n<h5 class=\"qodef-accordion-title\">\n\t<span class=\"qodef-tab-title\">\n\t\t\u00bfCu\u00e1les son los plazos de entrega?\t<\/span>\n\t<span class=\"qodef-accordion-mark\">\n\t\t<span class=\"qodef-icon--plus\">\n\t\t\t<svg xmlns=\"http:\/\/www.w3.org\/2000\/svg\" xmlns:xlink=\"http:\/\/www.w3.org\/1999\/xlink\" width=\"14\" height=\"14\" viewbox=\"0 0 14 14\">\n\t\t\t\t<image width=\"14\" height=\"14\" xlink:href=\"data:img\/png;base64,iVBORw0KGgoAAAANSUhEUgAAAA4AAAAOCAYAAAAfSC3RAAAAe0lEQVQokb3QsQmAQAyF4d\/DFVzIwRzCxlEsHeIWECyvtLNRDiJouESx8MGrko9AMFIBo7SylnTy4gDs0uENvqJN+oivKAKLNHpYowaYpY2FSyjnhFi4KyANNe4CsAIT0ALJeVySnUmMGX3xluBJL\/\/D2pnl732CvTkBDlw+LYBLacUZAAAAAElFTkSuQmCC\"\/>\n\t\t\t<\/svg>\n\t\t<\/span>\n\t\t<span class=\"qodef-icon--minus\">\n\t\t\t<svg xmlns=\"http:\/\/www.w3.org\/2000\/svg\" xmlns:xlink=\"http:\/\/www.w3.org\/1999\/xlink\" width=\"14\" height=\"14\" viewbox=\"0 0 14 14\">\n\t\t\t\t<image width=\"14\" height=\"14\" xlink:href=\"data:img\/png;base64,iVBORw0KGgoAAAANSUhEUgAAAA4AAAAOCAYAAAAfSC3RAAAAe0lEQVQokb3QsQmAQAyF4d\/DFVzIwRzCxlEsHeIWECyvtLNRDiJouESx8MGrko9AMFIBo7SylnTy4gDs0uENvqJN+oivKAKLNHpYowaYpY2FSyjnhFi4KyANNe4CsAIT0ALJeVySnUmMGX3xluBJL\/\/D2pnl732CvTkBDlw+LYBLacUZAAAAAElFTkSuQmCC\"\/>\n\t\t\t<\/svg>\n\t\t<\/span>\n\t<\/span>\n<\/h5>\n<div class=\"qodef-accordion-content\">\n\t<div class=\"qodef-accordion-content-inner\">\n\t\t<p>Los plazos de entrega var\u00edan en funci\u00f3n de la zona geogr\u00e1fica.<\/p><p>En Francia: 5 d\u00edas laborables<\/p><p>En Europa: de 8 a 10 d\u00edas seg\u00fan el destino<\/p>\t<\/div>\n<\/div>\n<\/div>\t\t<\/div>\n\t\t\t\t<\/div>\n\t\t\t\t<div class=\"elementor-element elementor-element-e8321a0 elementor-widget elementor-widget-text-editor\" data-id=\"e8321a0\" data-element_type=\"widget\" data-widget_type=\"text-editor.default\">\n\t\t\t\t<div class=\"elementor-widget-container\">\n\t\t\t\t\t\t\t\t<div class=\"elementor-text-editor elementor-clearfix\">\n\t\t\t\t<h1>Si sigue sin encontrar la respuesta a su pregunta, <a class=\"qodef-custom-underline\" href=\"https:\/\/depaire.fr\/es\/contact\/\"> p\u00f3ngase en contacto conmigo<\/a>.<\/h1>\t\t\t\t\t<\/div>\n\t\t\t\t\t\t<\/div>\n\t\t\t\t<\/div>\n\t\t\t\t\t\t<\/div>\n\t\t\t\t\t<\/div>\n\t\t<\/div>\n\t\t\t\t\t\t\t\t<\/div>\n\t\t\t\t\t<\/div>\n\t\t<\/section>\n\t\t\t\t\t\t\t\t\t<\/div>\n\t\t\t<\/div>\n\t\t\t\t\t<\/div>","protected":false},"excerpt":{"rendered":"<p>Les retours sont-ils accept\u00e9s ? Oui, les retours sont accept\u00e9s : Dans un d\u00e9lai de 7 jours apr\u00e8s r\u00e9ception de la commande En cas de non conformit\u00e9 du Produit, sur pr\u00e9sentation de preuves photographiques Dans son emballage d\u2019origine Les frais de retour restent \u00e0 la charge du Client La demande de retour est \u00e0 effectuer [&hellip;]<\/p>","protected":false},"author":1,"featured_media":0,"parent":0,"menu_order":0,"comment_status":"closed","ping_status":"closed","template":"","meta":[],"yoast_head":"<!-- This site is optimized with the Yoast SEO plugin v20.8 - https:\/\/yoast.com\/wordpress\/plugins\/seo\/ -->\n<title>Livraisons et retours - Silvia Depaire<\/title>\n<meta name=\"robots\" content=\"index, follow, max-snippet:-1, max-image-preview:large, max-video-preview:-1\" \/>\n<link rel=\"canonical\" href=\"https:\/\/depaire.fr\/es\/livraisons-et-retours\/\" \/>\n<meta property=\"og:locale\" content=\"es_ES\" \/>\n<meta property=\"og:type\" content=\"article\" \/>\n<meta property=\"og:title\" content=\"Livraisons et retours - Silvia Depaire\" \/>\n<meta property=\"og:description\" content=\"Les retours sont-ils accept\u00e9s ? Oui, les retours sont accept\u00e9s : Dans un d\u00e9lai de 7 jours apr\u00e8s r\u00e9ception de la commande En cas de non conformit\u00e9 du Produit, sur pr\u00e9sentation de preuves photographiques Dans son emballage d\u2019origine Les frais de retour restent \u00e0 la charge du Client La demande de retour est \u00e0 effectuer [&hellip;]\" \/>\n<meta property=\"og:url\" content=\"https:\/\/depaire.fr\/es\/livraisons-et-retours\/\" \/>\n<meta property=\"og:site_name\" content=\"Silvia Depaire\" \/>\n<meta property=\"article:modified_time\" content=\"2021-01-27T08:46:20+00:00\" \/>\n<meta name=\"twitter:card\" content=\"summary_large_image\" \/>\n<meta name=\"twitter:label1\" content=\"Tiempo de lectura\" \/>\n\t<meta name=\"twitter:data1\" content=\"1 minuto\" \/>\n<script type=\"application\/ld+json\" class=\"yoast-schema-graph\">{\"@context\":\"https:\/\/schema.org\",\"@graph\":[{\"@type\":\"WebPage\",\"@id\":\"https:\/\/depaire.fr\/livraisons-et-retours\/\",\"url\":\"https:\/\/depaire.fr\/livraisons-et-retours\/\",\"name\":\"Livraisons et retours - Silvia Depaire\",\"isPartOf\":{\"@id\":\"https:\/\/depaire.fr\/#website\"},\"datePublished\":\"2021-01-20T11:04:17+00:00\",\"dateModified\":\"2021-01-27T08:46:20+00:00\",\"breadcrumb\":{\"@id\":\"https:\/\/depaire.fr\/livraisons-et-retours\/#breadcrumb\"},\"inLanguage\":\"es\",\"potentialAction\":[{\"@type\":\"ReadAction\",\"target\":[\"https:\/\/depaire.fr\/livraisons-et-retours\/\"]}]},{\"@type\":\"BreadcrumbList\",\"@id\":\"https:\/\/depaire.fr\/livraisons-et-retours\/#breadcrumb\",\"itemListElement\":[{\"@type\":\"ListItem\",\"position\":1,\"name\":\"Accueil\",\"item\":\"https:\/\/depaire.fr\/\"},{\"@type\":\"ListItem\",\"position\":2,\"name\":\"Livraisons et retours\"}]},{\"@type\":\"WebSite\",\"@id\":\"https:\/\/depaire.fr\/#website\",\"url\":\"https:\/\/depaire.fr\/\",\"name\":\"Silvia Depaire\",\"description\":\"Artiste peintre\",\"publisher\":{\"@id\":\"https:\/\/depaire.fr\/#organization\"},\"potentialAction\":[{\"@type\":\"SearchAction\",\"target\":{\"@type\":\"EntryPoint\",\"urlTemplate\":\"https:\/\/depaire.fr\/?s={search_term_string}\"},\"query-input\":\"required name=search_term_string\"}],\"inLanguage\":\"es\"},{\"@type\":\"Organization\",\"@id\":\"https:\/\/depaire.fr\/#organization\",\"name\":\"Silvia Depaire\",\"url\":\"https:\/\/depaire.fr\/\",\"logo\":{\"@type\":\"ImageObject\",\"inLanguage\":\"es\",\"@id\":\"https:\/\/depaire.fr\/#\/schema\/logo\/image\/\",\"url\":\"https:\/\/depaire.fr\/wp-content\/uploads\/2021\/01\/silvia-depaire-logo.png\",\"contentUrl\":\"https:\/\/depaire.fr\/wp-content\/uploads\/2021\/01\/silvia-depaire-logo.png\",\"width\":250,\"height\":60,\"caption\":\"Silvia Depaire\"},\"image\":{\"@id\":\"https:\/\/depaire.fr\/#\/schema\/logo\/image\/\"},\"sameAs\":[\"https:\/\/www.instagram.com\/silviadepaire\/\"]}]}<\/script>\n<!-- \/ Yoast SEO plugin. -->","yoast_head_json":{"title":"Livraisons et retours - Silvia Depaire","robots":{"index":"index","follow":"follow","max-snippet":"max-snippet:-1","max-image-preview":"max-image-preview:large","max-video-preview":"max-video-preview:-1"},"canonical":"https:\/\/depaire.fr\/es\/livraisons-et-retours\/","og_locale":"es_ES","og_type":"article","og_title":"Livraisons et retours - Silvia Depaire","og_description":"Les retours sont-ils accept\u00e9s ? Oui, les retours sont accept\u00e9s : Dans un d\u00e9lai de 7 jours apr\u00e8s r\u00e9ception de la commande En cas de non conformit\u00e9 du Produit, sur pr\u00e9sentation de preuves photographiques Dans son emballage d\u2019origine Les frais de retour restent \u00e0 la charge du Client La demande de retour est \u00e0 effectuer [&hellip;]","og_url":"https:\/\/depaire.fr\/es\/livraisons-et-retours\/","og_site_name":"Silvia Depaire","article_modified_time":"2021-01-27T08:46:20+00:00","twitter_card":"summary_large_image","twitter_misc":{"Tiempo de lectura":"1 minuto"},"schema":{"@context":"https:\/\/schema.org","@graph":[{"@type":"WebPage","@id":"https:\/\/depaire.fr\/livraisons-et-retours\/","url":"https:\/\/depaire.fr\/livraisons-et-retours\/","name":"Livraisons et retours - Silvia Depaire","isPartOf":{"@id":"https:\/\/depaire.fr\/#website"},"datePublished":"2021-01-20T11:04:17+00:00","dateModified":"2021-01-27T08:46:20+00:00","breadcrumb":{"@id":"https:\/\/depaire.fr\/livraisons-et-retours\/#breadcrumb"},"inLanguage":"es","potentialAction":[{"@type":"ReadAction","target":["https:\/\/depaire.fr\/livraisons-et-retours\/"]}]},{"@type":"BreadcrumbList","@id":"https:\/\/depaire.fr\/livraisons-et-retours\/#breadcrumb","itemListElement":[{"@type":"ListItem","position":1,"name":"Accueil","item":"https:\/\/depaire.fr\/"},{"@type":"ListItem","position":2,"name":"Livraisons et retours"}]},{"@type":"WebSite","@id":"https:\/\/depaire.fr\/#website","url":"https:\/\/depaire.fr\/","name":"Silvia Depaire","description":"Artiste peintre","publisher":{"@id":"https:\/\/depaire.fr\/#organization"},"potentialAction":[{"@type":"SearchAction","target":{"@type":"EntryPoint","urlTemplate":"https:\/\/depaire.fr\/?s={search_term_string}"},"query-input":"required name=search_term_string"}],"inLanguage":"es"},{"@type":"Organization","@id":"https:\/\/depaire.fr\/#organization","name":"Silvia Depaire","url":"https:\/\/depaire.fr\/","logo":{"@type":"ImageObject","inLanguage":"es","@id":"https:\/\/depaire.fr\/#\/schema\/logo\/image\/","url":"https:\/\/depaire.fr\/wp-content\/uploads\/2021\/01\/silvia-depaire-logo.png","contentUrl":"https:\/\/depaire.fr\/wp-content\/uploads\/2021\/01\/silvia-depaire-logo.png","width":250,"height":60,"caption":"Silvia Depaire"},"image":{"@id":"https:\/\/depaire.fr\/#\/schema\/logo\/image\/"},"sameAs":["https:\/\/www.instagram.com\/silviadepaire\/"]}]}},"_links":{"self":[{"href":"https:\/\/depaire.fr\/es\/wp-json\/wp\/v2\/pages\/5055"}],"collection":[{"href":"https:\/\/depaire.fr\/es\/wp-json\/wp\/v2\/pages"}],"about":[{"href":"https:\/\/depaire.fr\/es\/wp-json\/wp\/v2\/types\/page"}],"author":[{"embeddable":true,"href":"https:\/\/depaire.fr\/es\/wp-json\/wp\/v2\/users\/1"}],"replies":[{"embeddable":true,"href":"https:\/\/depaire.fr\/es\/wp-json\/wp\/v2\/comments?post=5055"}],"version-history":[{"count":23,"href":"https:\/\/depaire.fr\/es\/wp-json\/wp\/v2\/pages\/5055\/revisions"}],"predecessor-version":[{"id":5369,"href":"https:\/\/depaire.fr\/es\/wp-json\/wp\/v2\/pages\/5055\/revisions\/5369"}],"wp:attachment":[{"href":"https:\/\/depaire.fr\/es\/wp-json\/wp\/v2\/media?parent=5055"}],"curies":[{"name":"wp","href":"https:\/\/api.w.org\/{rel}","templated":true}]}}