{"id":4859,"date":"2021-01-19T20:43:34","date_gmt":"2021-01-19T19:43:34","guid":{"rendered":"http:\/\/silvia-depaire.local\/?page_id=4859"},"modified":"2021-01-20T10:45:35","modified_gmt":"2021-01-20T09:45:35","slug":"mur-vegetal","status":"publish","type":"page","link":"https:\/\/depaire.fr\/es\/mur-vegetal\/","title":{"rendered":"Mur v\u00e9g\u00e9tal"},"content":{"rendered":"<div data-elementor-type=\"wp-page\" data-elementor-id=\"4859\" class=\"elementor elementor-4859\">\n\t\t\t\t\t\t<div class=\"elementor-inner\">\n\t\t\t\t<div class=\"elementor-section-wrap\">\n\t\t\t\t\t\t\t\t\t<section class=\"elementor-section elementor-top-section elementor-element elementor-element-a7173ea elementor-section-full_width qodef-elementor-content-grid elementor-section-height-default elementor-section-height-default qodef-elementor-back-to-top-dark\" data-id=\"a7173ea\" data-element_type=\"section\">\n\t\t\t\t\t\t<div class=\"elementor-container elementor-column-gap-default\">\n\t\t\t\t\t\t\t<div class=\"elementor-row\">\n\t\t\t\t\t<div class=\"elementor-column elementor-col-100 elementor-top-column elementor-element elementor-element-bcce3ef\" data-id=\"bcce3ef\" data-element_type=\"column\">\n\t\t\t<div class=\"elementor-column-wrap elementor-element-populated\">\n\t\t\t\t\t\t\t<div class=\"elementor-widget-wrap\">\n\t\t\t\t\t\t<div class=\"elementor-element elementor-element-b9bc334 elementor-widget elementor-widget-lucent_core_section_title\" data-id=\"b9bc334\" data-element_type=\"widget\" data-widget_type=\"lucent_core_section_title.default\">\n\t\t\t\t<div class=\"elementor-widget-container\">\n\t\t\t<div class=\"qodef-shortcode qodef-m  qodef-section-title qodef-alignment--center\">\n\t\t<h1 class=\"qodef-m-title\" >\n\t\t\t\t\tColecci\u00f3n Mur v\u00e9g\u00e9tal\t\t\t<\/h1>\n\t\t<p class=\"qodef-m-text\" >Brillo, sombra, niebla, tierra, savia, LA VIDA. Mi atenci\u00f3n se centra especialmente en el grafismo de las hojas, su particular y fascinante identidad.<\/p>\n<\/div>\t\t<\/div>\n\t\t\t\t<\/div>\n\t\t\t\t<div class=\"elementor-element elementor-element-e37c8e7 elementor-widget elementor-widget-lucent_core_button\" data-id=\"e37c8e7\" data-element_type=\"widget\" data-widget_type=\"lucent_core_button.default\">\n\t\t\t\t<div class=\"elementor-widget-container\">\n\t\t\t<a class=\"qodef-shortcode qodef-m  qodef-button qodef-layout--textual-with-arrow qodef-size--full qodef-html--link\" href=\"https:\/\/depaire.fr\/es\/collections\/\" target=\"_self\"  >\n\t<span class=\"qodef-m-text\">\n        Volver a las colecciones    <\/span>\n<\/a>\t\t<\/div>\n\t\t\t\t<\/div>\n\t\t\t\t\t\t<\/div>\n\t\t\t\t\t<\/div>\n\t\t<\/div>\n\t\t\t\t\t\t\t\t<\/div>\n\t\t\t\t\t<\/div>\n\t\t<\/section>\n\t\t\t\t<section class=\"elementor-section elementor-top-section elementor-element elementor-element-9961e5c elementor-section-full_width elementor-reverse-tablet elementor-reverse-mobile elementor-section-height-default elementor-section-height-default qodef-elementor-content-no qodef-elementor-back-to-top-dark\" data-id=\"9961e5c\" data-element_type=\"section\">\n\t\t\t\t\t\t<div class=\"elementor-container elementor-column-gap-default\">\n\t\t\t\t\t\t\t<div class=\"elementor-row\">\n\t\t\t\t\t<div class=\"elementor-column elementor-col-100 elementor-top-column elementor-element elementor-element-2fba625 qodef-custom-padding\" data-id=\"2fba625\" data-element_type=\"column\">\n\t\t\t<div class=\"elementor-column-wrap elementor-element-populated\">\n\t\t\t\t\t\t\t<div class=\"elementor-widget-wrap\">\n\t\t\t\t\t\t<div class=\"elementor-element elementor-element-8f60fe7 elementor-widget elementor-widget-lucent_core_product_list\" data-id=\"8f60fe7\" data-element_type=\"widget\" data-widget_type=\"lucent_core_product_list.default\">\n\t\t\t\t<div class=\"elementor-widget-container\">\n\t\t\t<div class=\"qodef-shortcode qodef-m  qodef-woo-shortcode qodef-woo-product-list qodef-item-layout--info-below qodef-content-align--center qodef-grid qodef-layout--columns  qodef-gutter--normal qodef-col-num--2 qodef-item-layout--info-below qodef--no-bottom-space qodef-pagination--off qodef-responsive--custom qodef-col-num--1440--2 qodef-col-num--1366--2 qodef-col-num--1024--2 qodef-col-num--768--2 qodef-col-num--680--1 qodef-col-num--480--1\" data-options=\"{&quot;plugin&quot;:&quot;lucent_core&quot;,&quot;module&quot;:&quot;plugins\\\/woocommerce\\\/shortcodes&quot;,&quot;shortcode&quot;:&quot;product-list&quot;,&quot;post_type&quot;:&quot;product&quot;,&quot;next_page&quot;:&quot;2&quot;,&quot;max_pages_num&quot;:0,&quot;behavior&quot;:&quot;columns&quot;,&quot;images_proportion&quot;:&quot;full&quot;,&quot;columns&quot;:&quot;2&quot;,&quot;columns_responsive&quot;:&quot;custom&quot;,&quot;columns_1440&quot;:&quot;2&quot;,&quot;columns_1366&quot;:&quot;2&quot;,&quot;columns_1024&quot;:&quot;2&quot;,&quot;columns_768&quot;:&quot;2&quot;,&quot;columns_680&quot;:&quot;1&quot;,&quot;columns_480&quot;:&quot;1&quot;,&quot;space&quot;:&quot;normal&quot;,&quot;orderby&quot;:&quot;date&quot;,&quot;order&quot;:&quot;ASC&quot;,&quot;additional_params&quot;:&quot;tax&quot;,&quot;tax&quot;:&quot;product_cat&quot;,&quot;tax_slug&quot;:&quot;Mur v\\u00e9g\\u00e9tal&quot;,&quot;layout&quot;:&quot;info-below&quot;,&quot;title_tag&quot;:&quot;h5&quot;,&quot;content_align&quot;:&quot;center&quot;,&quot;show_category&quot;:&quot;no&quot;,&quot;pagination_type&quot;:&quot;no-pagination&quot;,&quot;object_class_name&quot;:&quot;LucentCoreProductListShortcode&quot;,&quot;taxonomy_filter&quot;:&quot;product_cat&quot;,&quot;additional_query_args&quot;:{&quot;tax_query&quot;:[{&quot;taxonomy&quot;:&quot;product_cat&quot;,&quot;field&quot;:&quot;slug&quot;,&quot;terms&quot;:&quot;Mur v\\u00e9g\\u00e9tal&quot;}]},&quot;space_value&quot;:15}\">\n\t\t<div class=\"qodef-grid-inner clear\">\n\t\t<div class=\"qodef-e qodef-grid-item qodef-item--full qodef-layout--wide-gallery product type-product post-4948 status-publish first onbackorder product_cat-mur-vegetal has-post-thumbnail sold-individually shipping-taxable purchasable product-type-simple\">\n    <div class=\"qodef-woo-product-inner\">\n\t\t            <div class=\"qodef-woo-product-image\">\n\t\t\t\t\t\t\t\t<img width=\"1200\" height=\"867\" src=\"https:\/\/depaire.fr\/wp-content\/uploads\/2021\/01\/mur-vegetal-501.jpg\" class=\"attachment-full size-full wp-post-image\" alt=\"Mur v\u00e9g\u00e9tal\" decoding=\"async\" srcset=\"https:\/\/depaire.fr\/wp-content\/uploads\/2021\/01\/mur-vegetal-501.jpg 1200w, https:\/\/depaire.fr\/wp-content\/uploads\/2021\/01\/mur-vegetal-501-400x289.jpg 400w, https:\/\/depaire.fr\/wp-content\/uploads\/2021\/01\/mur-vegetal-501-300x217.jpg 300w, https:\/\/depaire.fr\/wp-content\/uploads\/2021\/01\/mur-vegetal-501-1024x740.jpg 1024w, https:\/\/depaire.fr\/wp-content\/uploads\/2021\/01\/mur-vegetal-501-768x555.jpg 768w, https:\/\/depaire.fr\/wp-content\/uploads\/2021\/01\/mur-vegetal-501-600x434.jpg 600w\" sizes=\"(max-width: 1200px) 100vw, 1200px\" \/>                <div class=\"qodef-woo-product-image-inner\">\n\t\t\t\t\t<a href=\"https:\/\/depaire.fr\/es\/contact\/\"  class=\"button\">Precio a consultar<\/a>                <\/div>\n            <\/div>\n\t\t        <div class=\"qodef-woo-product-content\">\n\t\t\t\t\t\t<h5 itemprop=\"name\" class=\"qodef-woo-product-title entry-title\" >\n\t<a itemprop=\"url\" class=\"qodef-woo-product-title-link\" href=\"https:\/\/depaire.fr\/es\/collections\/mur-vegetal\/\">\n\t\tMur v\u00e9g\u00e9tal\t<\/a>\n<\/h5>\t\t\t\t\t<div class=\"qodef-woo-product-price price\"><span class=\"qodef-price-text\">Price:<\/span><\/div>\n\t\t\t\t        <\/div>\n\t\t<a href=\"https:\/\/depaire.fr\/es\/collections\/mur-vegetal\/\" class=\"woocommerce-LoopProduct-link woocommerce-loop-product__link\"><\/a>    <\/div>\n<\/div>\n\t<\/div>\n\t<\/div>\t\t<\/div>\n\t\t\t\t<\/div>\n\t\t\t\t\t\t<\/div>\n\t\t\t\t\t<\/div>\n\t\t<\/div>\n\t\t\t\t\t\t\t\t<\/div>\n\t\t\t\t\t<\/div>\n\t\t<\/section>\n\t\t\t\t\t\t\t\t\t<\/div>\n\t\t\t<\/div>\n\t\t\t\t\t<\/div>","protected":false},"excerpt":{"rendered":"<p>Collection Mur v\u00e9g\u00e9tal La luminosit\u00e9, l\u2019ombre, la brume, la terre, la s\u00e8ve, LA VIE. Mon attention se porte particuli\u00e8rement sur le graphisme des feuilles, leur identit\u00e9 particuli\u00e8re et fascinante. Retour aux collections Ajouter au panier Mur v\u00e9g\u00e9tal Price:3450,00&nbsp;&euro;<\/p>","protected":false},"author":1,"featured_media":0,"parent":0,"menu_order":0,"comment_status":"closed","ping_status":"closed","template":"page-full-width.php","meta":[],"yoast_head":"<!-- This site is optimized with the Yoast SEO plugin v20.8 - https:\/\/yoast.com\/wordpress\/plugins\/seo\/ -->\n<title>Mur v\u00e9g\u00e9tal - Silvia Depaire<\/title>\n<meta name=\"robots\" content=\"index, follow, max-snippet:-1, max-image-preview:large, max-video-preview:-1\" \/>\n<link rel=\"canonical\" href=\"https:\/\/depaire.fr\/es\/mur-vegetal\/\" \/>\n<meta property=\"og:locale\" content=\"es_ES\" \/>\n<meta property=\"og:type\" content=\"article\" \/>\n<meta property=\"og:title\" content=\"Mur v\u00e9g\u00e9tal - Silvia Depaire\" \/>\n<meta property=\"og:description\" content=\"Collection Mur v\u00e9g\u00e9tal La luminosit\u00e9, l\u2019ombre, la brume, la terre, la s\u00e8ve, LA VIE. Mon attention se porte particuli\u00e8rement sur le graphisme des feuilles, leur identit\u00e9 particuli\u00e8re et fascinante. Retour aux collections Ajouter au panier Mur v\u00e9g\u00e9tal Price:3450,00&nbsp;&euro;\" \/>\n<meta property=\"og:url\" content=\"https:\/\/depaire.fr\/es\/mur-vegetal\/\" \/>\n<meta property=\"og:site_name\" content=\"Silvia Depaire\" \/>\n<meta property=\"article:modified_time\" content=\"2021-01-20T09:45:35+00:00\" \/>\n<meta property=\"og:image\" content=\"http:\/\/depaire.fr\/wp-content\/uploads\/2021\/01\/mur-vegetal-1200.jpg\" \/>\n<meta name=\"twitter:card\" content=\"summary_large_image\" \/>\n<script type=\"application\/ld+json\" class=\"yoast-schema-graph\">{\"@context\":\"https:\/\/schema.org\",\"@graph\":[{\"@type\":\"WebPage\",\"@id\":\"https:\/\/depaire.fr\/mur-vegetal\/\",\"url\":\"https:\/\/depaire.fr\/mur-vegetal\/\",\"name\":\"Mur v\u00e9g\u00e9tal - Silvia Depaire\",\"isPartOf\":{\"@id\":\"https:\/\/depaire.fr\/#website\"},\"datePublished\":\"2021-01-19T19:43:34+00:00\",\"dateModified\":\"2021-01-20T09:45:35+00:00\",\"breadcrumb\":{\"@id\":\"https:\/\/depaire.fr\/mur-vegetal\/#breadcrumb\"},\"inLanguage\":\"es\",\"potentialAction\":[{\"@type\":\"ReadAction\",\"target\":[\"https:\/\/depaire.fr\/mur-vegetal\/\"]}]},{\"@type\":\"BreadcrumbList\",\"@id\":\"https:\/\/depaire.fr\/mur-vegetal\/#breadcrumb\",\"itemListElement\":[{\"@type\":\"ListItem\",\"position\":1,\"name\":\"Accueil\",\"item\":\"https:\/\/depaire.fr\/\"},{\"@type\":\"ListItem\",\"position\":2,\"name\":\"Mur v\u00e9g\u00e9tal\"}]},{\"@type\":\"WebSite\",\"@id\":\"https:\/\/depaire.fr\/#website\",\"url\":\"https:\/\/depaire.fr\/\",\"name\":\"Silvia Depaire\",\"description\":\"Artiste peintre\",\"publisher\":{\"@id\":\"https:\/\/depaire.fr\/#organization\"},\"potentialAction\":[{\"@type\":\"SearchAction\",\"target\":{\"@type\":\"EntryPoint\",\"urlTemplate\":\"https:\/\/depaire.fr\/?s={search_term_string}\"},\"query-input\":\"required name=search_term_string\"}],\"inLanguage\":\"es\"},{\"@type\":\"Organization\",\"@id\":\"https:\/\/depaire.fr\/#organization\",\"name\":\"Silvia Depaire\",\"url\":\"https:\/\/depaire.fr\/\",\"logo\":{\"@type\":\"ImageObject\",\"inLanguage\":\"es\",\"@id\":\"https:\/\/depaire.fr\/#\/schema\/logo\/image\/\",\"url\":\"https:\/\/depaire.fr\/wp-content\/uploads\/2021\/01\/silvia-depaire-logo.png\",\"contentUrl\":\"https:\/\/depaire.fr\/wp-content\/uploads\/2021\/01\/silvia-depaire-logo.png\",\"width\":250,\"height\":60,\"caption\":\"Silvia Depaire\"},\"image\":{\"@id\":\"https:\/\/depaire.fr\/#\/schema\/logo\/image\/\"},\"sameAs\":[\"https:\/\/www.instagram.com\/silviadepaire\/\"]}]}<\/script>\n<!-- \/ Yoast SEO plugin. -->","yoast_head_json":{"title":"Mur v\u00e9g\u00e9tal - Silvia Depaire","robots":{"index":"index","follow":"follow","max-snippet":"max-snippet:-1","max-image-preview":"max-image-preview:large","max-video-preview":"max-video-preview:-1"},"canonical":"https:\/\/depaire.fr\/es\/mur-vegetal\/","og_locale":"es_ES","og_type":"article","og_title":"Mur v\u00e9g\u00e9tal - Silvia Depaire","og_description":"Collection Mur v\u00e9g\u00e9tal La luminosit\u00e9, l\u2019ombre, la brume, la terre, la s\u00e8ve, LA VIE. Mon attention se porte particuli\u00e8rement sur le graphisme des feuilles, leur identit\u00e9 particuli\u00e8re et fascinante. Retour aux collections Ajouter au panier Mur v\u00e9g\u00e9tal Price:3450,00&nbsp;&euro;","og_url":"https:\/\/depaire.fr\/es\/mur-vegetal\/","og_site_name":"Silvia Depaire","article_modified_time":"2021-01-20T09:45:35+00:00","og_image":[{"url":"http:\/\/depaire.fr\/wp-content\/uploads\/2021\/01\/mur-vegetal-1200.jpg"}],"twitter_card":"summary_large_image","schema":{"@context":"https:\/\/schema.org","@graph":[{"@type":"WebPage","@id":"https:\/\/depaire.fr\/mur-vegetal\/","url":"https:\/\/depaire.fr\/mur-vegetal\/","name":"Mur v\u00e9g\u00e9tal - Silvia Depaire","isPartOf":{"@id":"https:\/\/depaire.fr\/#website"},"datePublished":"2021-01-19T19:43:34+00:00","dateModified":"2021-01-20T09:45:35+00:00","breadcrumb":{"@id":"https:\/\/depaire.fr\/mur-vegetal\/#breadcrumb"},"inLanguage":"es","potentialAction":[{"@type":"ReadAction","target":["https:\/\/depaire.fr\/mur-vegetal\/"]}]},{"@type":"BreadcrumbList","@id":"https:\/\/depaire.fr\/mur-vegetal\/#breadcrumb","itemListElement":[{"@type":"ListItem","position":1,"name":"Accueil","item":"https:\/\/depaire.fr\/"},{"@type":"ListItem","position":2,"name":"Mur v\u00e9g\u00e9tal"}]},{"@type":"WebSite","@id":"https:\/\/depaire.fr\/#website","url":"https:\/\/depaire.fr\/","name":"Silvia Depaire","description":"Artiste peintre","publisher":{"@id":"https:\/\/depaire.fr\/#organization"},"potentialAction":[{"@type":"SearchAction","target":{"@type":"EntryPoint","urlTemplate":"https:\/\/depaire.fr\/?s={search_term_string}"},"query-input":"required name=search_term_string"}],"inLanguage":"es"},{"@type":"Organization","@id":"https:\/\/depaire.fr\/#organization","name":"Silvia Depaire","url":"https:\/\/depaire.fr\/","logo":{"@type":"ImageObject","inLanguage":"es","@id":"https:\/\/depaire.fr\/#\/schema\/logo\/image\/","url":"https:\/\/depaire.fr\/wp-content\/uploads\/2021\/01\/silvia-depaire-logo.png","contentUrl":"https:\/\/depaire.fr\/wp-content\/uploads\/2021\/01\/silvia-depaire-logo.png","width":250,"height":60,"caption":"Silvia Depaire"},"image":{"@id":"https:\/\/depaire.fr\/#\/schema\/logo\/image\/"},"sameAs":["https:\/\/www.instagram.com\/silviadepaire\/"]}]}},"_links":{"self":[{"href":"https:\/\/depaire.fr\/es\/wp-json\/wp\/v2\/pages\/4859"}],"collection":[{"href":"https:\/\/depaire.fr\/es\/wp-json\/wp\/v2\/pages"}],"about":[{"href":"https:\/\/depaire.fr\/es\/wp-json\/wp\/v2\/types\/page"}],"author":[{"embeddable":true,"href":"https:\/\/depaire.fr\/es\/wp-json\/wp\/v2\/users\/1"}],"replies":[{"embeddable":true,"href":"https:\/\/depaire.fr\/es\/wp-json\/wp\/v2\/comments?post=4859"}],"version-history":[{"count":10,"href":"https:\/\/depaire.fr\/es\/wp-json\/wp\/v2\/pages\/4859\/revisions"}],"predecessor-version":[{"id":5011,"href":"https:\/\/depaire.fr\/es\/wp-json\/wp\/v2\/pages\/4859\/revisions\/5011"}],"wp:attachment":[{"href":"https:\/\/depaire.fr\/es\/wp-json\/wp\/v2\/media?parent=4859"}],"curies":[{"name":"wp","href":"https:\/\/api.w.org\/{rel}","templated":true}]}}