{"id":4768,"date":"2021-01-19T14:49:43","date_gmt":"2021-01-19T13:49:43","guid":{"rendered":"http:\/\/silvia-depaire.local\/?page_id=4768"},"modified":"2021-01-28T11:56:40","modified_gmt":"2021-01-28T10:56:40","slug":"partenariat","status":"publish","type":"page","link":"https:\/\/depaire.fr\/es\/partenariat\/","title":{"rendered":"Colaboraci\u00f3n"},"content":{"rendered":"<div data-elementor-type=\"wp-page\" data-elementor-id=\"4768\" class=\"elementor elementor-4768\">\n\t\t\t\t\t\t<div class=\"elementor-inner\">\n\t\t\t\t<div class=\"elementor-section-wrap\">\n\t\t\t\t\t\t\t\t\t<section class=\"elementor-section elementor-top-section elementor-element elementor-element-a7173ea elementor-section-full_width qodef-elementor-content-grid elementor-section-height-default elementor-section-height-default qodef-elementor-back-to-top-dark\" data-id=\"a7173ea\" data-element_type=\"section\">\n\t\t\t\t\t\t<div class=\"elementor-container elementor-column-gap-default\">\n\t\t\t\t\t\t\t<div class=\"elementor-row\">\n\t\t\t\t\t<div class=\"elementor-column elementor-col-100 elementor-top-column elementor-element elementor-element-bcce3ef\" data-id=\"bcce3ef\" data-element_type=\"column\">\n\t\t\t<div class=\"elementor-column-wrap elementor-element-populated\">\n\t\t\t\t\t\t\t<div class=\"elementor-widget-wrap\">\n\t\t\t\t\t\t<div class=\"elementor-element elementor-element-b9bc334 elementor-widget elementor-widget-lucent_core_section_title\" data-id=\"b9bc334\" data-element_type=\"widget\" data-widget_type=\"lucent_core_section_title.default\">\n\t\t\t\t<div class=\"elementor-widget-container\">\n\t\t\t<div class=\"qodef-shortcode qodef-m  qodef-section-title qodef-alignment--center\">\n\t\t<h1 class=\"qodef-m-title\" >\n\t\t\t\t\t2019 : Colaboraci\u00f3n Pixpano\t\t\t<\/h1>\n\t<\/div>\t\t<\/div>\n\t\t\t\t<\/div>\n\t\t\t\t\t\t<\/div>\n\t\t\t\t\t<\/div>\n\t\t<\/div>\n\t\t\t\t\t\t\t\t<\/div>\n\t\t\t\t\t<\/div>\n\t\t<\/section>\n\t\t\t\t<section class=\"elementor-section elementor-top-section elementor-element elementor-element-6fafc2b qodef-elementor-content-grid elementor-section-boxed elementor-section-height-default elementor-section-height-default qodef-elementor-back-to-top-dark\" data-id=\"6fafc2b\" data-element_type=\"section\">\n\t\t\t\t\t\t<div class=\"elementor-container elementor-column-gap-default\">\n\t\t\t\t\t\t\t<div class=\"elementor-row\">\n\t\t\t\t\t<div class=\"elementor-column elementor-col-50 elementor-top-column elementor-element elementor-element-3108b0a\" data-id=\"3108b0a\" data-element_type=\"column\">\n\t\t\t<div class=\"elementor-column-wrap elementor-element-populated\">\n\t\t\t\t\t\t\t<div class=\"elementor-widget-wrap\">\n\t\t\t\t\t\t<div class=\"elementor-element elementor-element-c7bdb89 elementor-widget elementor-widget-wp-widget-text\" data-id=\"c7bdb89\" data-element_type=\"widget\" data-widget_type=\"wp-widget-text.default\">\n\t\t\t\t<div class=\"elementor-widget-container\">\n\t\t\t\t\t\t<div class=\"textwidget\"><p>Silvia decide explorar materiales m\u00e1s audaces y vers\u00e1tiles. Este paso permite al artista, redescubrir sus obras en nuevos espacios y soportes.<\/p>\n<p>Una empresa francesa e innovadora se presenta como una evidencia, PIXPANO. Empresa l\u00edder en el mercado de la reproducci\u00f3n del \"policarbonato\", que es un vidrio sint\u00e9tico de aspecto brillante, resistente al agua y a las rayas.<\/p>\n<p>PIXPANO tambi\u00e9n utiliza otro material \u00ab composite aluminium \u00bb, de aspecto mate, caracterizado por su fineza y resistencia\nEs un soporte perfectamente r\u00edgido y resistente al fuego. Se adapta a todos los visuales especialmente a los efectos de \"trompe l'oeil\".<\/p>\n<p>Entonces las obras son digitalizadas y reproducidas a medida por un equipo de dise\u00f1adores gr\u00e1ficos en todos estos nuevos materiales.<\/p>\n<\/div>\n\t\t\t\t<\/div>\n\t\t\t\t<\/div>\n\t\t\t\t\t\t<\/div>\n\t\t\t\t\t<\/div>\n\t\t<\/div>\n\t\t\t\t<div class=\"elementor-column elementor-col-50 elementor-top-column elementor-element elementor-element-51014c5\" data-id=\"51014c5\" data-element_type=\"column\">\n\t\t\t<div class=\"elementor-column-wrap elementor-element-populated\">\n\t\t\t\t\t\t\t<div class=\"elementor-widget-wrap\">\n\t\t\t\t\t\t<div class=\"elementor-element elementor-element-0ca6b33 elementor-widget elementor-widget-image\" data-id=\"0ca6b33\" data-element_type=\"widget\" data-widget_type=\"image.default\">\n\t\t\t\t<div class=\"elementor-widget-container\">\n\t\t\t\t\t\t\t\t<div class=\"elementor-image\">\n\t\t\t\t\t\t\t\t\t\t\t\t<img decoding=\"async\" width=\"576\" height=\"503\" src=\"https:\/\/depaire.fr\/wp-content\/uploads\/2021\/01\/pixpano.jpg\" class=\"attachment-full size-full wp-image-4771\" alt=\"Pixpano\" srcset=\"https:\/\/depaire.fr\/wp-content\/uploads\/2021\/01\/pixpano.jpg 576w, https:\/\/depaire.fr\/wp-content\/uploads\/2021\/01\/pixpano-400x349.jpg 400w, https:\/\/depaire.fr\/wp-content\/uploads\/2021\/01\/pixpano-300x262.jpg 300w\" sizes=\"(max-width: 576px) 100vw, 576px\" \/>\t\t\t\t\t\t\t\t\t\t\t\t\t\t<\/div>\n\t\t\t\t\t\t<\/div>\n\t\t\t\t<\/div>\n\t\t\t\t\t\t<\/div>\n\t\t\t\t\t<\/div>\n\t\t<\/div>\n\t\t\t\t\t\t\t\t<\/div>\n\t\t\t\t\t<\/div>\n\t\t<\/section>\n\t\t\t\t<section class=\"elementor-section elementor-top-section elementor-element elementor-element-64913c6 elementor-section-full_width qodef-elementor-content-grid elementor-section-height-default elementor-section-height-default qodef-elementor-back-to-top-dark\" data-id=\"64913c6\" data-element_type=\"section\">\n\t\t\t\t\t\t<div class=\"elementor-container elementor-column-gap-default\">\n\t\t\t\t\t\t\t<div class=\"elementor-row\">\n\t\t\t\t\t<div class=\"elementor-column elementor-col-100 elementor-top-column elementor-element elementor-element-09d2c32\" data-id=\"09d2c32\" data-element_type=\"column\">\n\t\t\t<div class=\"elementor-column-wrap elementor-element-populated\">\n\t\t\t\t\t\t\t<div class=\"elementor-widget-wrap\">\n\t\t\t\t\t\t<div class=\"elementor-element elementor-element-6ce3920 elementor-widget elementor-widget-lucent_core_section_title\" data-id=\"6ce3920\" data-element_type=\"widget\" data-widget_type=\"lucent_core_section_title.default\">\n\t\t\t\t<div class=\"elementor-widget-container\">\n\t\t\t<div class=\"qodef-shortcode qodef-m  qodef-section-title qodef-alignment--center\">\n\t\t<h1 class=\"qodef-m-title\" >\n\t\t\t\t\tFabricado en Francia\t\t\t<\/h1>\n\t<\/div>\t\t<\/div>\n\t\t\t\t<\/div>\n\t\t\t\t<div class=\"elementor-element elementor-element-ffaccb9 elementor-widget elementor-widget-image\" data-id=\"ffaccb9\" data-element_type=\"widget\" data-widget_type=\"image.default\">\n\t\t\t\t<div class=\"elementor-widget-container\">\n\t\t\t\t\t\t\t\t<div class=\"elementor-image\">\n\t\t\t\t\t\t\t\t\t\t\t\t<img decoding=\"async\" width=\"206\" height=\"11\" src=\"https:\/\/depaire.fr\/wp-content\/uploads\/2021\/01\/fabrication-francaise.jpg\" class=\"attachment-large size-large wp-image-4775\" alt=\"Made in France\" \/>\t\t\t\t\t\t\t\t\t\t\t\t\t\t<\/div>\n\t\t\t\t\t\t<\/div>\n\t\t\t\t<\/div>\n\t\t\t\t<div class=\"elementor-element elementor-element-6a8dc19 elementor-widget elementor-widget-wp-widget-text\" data-id=\"6a8dc19\" data-element_type=\"widget\" data-widget_type=\"wp-widget-text.default\">\n\t\t\t\t<div class=\"elementor-widget-container\">\n\t\t\t\t\t\t<div class=\"textwidget\"><p style=\"text-align: center\">Este proceso permite acceder las obras de colecciones como Profondeurs Marines, Bois &amp; Porcelaine o Mur V\u00e9g\u00e9tal materializandolas en: salpicadero, puerta de ducha o otras ideas para vuestra decoraci\u00f3n interior o exterior\u00bb.<\/p>\n<\/div>\n\t\t\t\t<\/div>\n\t\t\t\t<\/div>\n\t\t\t\t\t\t<\/div>\n\t\t\t\t\t<\/div>\n\t\t<\/div>\n\t\t\t\t\t\t\t\t<\/div>\n\t\t\t\t\t<\/div>\n\t\t<\/section>\n\t\t\t\t<section class=\"elementor-section elementor-top-section elementor-element elementor-element-df0cbd6 elementor-section-full_width qodef-elementor-content-grid elementor-section-height-default elementor-section-height-default qodef-elementor-back-to-top-dark\" data-id=\"df0cbd6\" data-element_type=\"section\">\n\t\t\t\t\t\t<div class=\"elementor-container elementor-column-gap-default\">\n\t\t\t\t\t\t\t<div class=\"elementor-row\">\n\t\t\t\t\t<div class=\"elementor-column elementor-col-100 elementor-top-column elementor-element elementor-element-fd1c21f\" data-id=\"fd1c21f\" data-element_type=\"column\">\n\t\t\t<div class=\"elementor-column-wrap elementor-element-populated\">\n\t\t\t\t\t\t\t<div class=\"elementor-widget-wrap\">\n\t\t\t\t\t\t<div class=\"elementor-element elementor-element-521b01d elementor-widget elementor-widget-image\" data-id=\"521b01d\" data-element_type=\"widget\" data-widget_type=\"image.default\">\n\t\t\t\t<div class=\"elementor-widget-container\">\n\t\t\t\t\t\t\t\t<div class=\"elementor-image\">\n\t\t\t\t\t\t\t\t\t\t\t\t<img decoding=\"async\" width=\"1200\" height=\"459\" src=\"https:\/\/depaire.fr\/wp-content\/uploads\/2021\/01\/pixpano-silvia-depaire-1.jpg\" class=\"attachment-full size-full wp-image-4777\" alt=\"Pixpano - cuisine\" srcset=\"https:\/\/depaire.fr\/wp-content\/uploads\/2021\/01\/pixpano-silvia-depaire-1.jpg 1200w, https:\/\/depaire.fr\/wp-content\/uploads\/2021\/01\/pixpano-silvia-depaire-1-400x153.jpg 400w, https:\/\/depaire.fr\/wp-content\/uploads\/2021\/01\/pixpano-silvia-depaire-1-600x230.jpg 600w, https:\/\/depaire.fr\/wp-content\/uploads\/2021\/01\/pixpano-silvia-depaire-1-300x115.jpg 300w, https:\/\/depaire.fr\/wp-content\/uploads\/2021\/01\/pixpano-silvia-depaire-1-1024x392.jpg 1024w, https:\/\/depaire.fr\/wp-content\/uploads\/2021\/01\/pixpano-silvia-depaire-1-768x294.jpg 768w\" sizes=\"(max-width: 1200px) 100vw, 1200px\" \/>\t\t\t\t\t\t\t\t\t\t\t\t\t\t<\/div>\n\t\t\t\t\t\t<\/div>\n\t\t\t\t<\/div>\n\t\t\t\t<div class=\"elementor-element elementor-element-893bc92 elementor-widget elementor-widget-image\" data-id=\"893bc92\" data-element_type=\"widget\" data-widget_type=\"image.default\">\n\t\t\t\t<div class=\"elementor-widget-container\">\n\t\t\t\t\t\t\t\t<div class=\"elementor-image\">\n\t\t\t\t\t\t\t\t\t\t\t\t<img decoding=\"async\" width=\"1200\" height=\"677\" src=\"https:\/\/depaire.fr\/wp-content\/uploads\/2021\/01\/pixpano-silvia-depaire-2.jpg\" class=\"attachment-full size-full wp-image-4779\" alt=\"Pixpano - Salle de bain\" srcset=\"https:\/\/depaire.fr\/wp-content\/uploads\/2021\/01\/pixpano-silvia-depaire-2.jpg 1200w, https:\/\/depaire.fr\/wp-content\/uploads\/2021\/01\/pixpano-silvia-depaire-2-400x226.jpg 400w, https:\/\/depaire.fr\/wp-content\/uploads\/2021\/01\/pixpano-silvia-depaire-2-600x339.jpg 600w, https:\/\/depaire.fr\/wp-content\/uploads\/2021\/01\/pixpano-silvia-depaire-2-300x169.jpg 300w, https:\/\/depaire.fr\/wp-content\/uploads\/2021\/01\/pixpano-silvia-depaire-2-1024x578.jpg 1024w, https:\/\/depaire.fr\/wp-content\/uploads\/2021\/01\/pixpano-silvia-depaire-2-768x433.jpg 768w\" sizes=\"(max-width: 1200px) 100vw, 1200px\" \/>\t\t\t\t\t\t\t\t\t\t\t\t\t\t<\/div>\n\t\t\t\t\t\t<\/div>\n\t\t\t\t<\/div>\n\t\t\t\t<div class=\"elementor-element elementor-element-ec666be elementor-widget elementor-widget-image\" data-id=\"ec666be\" data-element_type=\"widget\" data-widget_type=\"image.default\">\n\t\t\t\t<div class=\"elementor-widget-container\">\n\t\t\t\t\t\t\t\t<div class=\"elementor-image\">\n\t\t\t\t\t\t\t\t\t\t\t\t<img decoding=\"async\" width=\"1200\" height=\"459\" src=\"https:\/\/depaire.fr\/wp-content\/uploads\/2021\/01\/pixpano-silvia-depaire-3.jpg\" class=\"attachment-full size-full wp-image-4778\" alt=\"Pixpano - cuisine\" srcset=\"https:\/\/depaire.fr\/wp-content\/uploads\/2021\/01\/pixpano-silvia-depaire-3.jpg 1200w, https:\/\/depaire.fr\/wp-content\/uploads\/2021\/01\/pixpano-silvia-depaire-3-400x153.jpg 400w, https:\/\/depaire.fr\/wp-content\/uploads\/2021\/01\/pixpano-silvia-depaire-3-600x230.jpg 600w, https:\/\/depaire.fr\/wp-content\/uploads\/2021\/01\/pixpano-silvia-depaire-3-300x115.jpg 300w, https:\/\/depaire.fr\/wp-content\/uploads\/2021\/01\/pixpano-silvia-depaire-3-1024x392.jpg 1024w, https:\/\/depaire.fr\/wp-content\/uploads\/2021\/01\/pixpano-silvia-depaire-3-768x294.jpg 768w\" sizes=\"(max-width: 1200px) 100vw, 1200px\" \/>\t\t\t\t\t\t\t\t\t\t\t\t\t\t<\/div>\n\t\t\t\t\t\t<\/div>\n\t\t\t\t<\/div>\n\t\t\t\t<div class=\"elementor-element elementor-element-6adeea8 elementor-widget elementor-widget-spacer\" data-id=\"6adeea8\" data-element_type=\"widget\" data-widget_type=\"spacer.default\">\n\t\t\t\t<div class=\"elementor-widget-container\">\n\t\t\t\t\t<div class=\"elementor-spacer\">\n\t\t\t<div class=\"elementor-spacer-inner\"><\/div>\n\t\t<\/div>\n\t\t\t\t<\/div>\n\t\t\t\t<\/div>\n\t\t\t\t<div class=\"elementor-element elementor-element-e12ef18 elementor-widget elementor-widget-wp-widget-text\" data-id=\"e12ef18\" data-element_type=\"widget\" data-widget_type=\"wp-widget-text.default\">\n\t\t\t\t<div class=\"elementor-widget-container\">\n\t\t\t\t\t\t<div class=\"textwidget\"><p style=\"text-align: center\"><span class=\"expositions\">En casa del Artista, Maison Atelier<\/span> \u2013 Cada vez que estoy en mi cocina me digo:<br \/>\n\"No es s\u00f3lo un salpicadero, es una invitaci\u00f3n a la evasi\u00f3n, al sue\u00f1o es simplemente, disfrutar el arte en la vida de todos los dias\".<\/p>\n<\/div>\n\t\t\t\t<\/div>\n\t\t\t\t<\/div>\n\t\t\t\t<div class=\"elementor-element elementor-element-db1e1a0 elementor-widget elementor-widget-lucent_core_video_button\" data-id=\"db1e1a0\" data-element_type=\"widget\" data-widget_type=\"lucent_core_video_button.default\">\n\t\t\t\t<div class=\"elementor-widget-container\">\n\t\t\t<div class=\"qodef-shortcode qodef-m  qodef-video-button qodef--has-img\">\n\t    <div class=\"qodef-m-image\">\n\t\t<img width=\"1855\" height=\"1008\" src=\"https:\/\/depaire.fr\/wp-content\/uploads\/2021\/01\/silvia-depaire-pixpano-cuisine.jpg\" class=\"attachment-full size-full\" alt=\"Pixpano - cuisine\" decoding=\"async\" srcset=\"https:\/\/depaire.fr\/wp-content\/uploads\/2021\/01\/silvia-depaire-pixpano-cuisine.jpg 1855w, https:\/\/depaire.fr\/wp-content\/uploads\/2021\/01\/silvia-depaire-pixpano-cuisine-400x217.jpg 400w, https:\/\/depaire.fr\/wp-content\/uploads\/2021\/01\/silvia-depaire-pixpano-cuisine-1200x652.jpg 1200w, https:\/\/depaire.fr\/wp-content\/uploads\/2021\/01\/silvia-depaire-pixpano-cuisine-300x163.jpg 300w, https:\/\/depaire.fr\/wp-content\/uploads\/2021\/01\/silvia-depaire-pixpano-cuisine-1024x556.jpg 1024w, https:\/\/depaire.fr\/wp-content\/uploads\/2021\/01\/silvia-depaire-pixpano-cuisine-768x417.jpg 768w, https:\/\/depaire.fr\/wp-content\/uploads\/2021\/01\/silvia-depaire-pixpano-cuisine-1536x835.jpg 1536w\" sizes=\"(max-width: 1855px) 100vw, 1855px\" \/>\t    <a itemprop=\"url\" class=\"qodef-m-play qodef-magnific-popup qodef-popup-item\"  href=\"https:\/\/depaire.fr\/wp-content\/uploads\/2021\/01\/silvia-depaire-pixpano-cuisine.mp4\" data-type=\"iframe\">\n\t\t<span class=\"qodef-m-play-inner\">\n\t\t\t<svg xmlns=\"http:\/\/www.w3.org\/2000\/svg\" width=\"27\" height=\"27\" viewbox=\"0 0 24 24\" stroke=\"currentColor\" stroke-width=\"2\" stroke-linecap=\"round\" stroke-linejoin=\"round\" class=\"feather feather-play\"><polygon points=\"5 3 19 12 5 21 5 3\"><\/polygon><\/svg>\n\t\t<\/span>\n\t    <\/a>\n    <\/div>\n    <\/div>\n\n\t\t<\/div>\n\t\t\t\t<\/div>\n\t\t\t\t\t\t<\/div>\n\t\t\t\t\t<\/div>\n\t\t<\/div>\n\t\t\t\t\t\t\t\t<\/div>\n\t\t\t\t\t<\/div>\n\t\t<\/section>\n\t\t\t\t<section class=\"elementor-section elementor-top-section elementor-element elementor-element-4e363f9 elementor-section-full_width qodef-elementor-content-grid elementor-section-height-default elementor-section-height-default qodef-elementor-back-to-top-dark\" data-id=\"4e363f9\" data-element_type=\"section\">\n\t\t\t\t\t\t<div class=\"elementor-container elementor-column-gap-default\">\n\t\t\t\t\t\t\t<div class=\"elementor-row\">\n\t\t\t\t\t<div class=\"elementor-column elementor-col-100 elementor-top-column elementor-element elementor-element-334c18a\" data-id=\"334c18a\" data-element_type=\"column\">\n\t\t\t<div class=\"elementor-column-wrap elementor-element-populated\">\n\t\t\t\t\t\t\t<div class=\"elementor-widget-wrap\">\n\t\t\t\t\t\t<div class=\"elementor-element elementor-element-12a658d elementor-widget elementor-widget-lucent_core_section_title\" data-id=\"12a658d\" data-element_type=\"widget\" data-widget_type=\"lucent_core_section_title.default\">\n\t\t\t\t<div class=\"elementor-widget-container\">\n\t\t\t<div class=\"qodef-shortcode qodef-m  qodef-section-title qodef-alignment--center\">\n\t\t<h1 class=\"qodef-m-title\" >\n\t\t\t\t\tPara personalizar sur projecto\t\t\t<\/h1>\n\t<\/div>\t\t<\/div>\n\t\t\t\t<\/div>\n\t\t\t\t<div class=\"elementor-element elementor-element-b4ae893 elementor-widget elementor-widget-wp-widget-text\" data-id=\"b4ae893\" data-element_type=\"widget\" data-widget_type=\"wp-widget-text.default\">\n\t\t\t\t<div class=\"elementor-widget-container\">\n\t\t\t\t\t\t<div class=\"textwidget\"><p style=\"text-align: center\">Contactar la empresa Pixpano <span class=\"expositions\">contact@pixpano.fr<\/span><br \/>\nTel\u00e9fono <span class=\"expositions\">09 88 99 48 84<\/span><\/p>\n<\/div>\n\t\t\t\t<\/div>\n\t\t\t\t<\/div>\n\t\t\t\t\t\t<\/div>\n\t\t\t\t\t<\/div>\n\t\t<\/div>\n\t\t\t\t\t\t\t\t<\/div>\n\t\t\t\t\t<\/div>\n\t\t<\/section>\n\t\t\t\t\t\t\t\t\t<\/div>\n\t\t\t<\/div>\n\t\t\t\t\t<\/div>","protected":false},"excerpt":{"rendered":"<p>2019 : Partenariat Pixpano Fabrication fran\u00e7aise Pour votre projet personnalis\u00e9<\/p>","protected":false},"author":1,"featured_media":0,"parent":0,"menu_order":0,"comment_status":"closed","ping_status":"closed","template":"page-full-width.php","meta":[],"yoast_head":"<!-- This site is optimized with the Yoast SEO plugin v20.8 - https:\/\/yoast.com\/wordpress\/plugins\/seo\/ -->\n<title>Partenariat - Silvia Depaire<\/title>\n<meta name=\"robots\" content=\"index, follow, max-snippet:-1, max-image-preview:large, max-video-preview:-1\" \/>\n<link rel=\"canonical\" href=\"https:\/\/depaire.fr\/es\/partenariat\/\" \/>\n<meta property=\"og:locale\" content=\"es_ES\" \/>\n<meta property=\"og:type\" content=\"article\" \/>\n<meta property=\"og:title\" content=\"Partenariat - Silvia Depaire\" \/>\n<meta property=\"og:description\" content=\"2019 : Partenariat Pixpano Fabrication fran\u00e7aise Pour votre projet personnalis\u00e9\" \/>\n<meta property=\"og:url\" content=\"https:\/\/depaire.fr\/es\/partenariat\/\" \/>\n<meta property=\"og:site_name\" content=\"Silvia Depaire\" \/>\n<meta property=\"article:modified_time\" content=\"2021-01-28T10:56:40+00:00\" \/>\n<meta property=\"og:image\" content=\"https:\/\/depaire.fr\/wp-content\/uploads\/2021\/01\/pixpano.jpg\" \/>\n<meta name=\"twitter:card\" content=\"summary_large_image\" \/>\n<meta name=\"twitter:label1\" content=\"Tiempo de lectura\" \/>\n\t<meta name=\"twitter:data1\" content=\"3 minutos\" \/>\n<script type=\"application\/ld+json\" class=\"yoast-schema-graph\">{\"@context\":\"https:\/\/schema.org\",\"@graph\":[{\"@type\":\"WebPage\",\"@id\":\"https:\/\/depaire.fr\/partenariat\/\",\"url\":\"https:\/\/depaire.fr\/partenariat\/\",\"name\":\"Partenariat - Silvia Depaire\",\"isPartOf\":{\"@id\":\"https:\/\/depaire.fr\/#website\"},\"datePublished\":\"2021-01-19T13:49:43+00:00\",\"dateModified\":\"2021-01-28T10:56:40+00:00\",\"breadcrumb\":{\"@id\":\"https:\/\/depaire.fr\/partenariat\/#breadcrumb\"},\"inLanguage\":\"es\",\"potentialAction\":[{\"@type\":\"ReadAction\",\"target\":[\"https:\/\/depaire.fr\/partenariat\/\"]}]},{\"@type\":\"BreadcrumbList\",\"@id\":\"https:\/\/depaire.fr\/partenariat\/#breadcrumb\",\"itemListElement\":[{\"@type\":\"ListItem\",\"position\":1,\"name\":\"Accueil\",\"item\":\"https:\/\/depaire.fr\/\"},{\"@type\":\"ListItem\",\"position\":2,\"name\":\"Partenariat\"}]},{\"@type\":\"WebSite\",\"@id\":\"https:\/\/depaire.fr\/#website\",\"url\":\"https:\/\/depaire.fr\/\",\"name\":\"Silvia Depaire\",\"description\":\"Artiste peintre\",\"publisher\":{\"@id\":\"https:\/\/depaire.fr\/#organization\"},\"potentialAction\":[{\"@type\":\"SearchAction\",\"target\":{\"@type\":\"EntryPoint\",\"urlTemplate\":\"https:\/\/depaire.fr\/?s={search_term_string}\"},\"query-input\":\"required name=search_term_string\"}],\"inLanguage\":\"es\"},{\"@type\":\"Organization\",\"@id\":\"https:\/\/depaire.fr\/#organization\",\"name\":\"Silvia Depaire\",\"url\":\"https:\/\/depaire.fr\/\",\"logo\":{\"@type\":\"ImageObject\",\"inLanguage\":\"es\",\"@id\":\"https:\/\/depaire.fr\/#\/schema\/logo\/image\/\",\"url\":\"https:\/\/depaire.fr\/wp-content\/uploads\/2021\/01\/silvia-depaire-logo.png\",\"contentUrl\":\"https:\/\/depaire.fr\/wp-content\/uploads\/2021\/01\/silvia-depaire-logo.png\",\"width\":250,\"height\":60,\"caption\":\"Silvia Depaire\"},\"image\":{\"@id\":\"https:\/\/depaire.fr\/#\/schema\/logo\/image\/\"},\"sameAs\":[\"https:\/\/www.instagram.com\/silviadepaire\/\"]}]}<\/script>\n<!-- \/ Yoast SEO plugin. -->","yoast_head_json":{"title":"Partenariat - Silvia Depaire","robots":{"index":"index","follow":"follow","max-snippet":"max-snippet:-1","max-image-preview":"max-image-preview:large","max-video-preview":"max-video-preview:-1"},"canonical":"https:\/\/depaire.fr\/es\/partenariat\/","og_locale":"es_ES","og_type":"article","og_title":"Partenariat - Silvia Depaire","og_description":"2019 : Partenariat Pixpano Fabrication fran\u00e7aise Pour votre projet personnalis\u00e9","og_url":"https:\/\/depaire.fr\/es\/partenariat\/","og_site_name":"Silvia Depaire","article_modified_time":"2021-01-28T10:56:40+00:00","og_image":[{"url":"https:\/\/depaire.fr\/wp-content\/uploads\/2021\/01\/pixpano.jpg"}],"twitter_card":"summary_large_image","twitter_misc":{"Tiempo de lectura":"3 minutos"},"schema":{"@context":"https:\/\/schema.org","@graph":[{"@type":"WebPage","@id":"https:\/\/depaire.fr\/partenariat\/","url":"https:\/\/depaire.fr\/partenariat\/","name":"Partenariat - Silvia Depaire","isPartOf":{"@id":"https:\/\/depaire.fr\/#website"},"datePublished":"2021-01-19T13:49:43+00:00","dateModified":"2021-01-28T10:56:40+00:00","breadcrumb":{"@id":"https:\/\/depaire.fr\/partenariat\/#breadcrumb"},"inLanguage":"es","potentialAction":[{"@type":"ReadAction","target":["https:\/\/depaire.fr\/partenariat\/"]}]},{"@type":"BreadcrumbList","@id":"https:\/\/depaire.fr\/partenariat\/#breadcrumb","itemListElement":[{"@type":"ListItem","position":1,"name":"Accueil","item":"https:\/\/depaire.fr\/"},{"@type":"ListItem","position":2,"name":"Partenariat"}]},{"@type":"WebSite","@id":"https:\/\/depaire.fr\/#website","url":"https:\/\/depaire.fr\/","name":"Silvia Depaire","description":"Artiste peintre","publisher":{"@id":"https:\/\/depaire.fr\/#organization"},"potentialAction":[{"@type":"SearchAction","target":{"@type":"EntryPoint","urlTemplate":"https:\/\/depaire.fr\/?s={search_term_string}"},"query-input":"required name=search_term_string"}],"inLanguage":"es"},{"@type":"Organization","@id":"https:\/\/depaire.fr\/#organization","name":"Silvia Depaire","url":"https:\/\/depaire.fr\/","logo":{"@type":"ImageObject","inLanguage":"es","@id":"https:\/\/depaire.fr\/#\/schema\/logo\/image\/","url":"https:\/\/depaire.fr\/wp-content\/uploads\/2021\/01\/silvia-depaire-logo.png","contentUrl":"https:\/\/depaire.fr\/wp-content\/uploads\/2021\/01\/silvia-depaire-logo.png","width":250,"height":60,"caption":"Silvia Depaire"},"image":{"@id":"https:\/\/depaire.fr\/#\/schema\/logo\/image\/"},"sameAs":["https:\/\/www.instagram.com\/silviadepaire\/"]}]}},"_links":{"self":[{"href":"https:\/\/depaire.fr\/es\/wp-json\/wp\/v2\/pages\/4768"}],"collection":[{"href":"https:\/\/depaire.fr\/es\/wp-json\/wp\/v2\/pages"}],"about":[{"href":"https:\/\/depaire.fr\/es\/wp-json\/wp\/v2\/types\/page"}],"author":[{"embeddable":true,"href":"https:\/\/depaire.fr\/es\/wp-json\/wp\/v2\/users\/1"}],"replies":[{"embeddable":true,"href":"https:\/\/depaire.fr\/es\/wp-json\/wp\/v2\/comments?post=4768"}],"version-history":[{"count":28,"href":"https:\/\/depaire.fr\/es\/wp-json\/wp\/v2\/pages\/4768\/revisions"}],"predecessor-version":[{"id":5426,"href":"https:\/\/depaire.fr\/es\/wp-json\/wp\/v2\/pages\/4768\/revisions\/5426"}],"wp:attachment":[{"href":"https:\/\/depaire.fr\/es\/wp-json\/wp\/v2\/media?parent=4768"}],"curies":[{"name":"wp","href":"https:\/\/api.w.org\/{rel}","templated":true}]}}