{"id":1299,"date":"2020-10-07T11:28:59","date_gmt":"2020-10-07T11:28:59","guid":{"rendered":"https:\/\/lucent.qodeinteractive.com\/?page_id=1299"},"modified":"2021-01-27T09:44:06","modified_gmt":"2021-01-27T08:44:06","slug":"faq","status":"publish","type":"page","link":"https:\/\/depaire.fr\/es\/faq\/","title":{"rendered":"Preguntas frecuentes"},"content":{"rendered":"<div data-elementor-type=\"wp-page\" data-elementor-id=\"1299\" class=\"elementor elementor-1299\">\n\t\t\t\t\t\t<div class=\"elementor-inner\">\n\t\t\t\t<div class=\"elementor-section-wrap\">\n\t\t\t\t\t\t\t\t\t<section class=\"elementor-section elementor-top-section elementor-element elementor-element-71c30db qodef-elementor-content-grid elementor-section-boxed elementor-section-height-default elementor-section-height-default qodef-elementor-back-to-top-dark\" data-id=\"71c30db\" data-element_type=\"section\">\n\t\t\t\t\t\t<div class=\"elementor-container elementor-column-gap-default\">\n\t\t\t\t\t\t\t<div class=\"elementor-row\">\n\t\t\t\t\t<div class=\"elementor-column elementor-col-100 elementor-top-column elementor-element elementor-element-4bf3fd7\" data-id=\"4bf3fd7\" data-element_type=\"column\">\n\t\t\t<div class=\"elementor-column-wrap elementor-element-populated\">\n\t\t\t\t\t\t\t<div class=\"elementor-widget-wrap\">\n\t\t\t\t\t\t<div class=\"elementor-element elementor-element-287d822 elementor-widget elementor-widget-lucent_core_section_title\" data-id=\"287d822\" data-element_type=\"widget\" data-widget_type=\"lucent_core_section_title.default\">\n\t\t\t\t<div class=\"elementor-widget-container\">\n\t\t\t<div class=\"qodef-shortcode qodef-m  qodef-section-title qodef-alignment--center\">\n\t\t<h1 class=\"qodef-m-title\" >\n\t\t\t\t\tPreguntas sobre<br \/> su cuenta de cliente.\t\t\t<\/h1>\n\t<\/div>\t\t<\/div>\n\t\t\t\t<\/div>\n\t\t\t\t<div class=\"elementor-element elementor-element-78440ee elementor-widget elementor-widget-lucent_core_accordion\" data-id=\"78440ee\" data-element_type=\"widget\" data-widget_type=\"lucent_core_accordion.default\">\n\t\t\t\t<div class=\"elementor-widget-container\">\n\t\t\t<div class=\"qodef-shortcode qodef-m  qodef-accordion clear qodef-behavior--accordion qodef-layout--simple\">\n\t<h5 class=\"qodef-accordion-title\">\n\t<span class=\"qodef-tab-title\">\n\t\t\u00bfPuedo hacer un pedido sin una cuenta de cliente?\t<\/span>\n\t<span class=\"qodef-accordion-mark\">\n\t\t<span class=\"qodef-icon--plus\">\n\t\t\t<svg xmlns=\"http:\/\/www.w3.org\/2000\/svg\" xmlns:xlink=\"http:\/\/www.w3.org\/1999\/xlink\" width=\"14\" height=\"14\" viewbox=\"0 0 14 14\">\n\t\t\t\t<image width=\"14\" height=\"14\" xlink:href=\"data:img\/png;base64,iVBORw0KGgoAAAANSUhEUgAAAA4AAAAOCAYAAAAfSC3RAAAAe0lEQVQokb3QsQmAQAyF4d\/DFVzIwRzCxlEsHeIWECyvtLNRDiJouESx8MGrko9AMFIBo7SylnTy4gDs0uENvqJN+oivKAKLNHpYowaYpY2FSyjnhFi4KyANNe4CsAIT0ALJeVySnUmMGX3xluBJL\/\/D2pnl732CvTkBDlw+LYBLacUZAAAAAElFTkSuQmCC\"\/>\n\t\t\t<\/svg>\n\t\t<\/span>\n\t\t<span class=\"qodef-icon--minus\">\n\t\t\t<svg xmlns=\"http:\/\/www.w3.org\/2000\/svg\" xmlns:xlink=\"http:\/\/www.w3.org\/1999\/xlink\" width=\"14\" height=\"14\" viewbox=\"0 0 14 14\">\n\t\t\t\t<image width=\"14\" height=\"14\" xlink:href=\"data:img\/png;base64,iVBORw0KGgoAAAANSUhEUgAAAA4AAAAOCAYAAAAfSC3RAAAAe0lEQVQokb3QsQmAQAyF4d\/DFVzIwRzCxlEsHeIWECyvtLNRDiJouESx8MGrko9AMFIBo7SylnTy4gDs0uENvqJN+oivKAKLNHpYowaYpY2FSyjnhFi4KyANNe4CsAIT0ALJeVySnUmMGX3xluBJL\/\/D2pnl732CvTkBDlw+LYBLacUZAAAAAElFTkSuQmCC\"\/>\n\t\t\t<\/svg>\n\t\t<\/span>\n\t<\/span>\n<\/h5>\n<div class=\"qodef-accordion-content\">\n\t<div class=\"qodef-accordion-content-inner\">\n\t\t<p>No, se requiere la creaci\u00f3n de una cuenta de cliente para realizar un pedido en el sitio. Tener una cuenta le permite gestionar sus pedidos desde su panel de control.<\/p>\t<\/div>\n<\/div>\n<h5 class=\"qodef-accordion-title\">\n\t<span class=\"qodef-tab-title\">\n\t\t\u00bfC\u00f3mo puedo crear una cuenta de cliente?\t<\/span>\n\t<span class=\"qodef-accordion-mark\">\n\t\t<span class=\"qodef-icon--plus\">\n\t\t\t<svg xmlns=\"http:\/\/www.w3.org\/2000\/svg\" xmlns:xlink=\"http:\/\/www.w3.org\/1999\/xlink\" width=\"14\" height=\"14\" viewbox=\"0 0 14 14\">\n\t\t\t\t<image width=\"14\" height=\"14\" xlink:href=\"data:img\/png;base64,iVBORw0KGgoAAAANSUhEUgAAAA4AAAAOCAYAAAAfSC3RAAAAe0lEQVQokb3QsQmAQAyF4d\/DFVzIwRzCxlEsHeIWECyvtLNRDiJouESx8MGrko9AMFIBo7SylnTy4gDs0uENvqJN+oivKAKLNHpYowaYpY2FSyjnhFi4KyANNe4CsAIT0ALJeVySnUmMGX3xluBJL\/\/D2pnl732CvTkBDlw+LYBLacUZAAAAAElFTkSuQmCC\"\/>\n\t\t\t<\/svg>\n\t\t<\/span>\n\t\t<span class=\"qodef-icon--minus\">\n\t\t\t<svg xmlns=\"http:\/\/www.w3.org\/2000\/svg\" xmlns:xlink=\"http:\/\/www.w3.org\/1999\/xlink\" width=\"14\" height=\"14\" viewbox=\"0 0 14 14\">\n\t\t\t\t<image width=\"14\" height=\"14\" xlink:href=\"data:img\/png;base64,iVBORw0KGgoAAAANSUhEUgAAAA4AAAAOCAYAAAAfSC3RAAAAe0lEQVQokb3QsQmAQAyF4d\/DFVzIwRzCxlEsHeIWECyvtLNRDiJouESx8MGrko9AMFIBo7SylnTy4gDs0uENvqJN+oivKAKLNHpYowaYpY2FSyjnhFi4KyANNe4CsAIT0ALJeVySnUmMGX3xluBJL\/\/D2pnl732CvTkBDlw+LYBLacUZAAAAAElFTkSuQmCC\"\/>\n\t\t\t<\/svg>\n\t\t<\/span>\n\t<\/span>\n<\/h5>\n<div class=\"qodef-accordion-content\">\n\t<div class=\"qodef-accordion-content-inner\">\n\t\t<p>Puede crear una cuenta de cliente en el momento de realizar su pedido o haciendo clic en \"mi cuenta &gt; crear una cuenta\", antes de realizar su pedido.<\/p>\t<\/div>\n<\/div>\n<h5 class=\"qodef-accordion-title\">\n\t<span class=\"qodef-tab-title\">\n\t\t\u00bfC\u00f3mo puedo cambiar la direcci\u00f3n de correo electr\u00f3nico de mi cuenta?\t<\/span>\n\t<span class=\"qodef-accordion-mark\">\n\t\t<span class=\"qodef-icon--plus\">\n\t\t\t<svg xmlns=\"http:\/\/www.w3.org\/2000\/svg\" xmlns:xlink=\"http:\/\/www.w3.org\/1999\/xlink\" width=\"14\" height=\"14\" viewbox=\"0 0 14 14\">\n\t\t\t\t<image width=\"14\" height=\"14\" xlink:href=\"data:img\/png;base64,iVBORw0KGgoAAAANSUhEUgAAAA4AAAAOCAYAAAAfSC3RAAAAe0lEQVQokb3QsQmAQAyF4d\/DFVzIwRzCxlEsHeIWECyvtLNRDiJouESx8MGrko9AMFIBo7SylnTy4gDs0uENvqJN+oivKAKLNHpYowaYpY2FSyjnhFi4KyANNe4CsAIT0ALJeVySnUmMGX3xluBJL\/\/D2pnl732CvTkBDlw+LYBLacUZAAAAAElFTkSuQmCC\"\/>\n\t\t\t<\/svg>\n\t\t<\/span>\n\t\t<span class=\"qodef-icon--minus\">\n\t\t\t<svg xmlns=\"http:\/\/www.w3.org\/2000\/svg\" xmlns:xlink=\"http:\/\/www.w3.org\/1999\/xlink\" width=\"14\" height=\"14\" viewbox=\"0 0 14 14\">\n\t\t\t\t<image width=\"14\" height=\"14\" xlink:href=\"data:img\/png;base64,iVBORw0KGgoAAAANSUhEUgAAAA4AAAAOCAYAAAAfSC3RAAAAe0lEQVQokb3QsQmAQAyF4d\/DFVzIwRzCxlEsHeIWECyvtLNRDiJouESx8MGrko9AMFIBo7SylnTy4gDs0uENvqJN+oivKAKLNHpYowaYpY2FSyjnhFi4KyANNe4CsAIT0ALJeVySnUmMGX3xluBJL\/\/D2pnl732CvTkBDlw+LYBLacUZAAAAAElFTkSuQmCC\"\/>\n\t\t\t<\/svg>\n\t\t<\/span>\n\t<\/span>\n<\/h5>\n<div class=\"qodef-accordion-content\">\n\t<div class=\"qodef-accordion-content-inner\">\n\t\t<p>Para cambiar la direcci\u00f3n de correo electr\u00f3nico de su cuenta de cliente, inicie sesi\u00f3n haciendo clic en \"mi cuenta\" y acceda al panel de su cuenta de usuario. A continuaci\u00f3n, seleccione \"Detalles de la cuenta\". A continuaci\u00f3n, podr\u00e1 cambiar su direcci\u00f3n de correo electr\u00f3nico.<\/p>\t<\/div>\n<\/div>\n<h5 class=\"qodef-accordion-title\">\n\t<span class=\"qodef-tab-title\">\n\t\t\u00bfC\u00f3mo puedo cambiar mis direcciones de entrega y facturaci\u00f3n?\t<\/span>\n\t<span class=\"qodef-accordion-mark\">\n\t\t<span class=\"qodef-icon--plus\">\n\t\t\t<svg xmlns=\"http:\/\/www.w3.org\/2000\/svg\" xmlns:xlink=\"http:\/\/www.w3.org\/1999\/xlink\" width=\"14\" height=\"14\" viewbox=\"0 0 14 14\">\n\t\t\t\t<image width=\"14\" height=\"14\" xlink:href=\"data:img\/png;base64,iVBORw0KGgoAAAANSUhEUgAAAA4AAAAOCAYAAAAfSC3RAAAAe0lEQVQokb3QsQmAQAyF4d\/DFVzIwRzCxlEsHeIWECyvtLNRDiJouESx8MGrko9AMFIBo7SylnTy4gDs0uENvqJN+oivKAKLNHpYowaYpY2FSyjnhFi4KyANNe4CsAIT0ALJeVySnUmMGX3xluBJL\/\/D2pnl732CvTkBDlw+LYBLacUZAAAAAElFTkSuQmCC\"\/>\n\t\t\t<\/svg>\n\t\t<\/span>\n\t\t<span class=\"qodef-icon--minus\">\n\t\t\t<svg xmlns=\"http:\/\/www.w3.org\/2000\/svg\" xmlns:xlink=\"http:\/\/www.w3.org\/1999\/xlink\" width=\"14\" height=\"14\" viewbox=\"0 0 14 14\">\n\t\t\t\t<image width=\"14\" height=\"14\" xlink:href=\"data:img\/png;base64,iVBORw0KGgoAAAANSUhEUgAAAA4AAAAOCAYAAAAfSC3RAAAAe0lEQVQokb3QsQmAQAyF4d\/DFVzIwRzCxlEsHeIWECyvtLNRDiJouESx8MGrko9AMFIBo7SylnTy4gDs0uENvqJN+oivKAKLNHpYowaYpY2FSyjnhFi4KyANNe4CsAIT0ALJeVySnUmMGX3xluBJL\/\/D2pnl732CvTkBDlw+LYBLacUZAAAAAElFTkSuQmCC\"\/>\n\t\t\t<\/svg>\n\t\t<\/span>\n\t<\/span>\n<\/h5>\n<div class=\"qodef-accordion-content\">\n\t<div class=\"qodef-accordion-content-inner\">\n\t\t<p>Puede cambiar sus direcciones de entrega y facturaci\u00f3n exactamente igual que su direcci\u00f3n de correo electr\u00f3nico. Inicie sesi\u00f3n en su cuenta de usuario y acceda a su panel de control. A continuaci\u00f3n, haga clic en \"Direcciones\".<\/p>\t<\/div>\n<\/div>\n<h5 class=\"qodef-accordion-title\">\n\t<span class=\"qodef-tab-title\">\n\t\tHe perdido mi contrase\u00f1a.\t<\/span>\n\t<span class=\"qodef-accordion-mark\">\n\t\t<span class=\"qodef-icon--plus\">\n\t\t\t<svg xmlns=\"http:\/\/www.w3.org\/2000\/svg\" xmlns:xlink=\"http:\/\/www.w3.org\/1999\/xlink\" width=\"14\" height=\"14\" viewbox=\"0 0 14 14\">\n\t\t\t\t<image width=\"14\" height=\"14\" xlink:href=\"data:img\/png;base64,iVBORw0KGgoAAAANSUhEUgAAAA4AAAAOCAYAAAAfSC3RAAAAe0lEQVQokb3QsQmAQAyF4d\/DFVzIwRzCxlEsHeIWECyvtLNRDiJouESx8MGrko9AMFIBo7SylnTy4gDs0uENvqJN+oivKAKLNHpYowaYpY2FSyjnhFi4KyANNe4CsAIT0ALJeVySnUmMGX3xluBJL\/\/D2pnl732CvTkBDlw+LYBLacUZAAAAAElFTkSuQmCC\"\/>\n\t\t\t<\/svg>\n\t\t<\/span>\n\t\t<span class=\"qodef-icon--minus\">\n\t\t\t<svg xmlns=\"http:\/\/www.w3.org\/2000\/svg\" xmlns:xlink=\"http:\/\/www.w3.org\/1999\/xlink\" width=\"14\" height=\"14\" viewbox=\"0 0 14 14\">\n\t\t\t\t<image width=\"14\" height=\"14\" xlink:href=\"data:img\/png;base64,iVBORw0KGgoAAAANSUhEUgAAAA4AAAAOCAYAAAAfSC3RAAAAe0lEQVQokb3QsQmAQAyF4d\/DFVzIwRzCxlEsHeIWECyvtLNRDiJouESx8MGrko9AMFIBo7SylnTy4gDs0uENvqJN+oivKAKLNHpYowaYpY2FSyjnhFi4KyANNe4CsAIT0ALJeVySnUmMGX3xluBJL\/\/D2pnl732CvTkBDlw+LYBLacUZAAAAAElFTkSuQmCC\"\/>\n\t\t\t<\/svg>\n\t\t<\/span>\n\t<\/span>\n<\/h5>\n<div class=\"qodef-accordion-content\">\n\t<div class=\"qodef-accordion-content-inner\">\n\t\t<p>Para restablecer su contrase\u00f1a, haga clic en \"Mi cuenta &gt; Contrase\u00f1a perdida\" y siga las instrucciones.<\/p>\t<\/div>\n<\/div>\n<\/div>\t\t<\/div>\n\t\t\t\t<\/div>\n\t\t\t\t<div class=\"elementor-element elementor-element-ca55202 elementor-widget elementor-widget-lucent_core_section_title\" data-id=\"ca55202\" data-element_type=\"widget\" data-widget_type=\"lucent_core_section_title.default\">\n\t\t\t\t<div class=\"elementor-widget-container\">\n\t\t\t<div class=\"qodef-shortcode qodef-m  qodef-section-title qodef-alignment--center\">\n\t\t<h1 class=\"qodef-m-title\" >\n\t\t\t\t\tPreguntas sobre<br \/> sus compras en l\u00ednea\t\t\t<\/h1>\n\t<\/div>\t\t<\/div>\n\t\t\t\t<\/div>\n\t\t\t\t<div class=\"elementor-element elementor-element-193e904 elementor-widget elementor-widget-lucent_core_accordion\" data-id=\"193e904\" data-element_type=\"widget\" data-widget_type=\"lucent_core_accordion.default\">\n\t\t\t\t<div class=\"elementor-widget-container\">\n\t\t\t<div class=\"qodef-shortcode qodef-m  qodef-accordion clear qodef-behavior--accordion qodef-layout--simple\">\n\t<h5 class=\"qodef-accordion-title\">\n\t<span class=\"qodef-tab-title\">\n\t\t\u00bfQu\u00e9 medios de pago se aceptan?\t<\/span>\n\t<span class=\"qodef-accordion-mark\">\n\t\t<span class=\"qodef-icon--plus\">\n\t\t\t<svg xmlns=\"http:\/\/www.w3.org\/2000\/svg\" xmlns:xlink=\"http:\/\/www.w3.org\/1999\/xlink\" width=\"14\" height=\"14\" viewbox=\"0 0 14 14\">\n\t\t\t\t<image width=\"14\" height=\"14\" xlink:href=\"data:img\/png;base64,iVBORw0KGgoAAAANSUhEUgAAAA4AAAAOCAYAAAAfSC3RAAAAe0lEQVQokb3QsQmAQAyF4d\/DFVzIwRzCxlEsHeIWECyvtLNRDiJouESx8MGrko9AMFIBo7SylnTy4gDs0uENvqJN+oivKAKLNHpYowaYpY2FSyjnhFi4KyANNe4CsAIT0ALJeVySnUmMGX3xluBJL\/\/D2pnl732CvTkBDlw+LYBLacUZAAAAAElFTkSuQmCC\"\/>\n\t\t\t<\/svg>\n\t\t<\/span>\n\t\t<span class=\"qodef-icon--minus\">\n\t\t\t<svg xmlns=\"http:\/\/www.w3.org\/2000\/svg\" xmlns:xlink=\"http:\/\/www.w3.org\/1999\/xlink\" width=\"14\" height=\"14\" viewbox=\"0 0 14 14\">\n\t\t\t\t<image width=\"14\" height=\"14\" xlink:href=\"data:img\/png;base64,iVBORw0KGgoAAAANSUhEUgAAAA4AAAAOCAYAAAAfSC3RAAAAe0lEQVQokb3QsQmAQAyF4d\/DFVzIwRzCxlEsHeIWECyvtLNRDiJouESx8MGrko9AMFIBo7SylnTy4gDs0uENvqJN+oivKAKLNHpYowaYpY2FSyjnhFi4KyANNe4CsAIT0ALJeVySnUmMGX3xluBJL\/\/D2pnl732CvTkBDlw+LYBLacUZAAAAAElFTkSuQmCC\"\/>\n\t\t\t<\/svg>\n\t\t<\/span>\n\t<\/span>\n<\/h5>\n<div class=\"qodef-accordion-content\">\n\t<div class=\"qodef-accordion-content-inner\">\n\t\t<p>S\u00f3lo aceptamos pagos con tarjeta de cr\u00e9dito, a trav\u00e9s del sistema de pago seguro Stripe. Todas las tarjetas de cr\u00e9dito utilizadas para el pago deben tener una direcci\u00f3n de facturaci\u00f3n v\u00e1lida.<\/p>\t<\/div>\n<\/div>\n<h5 class=\"qodef-accordion-title\">\n\t<span class=\"qodef-tab-title\">\n\t\t\u00bfSon seguros mis pagos?\t<\/span>\n\t<span class=\"qodef-accordion-mark\">\n\t\t<span class=\"qodef-icon--plus\">\n\t\t\t<svg xmlns=\"http:\/\/www.w3.org\/2000\/svg\" xmlns:xlink=\"http:\/\/www.w3.org\/1999\/xlink\" width=\"14\" height=\"14\" viewbox=\"0 0 14 14\">\n\t\t\t\t<image width=\"14\" height=\"14\" xlink:href=\"data:img\/png;base64,iVBORw0KGgoAAAANSUhEUgAAAA4AAAAOCAYAAAAfSC3RAAAAe0lEQVQokb3QsQmAQAyF4d\/DFVzIwRzCxlEsHeIWECyvtLNRDiJouESx8MGrko9AMFIBo7SylnTy4gDs0uENvqJN+oivKAKLNHpYowaYpY2FSyjnhFi4KyANNe4CsAIT0ALJeVySnUmMGX3xluBJL\/\/D2pnl732CvTkBDlw+LYBLacUZAAAAAElFTkSuQmCC\"\/>\n\t\t\t<\/svg>\n\t\t<\/span>\n\t\t<span class=\"qodef-icon--minus\">\n\t\t\t<svg xmlns=\"http:\/\/www.w3.org\/2000\/svg\" xmlns:xlink=\"http:\/\/www.w3.org\/1999\/xlink\" width=\"14\" height=\"14\" viewbox=\"0 0 14 14\">\n\t\t\t\t<image width=\"14\" height=\"14\" xlink:href=\"data:img\/png;base64,iVBORw0KGgoAAAANSUhEUgAAAA4AAAAOCAYAAAAfSC3RAAAAe0lEQVQokb3QsQmAQAyF4d\/DFVzIwRzCxlEsHeIWECyvtLNRDiJouESx8MGrko9AMFIBo7SylnTy4gDs0uENvqJN+oivKAKLNHpYowaYpY2FSyjnhFi4KyANNe4CsAIT0ALJeVySnUmMGX3xluBJL\/\/D2pnl732CvTkBDlw+LYBLacUZAAAAAElFTkSuQmCC\"\/>\n\t\t\t<\/svg>\n\t\t<\/span>\n\t<\/span>\n<\/h5>\n<div class=\"qodef-accordion-content\">\n\t<div class=\"qodef-accordion-content-inner\">\n\t\t<p>Todos los pedidos est\u00e1n codificados con la tecnolog\u00eda Secure Sockets Layer (SSL). SSL encripta toda su informaci\u00f3n personal, incluyendo el n\u00famero de la tarjeta de cr\u00e9dito, el nombre y la direcci\u00f3n, para que no pueda ser le\u00edda mientras viaja por Internet. Para que el SSL funcione, debe utilizar un navegador habilitado para SSL. Por su propia seguridad, no almacenamos ninguna informaci\u00f3n de pago. Los pagos se realizan a trav\u00e9s de Stripe, de modo que podemos garantizar que la informaci\u00f3n importante siga siendo confidencial y privada.<\/p>\t<\/div>\n<\/div>\n<h5 class=\"qodef-accordion-title\">\n\t<span class=\"qodef-tab-title\">\n\t\t\u00bfC\u00f3mo puedo seguir el estado de mi pedido?\t<\/span>\n\t<span class=\"qodef-accordion-mark\">\n\t\t<span class=\"qodef-icon--plus\">\n\t\t\t<svg xmlns=\"http:\/\/www.w3.org\/2000\/svg\" xmlns:xlink=\"http:\/\/www.w3.org\/1999\/xlink\" width=\"14\" height=\"14\" viewbox=\"0 0 14 14\">\n\t\t\t\t<image width=\"14\" height=\"14\" xlink:href=\"data:img\/png;base64,iVBORw0KGgoAAAANSUhEUgAAAA4AAAAOCAYAAAAfSC3RAAAAe0lEQVQokb3QsQmAQAyF4d\/DFVzIwRzCxlEsHeIWECyvtLNRDiJouESx8MGrko9AMFIBo7SylnTy4gDs0uENvqJN+oivKAKLNHpYowaYpY2FSyjnhFi4KyANNe4CsAIT0ALJeVySnUmMGX3xluBJL\/\/D2pnl732CvTkBDlw+LYBLacUZAAAAAElFTkSuQmCC\"\/>\n\t\t\t<\/svg>\n\t\t<\/span>\n\t\t<span class=\"qodef-icon--minus\">\n\t\t\t<svg xmlns=\"http:\/\/www.w3.org\/2000\/svg\" xmlns:xlink=\"http:\/\/www.w3.org\/1999\/xlink\" width=\"14\" height=\"14\" viewbox=\"0 0 14 14\">\n\t\t\t\t<image width=\"14\" height=\"14\" xlink:href=\"data:img\/png;base64,iVBORw0KGgoAAAANSUhEUgAAAA4AAAAOCAYAAAAfSC3RAAAAe0lEQVQokb3QsQmAQAyF4d\/DFVzIwRzCxlEsHeIWECyvtLNRDiJouESx8MGrko9AMFIBo7SylnTy4gDs0uENvqJN+oivKAKLNHpYowaYpY2FSyjnhFi4KyANNe4CsAIT0ALJeVySnUmMGX3xluBJL\/\/D2pnl732CvTkBDlw+LYBLacUZAAAAAElFTkSuQmCC\"\/>\n\t\t\t<\/svg>\n\t\t<\/span>\n\t<\/span>\n<\/h5>\n<div class=\"qodef-accordion-content\">\n\t<div class=\"qodef-accordion-content-inner\">\n\t\t<p>Puede gestionar sus pedidos, seguir su estado y acceder a su historial de compras desde su cuenta de cliente.<\/p><p>Sin embargo, para seguir la entrega de su paquete, dir\u00edjase al sitio web del proveedor de servicios de entrega con el n\u00famero de seguimiento del paquete que se le comunicar\u00e1 despu\u00e9s de su pedido.<\/p>\t<\/div>\n<\/div>\n<\/div>\t\t<\/div>\n\t\t\t\t<\/div>\n\t\t\t\t<div class=\"elementor-element elementor-element-e8321a0 elementor-widget elementor-widget-text-editor\" data-id=\"e8321a0\" data-element_type=\"widget\" data-widget_type=\"text-editor.default\">\n\t\t\t\t<div class=\"elementor-widget-container\">\n\t\t\t\t\t\t\t\t<div class=\"elementor-text-editor elementor-clearfix\">\n\t\t\t\t<h1>Si sigue sin encontrar la respuesta a su pregunta, <a class=\"qodef-custom-underline\" href=\"https:\/\/depaire.fr\/es\/contact\/\"> p\u00f3ngase en contacto conmigo<\/a>.<\/h1>\t\t\t\t\t<\/div>\n\t\t\t\t\t\t<\/div>\n\t\t\t\t<\/div>\n\t\t\t\t\t\t<\/div>\n\t\t\t\t\t<\/div>\n\t\t<\/div>\n\t\t\t\t\t\t\t\t<\/div>\n\t\t\t\t\t<\/div>\n\t\t<\/section>\n\t\t\t\t\t\t\t\t\t<\/div>\n\t\t\t<\/div>\n\t\t\t\t\t<\/div>","protected":false},"excerpt":{"rendered":"<p>Questions concernant votre compte client Puis-je commander sans compte client ? Non, la cr\u00e9ation d\u2019un compte client est requis pour pouvoir passer commande sur le site. Avoir un compte vous permet de g\u00e9rer vos commandes depuis votre tableau de bord. Comment cr\u00e9er un compte client ? Vous pouvez cr\u00e9er un compte client au moment de [&hellip;]<\/p>","protected":false},"author":1,"featured_media":0,"parent":0,"menu_order":0,"comment_status":"closed","ping_status":"closed","template":"","meta":[],"yoast_head":"<!-- This site is optimized with the Yoast SEO plugin v20.8 - https:\/\/yoast.com\/wordpress\/plugins\/seo\/ -->\n<title>FAQ - Silvia Depaire<\/title>\n<meta name=\"robots\" content=\"index, follow, max-snippet:-1, max-image-preview:large, max-video-preview:-1\" \/>\n<link rel=\"canonical\" href=\"https:\/\/depaire.fr\/es\/faq\/\" \/>\n<meta property=\"og:locale\" content=\"es_ES\" \/>\n<meta property=\"og:type\" content=\"article\" \/>\n<meta property=\"og:title\" content=\"FAQ - Silvia Depaire\" \/>\n<meta property=\"og:description\" content=\"Questions concernant votre compte client Puis-je commander sans compte client ? Non, la cr\u00e9ation d\u2019un compte client est requis pour pouvoir passer commande sur le site. Avoir un compte vous permet de g\u00e9rer vos commandes depuis votre tableau de bord. Comment cr\u00e9er un compte client ? Vous pouvez cr\u00e9er un compte client au moment de [&hellip;]\" \/>\n<meta property=\"og:url\" content=\"https:\/\/depaire.fr\/es\/faq\/\" \/>\n<meta property=\"og:site_name\" content=\"Silvia Depaire\" \/>\n<meta property=\"article:modified_time\" content=\"2021-01-27T08:44:06+00:00\" \/>\n<meta name=\"twitter:card\" content=\"summary_large_image\" \/>\n<meta name=\"twitter:label1\" content=\"Tiempo de lectura\" \/>\n\t<meta name=\"twitter:data1\" content=\"2 minutos\" \/>\n<script type=\"application\/ld+json\" class=\"yoast-schema-graph\">{\"@context\":\"https:\/\/schema.org\",\"@graph\":[{\"@type\":\"WebPage\",\"@id\":\"https:\/\/depaire.fr\/faq\/\",\"url\":\"https:\/\/depaire.fr\/faq\/\",\"name\":\"FAQ - Silvia Depaire\",\"isPartOf\":{\"@id\":\"https:\/\/depaire.fr\/#website\"},\"datePublished\":\"2020-10-07T11:28:59+00:00\",\"dateModified\":\"2021-01-27T08:44:06+00:00\",\"breadcrumb\":{\"@id\":\"https:\/\/depaire.fr\/faq\/#breadcrumb\"},\"inLanguage\":\"es\",\"potentialAction\":[{\"@type\":\"ReadAction\",\"target\":[\"https:\/\/depaire.fr\/faq\/\"]}]},{\"@type\":\"BreadcrumbList\",\"@id\":\"https:\/\/depaire.fr\/faq\/#breadcrumb\",\"itemListElement\":[{\"@type\":\"ListItem\",\"position\":1,\"name\":\"Accueil\",\"item\":\"https:\/\/depaire.fr\/\"},{\"@type\":\"ListItem\",\"position\":2,\"name\":\"FAQ\"}]},{\"@type\":\"WebSite\",\"@id\":\"https:\/\/depaire.fr\/#website\",\"url\":\"https:\/\/depaire.fr\/\",\"name\":\"Silvia Depaire\",\"description\":\"Artiste peintre\",\"publisher\":{\"@id\":\"https:\/\/depaire.fr\/#organization\"},\"potentialAction\":[{\"@type\":\"SearchAction\",\"target\":{\"@type\":\"EntryPoint\",\"urlTemplate\":\"https:\/\/depaire.fr\/?s={search_term_string}\"},\"query-input\":\"required name=search_term_string\"}],\"inLanguage\":\"es\"},{\"@type\":\"Organization\",\"@id\":\"https:\/\/depaire.fr\/#organization\",\"name\":\"Silvia Depaire\",\"url\":\"https:\/\/depaire.fr\/\",\"logo\":{\"@type\":\"ImageObject\",\"inLanguage\":\"es\",\"@id\":\"https:\/\/depaire.fr\/#\/schema\/logo\/image\/\",\"url\":\"https:\/\/depaire.fr\/wp-content\/uploads\/2021\/01\/silvia-depaire-logo.png\",\"contentUrl\":\"https:\/\/depaire.fr\/wp-content\/uploads\/2021\/01\/silvia-depaire-logo.png\",\"width\":250,\"height\":60,\"caption\":\"Silvia Depaire\"},\"image\":{\"@id\":\"https:\/\/depaire.fr\/#\/schema\/logo\/image\/\"},\"sameAs\":[\"https:\/\/www.instagram.com\/silviadepaire\/\"]}]}<\/script>\n<!-- \/ Yoast SEO plugin. -->","yoast_head_json":{"title":"FAQ - Silvia Depaire","robots":{"index":"index","follow":"follow","max-snippet":"max-snippet:-1","max-image-preview":"max-image-preview:large","max-video-preview":"max-video-preview:-1"},"canonical":"https:\/\/depaire.fr\/es\/faq\/","og_locale":"es_ES","og_type":"article","og_title":"FAQ - Silvia Depaire","og_description":"Questions concernant votre compte client Puis-je commander sans compte client ? Non, la cr\u00e9ation d\u2019un compte client est requis pour pouvoir passer commande sur le site. Avoir un compte vous permet de g\u00e9rer vos commandes depuis votre tableau de bord. Comment cr\u00e9er un compte client ? Vous pouvez cr\u00e9er un compte client au moment de [&hellip;]","og_url":"https:\/\/depaire.fr\/es\/faq\/","og_site_name":"Silvia Depaire","article_modified_time":"2021-01-27T08:44:06+00:00","twitter_card":"summary_large_image","twitter_misc":{"Tiempo de lectura":"2 minutos"},"schema":{"@context":"https:\/\/schema.org","@graph":[{"@type":"WebPage","@id":"https:\/\/depaire.fr\/faq\/","url":"https:\/\/depaire.fr\/faq\/","name":"FAQ - Silvia Depaire","isPartOf":{"@id":"https:\/\/depaire.fr\/#website"},"datePublished":"2020-10-07T11:28:59+00:00","dateModified":"2021-01-27T08:44:06+00:00","breadcrumb":{"@id":"https:\/\/depaire.fr\/faq\/#breadcrumb"},"inLanguage":"es","potentialAction":[{"@type":"ReadAction","target":["https:\/\/depaire.fr\/faq\/"]}]},{"@type":"BreadcrumbList","@id":"https:\/\/depaire.fr\/faq\/#breadcrumb","itemListElement":[{"@type":"ListItem","position":1,"name":"Accueil","item":"https:\/\/depaire.fr\/"},{"@type":"ListItem","position":2,"name":"FAQ"}]},{"@type":"WebSite","@id":"https:\/\/depaire.fr\/#website","url":"https:\/\/depaire.fr\/","name":"Silvia Depaire","description":"Artiste peintre","publisher":{"@id":"https:\/\/depaire.fr\/#organization"},"potentialAction":[{"@type":"SearchAction","target":{"@type":"EntryPoint","urlTemplate":"https:\/\/depaire.fr\/?s={search_term_string}"},"query-input":"required name=search_term_string"}],"inLanguage":"es"},{"@type":"Organization","@id":"https:\/\/depaire.fr\/#organization","name":"Silvia Depaire","url":"https:\/\/depaire.fr\/","logo":{"@type":"ImageObject","inLanguage":"es","@id":"https:\/\/depaire.fr\/#\/schema\/logo\/image\/","url":"https:\/\/depaire.fr\/wp-content\/uploads\/2021\/01\/silvia-depaire-logo.png","contentUrl":"https:\/\/depaire.fr\/wp-content\/uploads\/2021\/01\/silvia-depaire-logo.png","width":250,"height":60,"caption":"Silvia Depaire"},"image":{"@id":"https:\/\/depaire.fr\/#\/schema\/logo\/image\/"},"sameAs":["https:\/\/www.instagram.com\/silviadepaire\/"]}]}},"_links":{"self":[{"href":"https:\/\/depaire.fr\/es\/wp-json\/wp\/v2\/pages\/1299"}],"collection":[{"href":"https:\/\/depaire.fr\/es\/wp-json\/wp\/v2\/pages"}],"about":[{"href":"https:\/\/depaire.fr\/es\/wp-json\/wp\/v2\/types\/page"}],"author":[{"embeddable":true,"href":"https:\/\/depaire.fr\/es\/wp-json\/wp\/v2\/users\/1"}],"replies":[{"embeddable":true,"href":"https:\/\/depaire.fr\/es\/wp-json\/wp\/v2\/comments?post=1299"}],"version-history":[{"count":34,"href":"https:\/\/depaire.fr\/es\/wp-json\/wp\/v2\/pages\/1299\/revisions"}],"predecessor-version":[{"id":5366,"href":"https:\/\/depaire.fr\/es\/wp-json\/wp\/v2\/pages\/1299\/revisions\/5366"}],"wp:attachment":[{"href":"https:\/\/depaire.fr\/es\/wp-json\/wp\/v2\/media?parent=1299"}],"curies":[{"name":"wp","href":"https:\/\/api.w.org\/{rel}","templated":true}]}}