{"id":5541,"date":"2021-02-03T18:49:05","date_gmt":"2021-02-03T17:49:05","guid":{"rendered":"https:\/\/depaire.fr\/?post_type=product&#038;p=5541"},"modified":"2021-04-23T15:08:08","modified_gmt":"2021-04-23T13:08:08","slug":"vue-du-ciel","status":"publish","type":"product","link":"https:\/\/depaire.fr\/en\/collections\/vue-du-ciel\/","title":{"rendered":"Vue du ciel"},"content":{"rendered":"<p>I created this piece in my studio.<br \/>\nThe entire creation process is therefore \"made in France\" as are my suppliers.<br \/>\nI would be pleased to take care of shipping so for an exceptional gift or for a special occasion, feel free to contact me directly.<br \/>\nEvery step of my creative process is carried out with passion, love and care to detail.<\/p>","protected":false},"excerpt":{"rendered":"<p>Discovery and wonder are the key words of this collection. Deep Seas, terrestrial bark, lava flows or even Citrus fruits. Here the pigments evolve, and transform into sublime transparencies, seabed, microscopic worlds or constellations of celestial space.<\/p>","protected":false},"author":4,"featured_media":5494,"template":"","meta":[],"product_cat":[89],"product_tag":[],"yoast_head":"<!-- This site is optimized with the Yoast SEO plugin v20.8 - https:\/\/yoast.com\/wordpress\/plugins\/seo\/ -->\n<title>Vue du ciel - Silvia Depaire<\/title>\n<meta name=\"robots\" content=\"index, follow, max-snippet:-1, max-image-preview:large, max-video-preview:-1\" \/>\n<link rel=\"canonical\" href=\"https:\/\/depaire.fr\/en\/collections\/vue-du-ciel\/\" \/>\n<meta property=\"og:locale\" content=\"en_GB\" \/>\n<meta property=\"og:type\" content=\"article\" \/>\n<meta property=\"og:title\" content=\"Vue du ciel - Silvia Depaire\" \/>\n<meta property=\"og:description\" content=\"D\u00e9couverte et \u00e9merveillement sont les ma\u00eetres mots de cette collection. Des Profondeurs Marines, des \u00e9corces terrestres, des coul\u00e9es de Lave ou encore des Agrumes. Ici les pigments \u00e9voluent, et se transforment dans de sublimes transparences, fonds marins, mondes microscopiques ou constellations de l\u2019espace c\u00e9leste.\" \/>\n<meta property=\"og:url\" content=\"https:\/\/depaire.fr\/en\/collections\/vue-du-ciel\/\" \/>\n<meta property=\"og:site_name\" content=\"Silvia Depaire\" \/>\n<meta property=\"article:modified_time\" content=\"2021-04-23T13:08:08+00:00\" \/>\n<meta property=\"og:image\" content=\"https:\/\/depaire.fr\/wp-content\/uploads\/2021\/02\/231-prof-marines.jpg\" \/>\n\t<meta property=\"og:image:width\" content=\"1200\" \/>\n\t<meta property=\"og:image:height\" content=\"867\" \/>\n\t<meta property=\"og:image:type\" content=\"image\/jpeg\" \/>\n<meta name=\"twitter:card\" content=\"summary_large_image\" \/>\n<meta name=\"twitter:label1\" content=\"Estimated reading time\" \/>\n\t<meta name=\"twitter:data1\" content=\"1 minute\" \/>\n<script type=\"application\/ld+json\" class=\"yoast-schema-graph\">{\"@context\":\"https:\/\/schema.org\",\"@graph\":[{\"@type\":\"WebPage\",\"@id\":\"https:\/\/depaire.fr\/collections\/vue-du-ciel\/\",\"url\":\"https:\/\/depaire.fr\/collections\/vue-du-ciel\/\",\"name\":\"Vue du ciel - Silvia Depaire\",\"isPartOf\":{\"@id\":\"https:\/\/depaire.fr\/#website\"},\"datePublished\":\"2021-02-03T17:49:05+00:00\",\"dateModified\":\"2021-04-23T13:08:08+00:00\",\"breadcrumb\":{\"@id\":\"https:\/\/depaire.fr\/collections\/vue-du-ciel\/#breadcrumb\"},\"inLanguage\":\"en-GB\",\"potentialAction\":[{\"@type\":\"ReadAction\",\"target\":[\"https:\/\/depaire.fr\/collections\/vue-du-ciel\/\"]}]},{\"@type\":\"BreadcrumbList\",\"@id\":\"https:\/\/depaire.fr\/collections\/vue-du-ciel\/#breadcrumb\",\"itemListElement\":[{\"@type\":\"ListItem\",\"position\":1,\"name\":\"Accueil\",\"item\":\"https:\/\/depaire.fr\/\"},{\"@type\":\"ListItem\",\"position\":2,\"name\":\"Products\",\"item\":\"https:\/\/depaire.fr\/en\/shop\/\"},{\"@type\":\"ListItem\",\"position\":3,\"name\":\"Vue du ciel\"}]},{\"@type\":\"WebSite\",\"@id\":\"https:\/\/depaire.fr\/#website\",\"url\":\"https:\/\/depaire.fr\/\",\"name\":\"Silvia Depaire\",\"description\":\"Artiste peintre\",\"publisher\":{\"@id\":\"https:\/\/depaire.fr\/#organization\"},\"potentialAction\":[{\"@type\":\"SearchAction\",\"target\":{\"@type\":\"EntryPoint\",\"urlTemplate\":\"https:\/\/depaire.fr\/?s={search_term_string}\"},\"query-input\":\"required name=search_term_string\"}],\"inLanguage\":\"en-GB\"},{\"@type\":\"Organization\",\"@id\":\"https:\/\/depaire.fr\/#organization\",\"name\":\"Silvia Depaire\",\"url\":\"https:\/\/depaire.fr\/\",\"logo\":{\"@type\":\"ImageObject\",\"inLanguage\":\"en-GB\",\"@id\":\"https:\/\/depaire.fr\/#\/schema\/logo\/image\/\",\"url\":\"https:\/\/depaire.fr\/wp-content\/uploads\/2021\/01\/silvia-depaire-logo.png\",\"contentUrl\":\"https:\/\/depaire.fr\/wp-content\/uploads\/2021\/01\/silvia-depaire-logo.png\",\"width\":250,\"height\":60,\"caption\":\"Silvia Depaire\"},\"image\":{\"@id\":\"https:\/\/depaire.fr\/#\/schema\/logo\/image\/\"},\"sameAs\":[\"https:\/\/www.instagram.com\/silviadepaire\/\"]}]}<\/script>\n<!-- \/ Yoast SEO plugin. -->","yoast_head_json":{"title":"Vue du ciel - Silvia Depaire","robots":{"index":"index","follow":"follow","max-snippet":"max-snippet:-1","max-image-preview":"max-image-preview:large","max-video-preview":"max-video-preview:-1"},"canonical":"https:\/\/depaire.fr\/en\/collections\/vue-du-ciel\/","og_locale":"en_GB","og_type":"article","og_title":"Vue du ciel - Silvia Depaire","og_description":"D\u00e9couverte et \u00e9merveillement sont les ma\u00eetres mots de cette collection. Des Profondeurs Marines, des \u00e9corces terrestres, des coul\u00e9es de Lave ou encore des Agrumes. Ici les pigments \u00e9voluent, et se transforment dans de sublimes transparences, fonds marins, mondes microscopiques ou constellations de l\u2019espace c\u00e9leste.","og_url":"https:\/\/depaire.fr\/en\/collections\/vue-du-ciel\/","og_site_name":"Silvia Depaire","article_modified_time":"2021-04-23T13:08:08+00:00","og_image":[{"width":1200,"height":867,"url":"https:\/\/depaire.fr\/wp-content\/uploads\/2021\/02\/231-prof-marines.jpg","type":"image\/jpeg"}],"twitter_card":"summary_large_image","twitter_misc":{"Estimated reading time":"1 minute"},"schema":{"@context":"https:\/\/schema.org","@graph":[{"@type":"WebPage","@id":"https:\/\/depaire.fr\/collections\/vue-du-ciel\/","url":"https:\/\/depaire.fr\/collections\/vue-du-ciel\/","name":"Vue du ciel - Silvia Depaire","isPartOf":{"@id":"https:\/\/depaire.fr\/#website"},"datePublished":"2021-02-03T17:49:05+00:00","dateModified":"2021-04-23T13:08:08+00:00","breadcrumb":{"@id":"https:\/\/depaire.fr\/collections\/vue-du-ciel\/#breadcrumb"},"inLanguage":"en-GB","potentialAction":[{"@type":"ReadAction","target":["https:\/\/depaire.fr\/collections\/vue-du-ciel\/"]}]},{"@type":"BreadcrumbList","@id":"https:\/\/depaire.fr\/collections\/vue-du-ciel\/#breadcrumb","itemListElement":[{"@type":"ListItem","position":1,"name":"Accueil","item":"https:\/\/depaire.fr\/"},{"@type":"ListItem","position":2,"name":"Products","item":"https:\/\/depaire.fr\/en\/shop\/"},{"@type":"ListItem","position":3,"name":"Vue du ciel"}]},{"@type":"WebSite","@id":"https:\/\/depaire.fr\/#website","url":"https:\/\/depaire.fr\/","name":"Silvia Depaire","description":"Artiste peintre","publisher":{"@id":"https:\/\/depaire.fr\/#organization"},"potentialAction":[{"@type":"SearchAction","target":{"@type":"EntryPoint","urlTemplate":"https:\/\/depaire.fr\/?s={search_term_string}"},"query-input":"required name=search_term_string"}],"inLanguage":"en-GB"},{"@type":"Organization","@id":"https:\/\/depaire.fr\/#organization","name":"Silvia Depaire","url":"https:\/\/depaire.fr\/","logo":{"@type":"ImageObject","inLanguage":"en-GB","@id":"https:\/\/depaire.fr\/#\/schema\/logo\/image\/","url":"https:\/\/depaire.fr\/wp-content\/uploads\/2021\/01\/silvia-depaire-logo.png","contentUrl":"https:\/\/depaire.fr\/wp-content\/uploads\/2021\/01\/silvia-depaire-logo.png","width":250,"height":60,"caption":"Silvia Depaire"},"image":{"@id":"https:\/\/depaire.fr\/#\/schema\/logo\/image\/"},"sameAs":["https:\/\/www.instagram.com\/silviadepaire\/"]}]}},"_links":{"self":[{"href":"https:\/\/depaire.fr\/en\/wp-json\/wp\/v2\/product\/5541"}],"collection":[{"href":"https:\/\/depaire.fr\/en\/wp-json\/wp\/v2\/product"}],"about":[{"href":"https:\/\/depaire.fr\/en\/wp-json\/wp\/v2\/types\/product"}],"author":[{"embeddable":true,"href":"https:\/\/depaire.fr\/en\/wp-json\/wp\/v2\/users\/4"}],"wp:featuredmedia":[{"embeddable":true,"href":"https:\/\/depaire.fr\/en\/wp-json\/wp\/v2\/media\/5494"}],"wp:attachment":[{"href":"https:\/\/depaire.fr\/en\/wp-json\/wp\/v2\/media?parent=5541"}],"wp:term":[{"taxonomy":"product_cat","embeddable":true,"href":"https:\/\/depaire.fr\/en\/wp-json\/wp\/v2\/product_cat?post=5541"},{"taxonomy":"product_tag","embeddable":true,"href":"https:\/\/depaire.fr\/en\/wp-json\/wp\/v2\/product_tag?post=5541"}],"curies":[{"name":"wp","href":"https:\/\/api.w.org\/{rel}","templated":true}]}}