{"id":4841,"date":"2021-01-19T20:33:53","date_gmt":"2021-01-19T19:33:53","guid":{"rendered":"http:\/\/silvia-depaire.local\/?page_id=4841"},"modified":"2021-01-28T11:44:43","modified_gmt":"2021-01-28T10:44:43","slug":"saveurs-des-chefs","status":"publish","type":"page","link":"https:\/\/depaire.fr\/en\/saveurs-des-chefs\/","title":{"rendered":"Saveurs des Chefs"},"content":{"rendered":"<div data-elementor-type=\"wp-page\" data-elementor-id=\"4841\" class=\"elementor elementor-4841\">\n\t\t\t\t\t\t<div class=\"elementor-inner\">\n\t\t\t\t<div class=\"elementor-section-wrap\">\n\t\t\t\t\t\t\t\t\t<section class=\"elementor-section elementor-top-section elementor-element elementor-element-a7173ea elementor-section-full_width qodef-elementor-content-grid elementor-section-height-default elementor-section-height-default qodef-elementor-back-to-top-dark\" data-id=\"a7173ea\" data-element_type=\"section\">\n\t\t\t\t\t\t<div class=\"elementor-container elementor-column-gap-default\">\n\t\t\t\t\t\t\t<div class=\"elementor-row\">\n\t\t\t\t\t<div class=\"elementor-column elementor-col-100 elementor-top-column elementor-element elementor-element-bcce3ef\" data-id=\"bcce3ef\" data-element_type=\"column\">\n\t\t\t<div class=\"elementor-column-wrap elementor-element-populated\">\n\t\t\t\t\t\t\t<div class=\"elementor-widget-wrap\">\n\t\t\t\t\t\t<div class=\"elementor-element elementor-element-b9bc334 elementor-widget elementor-widget-lucent_core_section_title\" data-id=\"b9bc334\" data-element_type=\"widget\" data-widget_type=\"lucent_core_section_title.default\">\n\t\t\t\t<div class=\"elementor-widget-container\">\n\t\t\t<div class=\"qodef-shortcode qodef-m  qodef-section-title qodef-alignment--center\">\n\t\t<h1 class=\"qodef-m-title\" >\n\t\t\t\t\tCollection Saveurs des Chefs\t\t\t<\/h1>\n\t\t<p class=\"qodef-m-text\" >In the \u201cSaveurs des Chefs\u201d collection based on meetings with Michelin-starred chefs, my painting translates their best dishes into pictorial work. Thus the aromas, flavours and their lasting taste in the mouth are materialized by textures, colours and tones, in a world of Epicurean refinement.<\/p>\n<\/div>\t\t<\/div>\n\t\t\t\t<\/div>\n\t\t\t\t<div class=\"elementor-element elementor-element-e37c8e7 elementor-widget elementor-widget-lucent_core_button\" data-id=\"e37c8e7\" data-element_type=\"widget\" data-widget_type=\"lucent_core_button.default\">\n\t\t\t\t<div class=\"elementor-widget-container\">\n\t\t\t<a class=\"qodef-shortcode qodef-m  qodef-button qodef-layout--textual-with-arrow qodef-size--full qodef-html--link\" href=\"https:\/\/depaire.fr\/en\/collections\/\" target=\"_self\"  >\n\t<span class=\"qodef-m-text\">\n        Back to collections    <\/span>\n<\/a>\t\t<\/div>\n\t\t\t\t<\/div>\n\t\t\t\t\t\t<\/div>\n\t\t\t\t\t<\/div>\n\t\t<\/div>\n\t\t\t\t\t\t\t\t<\/div>\n\t\t\t\t\t<\/div>\n\t\t<\/section>\n\t\t\t\t<section class=\"elementor-section elementor-top-section elementor-element elementor-element-9961e5c elementor-section-full_width elementor-reverse-tablet elementor-reverse-mobile elementor-section-height-default elementor-section-height-default qodef-elementor-content-no qodef-elementor-back-to-top-dark\" data-id=\"9961e5c\" data-element_type=\"section\">\n\t\t\t\t\t\t<div class=\"elementor-container elementor-column-gap-default\">\n\t\t\t\t\t\t\t<div class=\"elementor-row\">\n\t\t\t\t\t<div class=\"elementor-column elementor-col-100 elementor-top-column elementor-element elementor-element-2fba625 qodef-custom-padding\" data-id=\"2fba625\" data-element_type=\"column\">\n\t\t\t<div class=\"elementor-column-wrap elementor-element-populated\">\n\t\t\t\t\t\t\t<div class=\"elementor-widget-wrap\">\n\t\t\t\t\t\t<div class=\"elementor-element elementor-element-8f60fe7 elementor-widget elementor-widget-lucent_core_product_list\" data-id=\"8f60fe7\" data-element_type=\"widget\" data-widget_type=\"lucent_core_product_list.default\">\n\t\t\t\t<div class=\"elementor-widget-container\">\n\t\t\t<div class=\"qodef-shortcode qodef-m  qodef-woo-shortcode qodef-woo-product-list qodef-item-layout--info-below qodef-content-align--center qodef-grid qodef-layout--columns  qodef-gutter--normal qodef-col-num--2 qodef-item-layout--info-below qodef--no-bottom-space qodef-pagination--off qodef-responsive--custom qodef-col-num--1440--2 qodef-col-num--1366--2 qodef-col-num--1024--2 qodef-col-num--768--2 qodef-col-num--680--1 qodef-col-num--480--1\" data-options=\"{&quot;plugin&quot;:&quot;lucent_core&quot;,&quot;module&quot;:&quot;plugins\\\/woocommerce\\\/shortcodes&quot;,&quot;shortcode&quot;:&quot;product-list&quot;,&quot;post_type&quot;:&quot;product&quot;,&quot;next_page&quot;:&quot;2&quot;,&quot;max_pages_num&quot;:0,&quot;behavior&quot;:&quot;columns&quot;,&quot;images_proportion&quot;:&quot;full&quot;,&quot;columns&quot;:&quot;2&quot;,&quot;columns_responsive&quot;:&quot;custom&quot;,&quot;columns_1440&quot;:&quot;2&quot;,&quot;columns_1366&quot;:&quot;2&quot;,&quot;columns_1024&quot;:&quot;2&quot;,&quot;columns_768&quot;:&quot;2&quot;,&quot;columns_680&quot;:&quot;1&quot;,&quot;columns_480&quot;:&quot;1&quot;,&quot;space&quot;:&quot;normal&quot;,&quot;orderby&quot;:&quot;date&quot;,&quot;order&quot;:&quot;ASC&quot;,&quot;additional_params&quot;:&quot;tax&quot;,&quot;tax&quot;:&quot;product_cat&quot;,&quot;tax_slug&quot;:&quot;Saveurs des Chefs&quot;,&quot;layout&quot;:&quot;info-below&quot;,&quot;title_tag&quot;:&quot;h5&quot;,&quot;content_align&quot;:&quot;center&quot;,&quot;show_category&quot;:&quot;no&quot;,&quot;pagination_type&quot;:&quot;no-pagination&quot;,&quot;object_class_name&quot;:&quot;LucentCoreProductListShortcode&quot;,&quot;taxonomy_filter&quot;:&quot;product_cat&quot;,&quot;additional_query_args&quot;:{&quot;tax_query&quot;:[{&quot;taxonomy&quot;:&quot;product_cat&quot;,&quot;field&quot;:&quot;slug&quot;,&quot;terms&quot;:&quot;Saveurs des Chefs&quot;}]},&quot;space_value&quot;:15}\">\n\t\t<div class=\"qodef-grid-inner clear\">\n\t\t<div class=\"qodef-e qodef-grid-item qodef-item--full qodef-layout--wide-gallery product type-product post-4934 status-publish first instock product_cat-saveurs-des-chefs has-post-thumbnail sold-individually shipping-taxable purchasable product-type-simple\">\n    <div class=\"qodef-woo-product-inner\">\n\t\t            <div class=\"qodef-woo-product-image\">\n\t\t\t\t\t\t\t\t<img width=\"1200\" height=\"867\" src=\"https:\/\/depaire.fr\/wp-content\/uploads\/2021\/01\/saveurs-des-chefs-157.jpg\" class=\"attachment-full size-full wp-post-image\" alt=\"Saveurs des chefs\" decoding=\"async\" srcset=\"https:\/\/depaire.fr\/wp-content\/uploads\/2021\/01\/saveurs-des-chefs-157.jpg 1200w, https:\/\/depaire.fr\/wp-content\/uploads\/2021\/01\/saveurs-des-chefs-157-400x289.jpg 400w, https:\/\/depaire.fr\/wp-content\/uploads\/2021\/01\/saveurs-des-chefs-157-300x217.jpg 300w, https:\/\/depaire.fr\/wp-content\/uploads\/2021\/01\/saveurs-des-chefs-157-1024x740.jpg 1024w, https:\/\/depaire.fr\/wp-content\/uploads\/2021\/01\/saveurs-des-chefs-157-768x555.jpg 768w, https:\/\/depaire.fr\/wp-content\/uploads\/2021\/01\/saveurs-des-chefs-157-600x434.jpg 600w\" sizes=\"(max-width: 1200px) 100vw, 1200px\" \/>                <div class=\"qodef-woo-product-image-inner\">\n\t\t\t\t\t<a href=\"?add-to-cart=4934\" data-quantity=\"1\" class=\"button wp-element-button product_type_simple add_to_cart_button ajax_add_to_cart\" data-product_id=\"4934\" data-product_sku=\"406\" aria-label=\"Add \u201cSaveurs des Chefs\u201d to your basket\" rel=\"nofollow\" data-no-translation=\"\" data-trp-gettext=\"\" data-no-translation-aria-label=\"\">Add to cart<\/a>                <\/div>\n            <\/div>\n\t\t        <div class=\"qodef-woo-product-content\">\n\t\t\t\t\t\t<h5 itemprop=\"name\" class=\"qodef-woo-product-title entry-title\" >\n\t<a itemprop=\"url\" class=\"qodef-woo-product-title-link\" href=\"https:\/\/depaire.fr\/en\/collections\/saveurs-des-chefs\/\">\n\t\tSaveurs des Chefs\t<\/a>\n<\/h5>\t\t\t\t\t<div class=\"qodef-woo-product-price price\"><span class=\"qodef-price-text\">Price:<\/span><span class=\"woocommerce-Price-amount amount\">1400,00&nbsp;<span class=\"woocommerce-Price-currencySymbol\">&euro;<\/span><\/span><\/div>\n\t\t\t\t        <\/div>\n\t\t<a href=\"https:\/\/depaire.fr\/en\/collections\/saveurs-des-chefs\/\" class=\"woocommerce-LoopProduct-link woocommerce-loop-product__link\"><\/a>    <\/div>\n<\/div>\n<div class=\"qodef-e qodef-grid-item qodef-item--full qodef-layout--wide-gallery product type-product post-5532 status-publish last onbackorder product_cat-saveurs-des-chefs has-post-thumbnail sold-individually shipping-taxable purchasable product-type-simple\">\n    <div class=\"qodef-woo-product-inner\">\n\t\t            <div class=\"qodef-woo-product-image\">\n\t\t\t\t\t\t\t\t<img width=\"1200\" height=\"867\" src=\"https:\/\/depaire.fr\/wp-content\/uploads\/2021\/02\/197-saveurs-des-chefs.jpg\" class=\"attachment-full size-full wp-post-image\" alt=\"\" decoding=\"async\" srcset=\"https:\/\/depaire.fr\/wp-content\/uploads\/2021\/02\/197-saveurs-des-chefs.jpg 1200w, https:\/\/depaire.fr\/wp-content\/uploads\/2021\/02\/197-saveurs-des-chefs-300x217.jpg 300w, https:\/\/depaire.fr\/wp-content\/uploads\/2021\/02\/197-saveurs-des-chefs-1024x740.jpg 1024w, https:\/\/depaire.fr\/wp-content\/uploads\/2021\/02\/197-saveurs-des-chefs-768x555.jpg 768w, https:\/\/depaire.fr\/wp-content\/uploads\/2021\/02\/197-saveurs-des-chefs-400x289.jpg 400w\" sizes=\"(max-width: 1200px) 100vw, 1200px\" \/>                <div class=\"qodef-woo-product-image-inner\">\n\t\t\t\t\t<a href=\"https:\/\/depaire.fr\/en\/contact\/\"  class=\"button\">Price on request<\/a>                <\/div>\n            <\/div>\n\t\t        <div class=\"qodef-woo-product-content\">\n\t\t\t\t\t\t<h5 itemprop=\"name\" class=\"qodef-woo-product-title entry-title\" >\n\t<a itemprop=\"url\" class=\"qodef-woo-product-title-link\" href=\"https:\/\/depaire.fr\/en\/collections\/tomate-caramelisee-sur-lit-depinard-et-basilic-1\/\">\n\t\tTomate caram\u00e9lis\u00e9e sur lit d&rsquo;\u00e9pinards et basilic 1\t<\/a>\n<\/h5>\t\t\t\t\t<div class=\"qodef-woo-product-price price\"><span class=\"qodef-price-text\">Price:<\/span><\/div>\n\t\t\t\t        <\/div>\n\t\t<a href=\"https:\/\/depaire.fr\/en\/collections\/tomate-caramelisee-sur-lit-depinard-et-basilic-1\/\" class=\"woocommerce-LoopProduct-link woocommerce-loop-product__link\"><\/a>    <\/div>\n<\/div>\n<div class=\"qodef-e qodef-grid-item qodef-item--full qodef-layout--wide-gallery product type-product post-5533 status-publish first onbackorder product_cat-saveurs-des-chefs has-post-thumbnail sold-individually shipping-taxable purchasable product-type-simple\">\n    <div class=\"qodef-woo-product-inner\">\n\t\t            <div class=\"qodef-woo-product-image\">\n\t\t\t\t\t\t\t\t<img width=\"1200\" height=\"867\" src=\"https:\/\/depaire.fr\/wp-content\/uploads\/2021\/02\/198-saveurs-des-chefs.jpg\" class=\"attachment-full size-full wp-post-image\" alt=\"\" decoding=\"async\" srcset=\"https:\/\/depaire.fr\/wp-content\/uploads\/2021\/02\/198-saveurs-des-chefs.jpg 1200w, https:\/\/depaire.fr\/wp-content\/uploads\/2021\/02\/198-saveurs-des-chefs-300x217.jpg 300w, https:\/\/depaire.fr\/wp-content\/uploads\/2021\/02\/198-saveurs-des-chefs-1024x740.jpg 1024w, https:\/\/depaire.fr\/wp-content\/uploads\/2021\/02\/198-saveurs-des-chefs-768x555.jpg 768w, https:\/\/depaire.fr\/wp-content\/uploads\/2021\/02\/198-saveurs-des-chefs-400x289.jpg 400w\" sizes=\"(max-width: 1200px) 100vw, 1200px\" \/>                <div class=\"qodef-woo-product-image-inner\">\n\t\t\t\t\t<a href=\"https:\/\/depaire.fr\/en\/contact\/\"  class=\"button\">Price on request<\/a>                <\/div>\n            <\/div>\n\t\t        <div class=\"qodef-woo-product-content\">\n\t\t\t\t\t\t<h5 itemprop=\"name\" class=\"qodef-woo-product-title entry-title\" >\n\t<a itemprop=\"url\" class=\"qodef-woo-product-title-link\" href=\"https:\/\/depaire.fr\/en\/collections\/tomate-caramelisee-sur-lit-depinards-et-basilic-2-copie\/\">\n\t\tTomate caram\u00e9lis\u00e9e sur lit d&rsquo;\u00e9pinards et basilic 2\t<\/a>\n<\/h5>\t\t\t\t\t<div class=\"qodef-woo-product-price price\"><span class=\"qodef-price-text\">Price:<\/span><\/div>\n\t\t\t\t        <\/div>\n\t\t<a href=\"https:\/\/depaire.fr\/en\/collections\/tomate-caramelisee-sur-lit-depinards-et-basilic-2-copie\/\" class=\"woocommerce-LoopProduct-link woocommerce-loop-product__link\"><\/a>    <\/div>\n<\/div>\n<div class=\"qodef-e qodef-grid-item qodef-item--full qodef-layout--wide-gallery product type-product post-5534 status-publish last onbackorder product_cat-saveurs-des-chefs has-post-thumbnail sold-individually shipping-taxable purchasable product-type-simple\">\n    <div class=\"qodef-woo-product-inner\">\n\t\t            <div class=\"qodef-woo-product-image\">\n\t\t\t\t\t\t\t\t<img width=\"1200\" height=\"867\" src=\"https:\/\/depaire.fr\/wp-content\/uploads\/2021\/02\/199-saveurs-des-chefs-1.jpg\" class=\"attachment-full size-full wp-post-image\" alt=\"\" decoding=\"async\" srcset=\"https:\/\/depaire.fr\/wp-content\/uploads\/2021\/02\/199-saveurs-des-chefs-1.jpg 1200w, https:\/\/depaire.fr\/wp-content\/uploads\/2021\/02\/199-saveurs-des-chefs-1-300x217.jpg 300w, https:\/\/depaire.fr\/wp-content\/uploads\/2021\/02\/199-saveurs-des-chefs-1-1024x740.jpg 1024w, https:\/\/depaire.fr\/wp-content\/uploads\/2021\/02\/199-saveurs-des-chefs-1-768x555.jpg 768w, https:\/\/depaire.fr\/wp-content\/uploads\/2021\/02\/199-saveurs-des-chefs-1-400x289.jpg 400w\" sizes=\"(max-width: 1200px) 100vw, 1200px\" \/>                <div class=\"qodef-woo-product-image-inner\">\n\t\t\t\t\t<a href=\"https:\/\/depaire.fr\/en\/contact\/\"  class=\"button\">Price on request<\/a>                <\/div>\n            <\/div>\n\t\t        <div class=\"qodef-woo-product-content\">\n\t\t\t\t\t\t<h5 itemprop=\"name\" class=\"qodef-woo-product-title entry-title\" >\n\t<a itemprop=\"url\" class=\"qodef-woo-product-title-link\" href=\"https:\/\/depaire.fr\/en\/collections\/saveurs-des-chefs-3-2\/\">\n\t\tSaveurs des Chefs 3\t<\/a>\n<\/h5>\t\t\t\t\t<div class=\"qodef-woo-product-price price\"><span class=\"qodef-price-text\">Price:<\/span><\/div>\n\t\t\t\t        <\/div>\n\t\t<a href=\"https:\/\/depaire.fr\/en\/collections\/saveurs-des-chefs-3-2\/\" class=\"woocommerce-LoopProduct-link woocommerce-loop-product__link\"><\/a>    <\/div>\n<\/div>\n<div class=\"qodef-e qodef-grid-item qodef-item--full qodef-layout--wide-gallery product type-product post-5536 status-publish first instock product_cat-saveurs-des-chefs has-post-thumbnail sold-individually shipping-taxable purchasable product-type-simple\">\n    <div class=\"qodef-woo-product-inner\">\n\t\t            <div class=\"qodef-woo-product-image\">\n\t\t\t\t\t\t\t\t<img width=\"1200\" height=\"867\" src=\"https:\/\/depaire.fr\/wp-content\/uploads\/2021\/02\/201-saveurs-des-chefs.jpg\" class=\"attachment-full size-full wp-post-image\" alt=\"\" decoding=\"async\" srcset=\"https:\/\/depaire.fr\/wp-content\/uploads\/2021\/02\/201-saveurs-des-chefs.jpg 1200w, https:\/\/depaire.fr\/wp-content\/uploads\/2021\/02\/201-saveurs-des-chefs-300x217.jpg 300w, https:\/\/depaire.fr\/wp-content\/uploads\/2021\/02\/201-saveurs-des-chefs-1024x740.jpg 1024w, https:\/\/depaire.fr\/wp-content\/uploads\/2021\/02\/201-saveurs-des-chefs-768x555.jpg 768w, https:\/\/depaire.fr\/wp-content\/uploads\/2021\/02\/201-saveurs-des-chefs-400x289.jpg 400w\" sizes=\"(max-width: 1200px) 100vw, 1200px\" \/>                <div class=\"qodef-woo-product-image-inner\">\n\t\t\t\t\t<a href=\"?add-to-cart=5536\" data-quantity=\"1\" class=\"button wp-element-button product_type_simple add_to_cart_button ajax_add_to_cart\" data-product_id=\"5536\" data-product_sku=\"201\" aria-label=\"Add \u201cSaveurs des Chefs 4\u201d to your basket\" rel=\"nofollow\" data-no-translation=\"\" data-trp-gettext=\"\" data-no-translation-aria-label=\"\">Add to cart<\/a>                <\/div>\n            <\/div>\n\t\t        <div class=\"qodef-woo-product-content\">\n\t\t\t\t\t\t<h5 itemprop=\"name\" class=\"qodef-woo-product-title entry-title\" >\n\t<a itemprop=\"url\" class=\"qodef-woo-product-title-link\" href=\"https:\/\/depaire.fr\/en\/collections\/saveurs-des-chefs-4\/\">\n\t\tSaveurs des Chefs 4\t<\/a>\n<\/h5>\t\t\t\t\t<div class=\"qodef-woo-product-price price\"><span class=\"qodef-price-text\">Price:<\/span><span class=\"woocommerce-Price-amount amount\">1000,00&nbsp;<span class=\"woocommerce-Price-currencySymbol\">&euro;<\/span><\/span><\/div>\n\t\t\t\t        <\/div>\n\t\t<a href=\"https:\/\/depaire.fr\/en\/collections\/saveurs-des-chefs-4\/\" class=\"woocommerce-LoopProduct-link woocommerce-loop-product__link\"><\/a>    <\/div>\n<\/div>\n\t<\/div>\n\t<\/div>\t\t<\/div>\n\t\t\t\t<\/div>\n\t\t\t\t\t\t<\/div>\n\t\t\t\t\t<\/div>\n\t\t<\/div>\n\t\t\t\t\t\t\t\t<\/div>\n\t\t\t\t\t<\/div>\n\t\t<\/section>\n\t\t\t\t\t\t\t\t\t<\/div>\n\t\t\t<\/div>\n\t\t\t\t\t<\/div>","protected":false},"excerpt":{"rendered":"<p>Collection Saveurs des Chefs Dans la collection \u00ab Saveurs des Chefs \u00bb au gr\u00e9 des rencontres avec des chefs \u00c9toil\u00e9s, ma peinture traduit leurs meilleurs plats en \u0153uvre picturale. Ainsi les ar\u00f4mes, les saveurs et leur persistance en bouche se mat\u00e9rialisent par des textures, des couleurs et des tonalit\u00e9s, dans un monde de raffinement \u00e9picurien. [&hellip;]<\/p>","protected":false},"author":1,"featured_media":0,"parent":0,"menu_order":0,"comment_status":"closed","ping_status":"closed","template":"page-full-width.php","meta":[],"yoast_head":"<!-- This site is optimized with the Yoast SEO plugin v20.8 - https:\/\/yoast.com\/wordpress\/plugins\/seo\/ -->\n<title>Saveurs des Chefs - Silvia Depaire<\/title>\n<meta name=\"robots\" content=\"index, follow, max-snippet:-1, max-image-preview:large, max-video-preview:-1\" \/>\n<link rel=\"canonical\" href=\"https:\/\/depaire.fr\/en\/saveurs-des-chefs\/\" \/>\n<meta property=\"og:locale\" content=\"en_GB\" \/>\n<meta property=\"og:type\" content=\"article\" \/>\n<meta property=\"og:title\" content=\"Saveurs des Chefs - Silvia Depaire\" \/>\n<meta property=\"og:description\" content=\"Collection Saveurs des Chefs Dans la collection \u00ab Saveurs des Chefs \u00bb au gr\u00e9 des rencontres avec des chefs \u00c9toil\u00e9s, ma peinture traduit leurs meilleurs plats en \u0153uvre picturale. Ainsi les ar\u00f4mes, les saveurs et leur persistance en bouche se mat\u00e9rialisent par des textures, des couleurs et des tonalit\u00e9s, dans un monde de raffinement \u00e9picurien. [&hellip;]\" \/>\n<meta property=\"og:url\" content=\"https:\/\/depaire.fr\/en\/saveurs-des-chefs\/\" \/>\n<meta property=\"og:site_name\" content=\"Silvia Depaire\" \/>\n<meta property=\"article:modified_time\" content=\"2021-01-28T10:44:43+00:00\" \/>\n<meta property=\"og:image\" content=\"https:\/\/depaire.fr\/wp-content\/uploads\/2021\/01\/saveurs-des-chefs-157.jpg\" \/>\n<meta name=\"twitter:card\" content=\"summary_large_image\" \/>\n<meta name=\"twitter:label1\" content=\"Estimated reading time\" \/>\n\t<meta name=\"twitter:data1\" content=\"1 minute\" \/>\n<script type=\"application\/ld+json\" class=\"yoast-schema-graph\">{\"@context\":\"https:\/\/schema.org\",\"@graph\":[{\"@type\":\"WebPage\",\"@id\":\"https:\/\/depaire.fr\/saveurs-des-chefs\/\",\"url\":\"https:\/\/depaire.fr\/saveurs-des-chefs\/\",\"name\":\"Saveurs des Chefs - Silvia Depaire\",\"isPartOf\":{\"@id\":\"https:\/\/depaire.fr\/#website\"},\"datePublished\":\"2021-01-19T19:33:53+00:00\",\"dateModified\":\"2021-01-28T10:44:43+00:00\",\"breadcrumb\":{\"@id\":\"https:\/\/depaire.fr\/saveurs-des-chefs\/#breadcrumb\"},\"inLanguage\":\"en-GB\",\"potentialAction\":[{\"@type\":\"ReadAction\",\"target\":[\"https:\/\/depaire.fr\/saveurs-des-chefs\/\"]}]},{\"@type\":\"BreadcrumbList\",\"@id\":\"https:\/\/depaire.fr\/saveurs-des-chefs\/#breadcrumb\",\"itemListElement\":[{\"@type\":\"ListItem\",\"position\":1,\"name\":\"Accueil\",\"item\":\"https:\/\/depaire.fr\/\"},{\"@type\":\"ListItem\",\"position\":2,\"name\":\"Saveurs des Chefs\"}]},{\"@type\":\"WebSite\",\"@id\":\"https:\/\/depaire.fr\/#website\",\"url\":\"https:\/\/depaire.fr\/\",\"name\":\"Silvia Depaire\",\"description\":\"Artiste peintre\",\"publisher\":{\"@id\":\"https:\/\/depaire.fr\/#organization\"},\"potentialAction\":[{\"@type\":\"SearchAction\",\"target\":{\"@type\":\"EntryPoint\",\"urlTemplate\":\"https:\/\/depaire.fr\/?s={search_term_string}\"},\"query-input\":\"required name=search_term_string\"}],\"inLanguage\":\"en-GB\"},{\"@type\":\"Organization\",\"@id\":\"https:\/\/depaire.fr\/#organization\",\"name\":\"Silvia Depaire\",\"url\":\"https:\/\/depaire.fr\/\",\"logo\":{\"@type\":\"ImageObject\",\"inLanguage\":\"en-GB\",\"@id\":\"https:\/\/depaire.fr\/#\/schema\/logo\/image\/\",\"url\":\"https:\/\/depaire.fr\/wp-content\/uploads\/2021\/01\/silvia-depaire-logo.png\",\"contentUrl\":\"https:\/\/depaire.fr\/wp-content\/uploads\/2021\/01\/silvia-depaire-logo.png\",\"width\":250,\"height\":60,\"caption\":\"Silvia Depaire\"},\"image\":{\"@id\":\"https:\/\/depaire.fr\/#\/schema\/logo\/image\/\"},\"sameAs\":[\"https:\/\/www.instagram.com\/silviadepaire\/\"]}]}<\/script>\n<!-- \/ Yoast SEO plugin. -->","yoast_head_json":{"title":"Saveurs des Chefs - Silvia Depaire","robots":{"index":"index","follow":"follow","max-snippet":"max-snippet:-1","max-image-preview":"max-image-preview:large","max-video-preview":"max-video-preview:-1"},"canonical":"https:\/\/depaire.fr\/en\/saveurs-des-chefs\/","og_locale":"en_GB","og_type":"article","og_title":"Saveurs des Chefs - Silvia Depaire","og_description":"Collection Saveurs des Chefs Dans la collection \u00ab Saveurs des Chefs \u00bb au gr\u00e9 des rencontres avec des chefs \u00c9toil\u00e9s, ma peinture traduit leurs meilleurs plats en \u0153uvre picturale. Ainsi les ar\u00f4mes, les saveurs et leur persistance en bouche se mat\u00e9rialisent par des textures, des couleurs et des tonalit\u00e9s, dans un monde de raffinement \u00e9picurien. [&hellip;]","og_url":"https:\/\/depaire.fr\/en\/saveurs-des-chefs\/","og_site_name":"Silvia Depaire","article_modified_time":"2021-01-28T10:44:43+00:00","og_image":[{"url":"https:\/\/depaire.fr\/wp-content\/uploads\/2021\/01\/saveurs-des-chefs-157.jpg"}],"twitter_card":"summary_large_image","twitter_misc":{"Estimated reading time":"1 minute"},"schema":{"@context":"https:\/\/schema.org","@graph":[{"@type":"WebPage","@id":"https:\/\/depaire.fr\/saveurs-des-chefs\/","url":"https:\/\/depaire.fr\/saveurs-des-chefs\/","name":"Saveurs des Chefs - Silvia Depaire","isPartOf":{"@id":"https:\/\/depaire.fr\/#website"},"datePublished":"2021-01-19T19:33:53+00:00","dateModified":"2021-01-28T10:44:43+00:00","breadcrumb":{"@id":"https:\/\/depaire.fr\/saveurs-des-chefs\/#breadcrumb"},"inLanguage":"en-GB","potentialAction":[{"@type":"ReadAction","target":["https:\/\/depaire.fr\/saveurs-des-chefs\/"]}]},{"@type":"BreadcrumbList","@id":"https:\/\/depaire.fr\/saveurs-des-chefs\/#breadcrumb","itemListElement":[{"@type":"ListItem","position":1,"name":"Accueil","item":"https:\/\/depaire.fr\/"},{"@type":"ListItem","position":2,"name":"Saveurs des Chefs"}]},{"@type":"WebSite","@id":"https:\/\/depaire.fr\/#website","url":"https:\/\/depaire.fr\/","name":"Silvia Depaire","description":"Artiste peintre","publisher":{"@id":"https:\/\/depaire.fr\/#organization"},"potentialAction":[{"@type":"SearchAction","target":{"@type":"EntryPoint","urlTemplate":"https:\/\/depaire.fr\/?s={search_term_string}"},"query-input":"required name=search_term_string"}],"inLanguage":"en-GB"},{"@type":"Organization","@id":"https:\/\/depaire.fr\/#organization","name":"Silvia Depaire","url":"https:\/\/depaire.fr\/","logo":{"@type":"ImageObject","inLanguage":"en-GB","@id":"https:\/\/depaire.fr\/#\/schema\/logo\/image\/","url":"https:\/\/depaire.fr\/wp-content\/uploads\/2021\/01\/silvia-depaire-logo.png","contentUrl":"https:\/\/depaire.fr\/wp-content\/uploads\/2021\/01\/silvia-depaire-logo.png","width":250,"height":60,"caption":"Silvia Depaire"},"image":{"@id":"https:\/\/depaire.fr\/#\/schema\/logo\/image\/"},"sameAs":["https:\/\/www.instagram.com\/silviadepaire\/"]}]}},"_links":{"self":[{"href":"https:\/\/depaire.fr\/en\/wp-json\/wp\/v2\/pages\/4841"}],"collection":[{"href":"https:\/\/depaire.fr\/en\/wp-json\/wp\/v2\/pages"}],"about":[{"href":"https:\/\/depaire.fr\/en\/wp-json\/wp\/v2\/types\/page"}],"author":[{"embeddable":true,"href":"https:\/\/depaire.fr\/en\/wp-json\/wp\/v2\/users\/1"}],"replies":[{"embeddable":true,"href":"https:\/\/depaire.fr\/en\/wp-json\/wp\/v2\/comments?post=4841"}],"version-history":[{"count":17,"href":"https:\/\/depaire.fr\/en\/wp-json\/wp\/v2\/pages\/4841\/revisions"}],"predecessor-version":[{"id":5420,"href":"https:\/\/depaire.fr\/en\/wp-json\/wp\/v2\/pages\/4841\/revisions\/5420"}],"wp:attachment":[{"href":"https:\/\/depaire.fr\/en\/wp-json\/wp\/v2\/media?parent=4841"}],"curies":[{"name":"wp","href":"https:\/\/api.w.org\/{rel}","templated":true}]}}