{"id":4807,"date":"2021-01-19T19:14:45","date_gmt":"2021-01-19T18:14:45","guid":{"rendered":"http:\/\/silvia-depaire.local\/?page_id=4807"},"modified":"2021-01-21T22:31:15","modified_gmt":"2021-01-21T21:31:15","slug":"bois-et-porcelaine","status":"publish","type":"page","link":"https:\/\/depaire.fr\/en\/bois-et-porcelaine\/","title":{"rendered":"Bois et Porcelaine"},"content":{"rendered":"<div data-elementor-type=\"wp-page\" data-elementor-id=\"4807\" class=\"elementor elementor-4807\">\n\t\t\t\t\t\t<div class=\"elementor-inner\">\n\t\t\t\t<div class=\"elementor-section-wrap\">\n\t\t\t\t\t\t\t\t\t<section class=\"elementor-section elementor-top-section elementor-element elementor-element-a7173ea elementor-section-full_width qodef-elementor-content-grid elementor-section-height-default elementor-section-height-default qodef-elementor-back-to-top-dark\" data-id=\"a7173ea\" data-element_type=\"section\">\n\t\t\t\t\t\t<div class=\"elementor-container elementor-column-gap-default\">\n\t\t\t\t\t\t\t<div class=\"elementor-row\">\n\t\t\t\t\t<div class=\"elementor-column elementor-col-100 elementor-top-column elementor-element elementor-element-bcce3ef\" data-id=\"bcce3ef\" data-element_type=\"column\">\n\t\t\t<div class=\"elementor-column-wrap elementor-element-populated\">\n\t\t\t\t\t\t\t<div class=\"elementor-widget-wrap\">\n\t\t\t\t\t\t<div class=\"elementor-element elementor-element-b9bc334 elementor-widget elementor-widget-lucent_core_section_title\" data-id=\"b9bc334\" data-element_type=\"widget\" data-widget_type=\"lucent_core_section_title.default\">\n\t\t\t\t<div class=\"elementor-widget-container\">\n\t\t\t<div class=\"qodef-shortcode qodef-m  qodef-section-title qodef-alignment--center\">\n\t\t<h1 class=\"qodef-m-title\" >\n\t\t\t\t\tCollection Bois et Porcelaine\t\t\t<\/h1>\n\t\t<p class=\"qodef-m-text\" >These works are the anchor of my universe, the birches are the reflection of personalities and behind each posture one or more events.<\/p>\n<\/div>\t\t<\/div>\n\t\t\t\t<\/div>\n\t\t\t\t<div class=\"elementor-element elementor-element-e37c8e7 elementor-widget elementor-widget-lucent_core_button\" data-id=\"e37c8e7\" data-element_type=\"widget\" data-widget_type=\"lucent_core_button.default\">\n\t\t\t\t<div class=\"elementor-widget-container\">\n\t\t\t<a class=\"qodef-shortcode qodef-m  qodef-button qodef-layout--textual-with-arrow qodef-size--full qodef-html--link\" href=\"https:\/\/depaire.fr\/en\/collections\/\" target=\"_self\"  >\n\t<span class=\"qodef-m-text\">\n        Back to collections    <\/span>\n<\/a>\t\t<\/div>\n\t\t\t\t<\/div>\n\t\t\t\t\t\t<\/div>\n\t\t\t\t\t<\/div>\n\t\t<\/div>\n\t\t\t\t\t\t\t\t<\/div>\n\t\t\t\t\t<\/div>\n\t\t<\/section>\n\t\t\t\t<section class=\"elementor-section elementor-top-section elementor-element elementor-element-9961e5c elementor-section-full_width elementor-reverse-tablet elementor-reverse-mobile elementor-section-height-default elementor-section-height-default qodef-elementor-content-no qodef-elementor-back-to-top-dark\" data-id=\"9961e5c\" data-element_type=\"section\">\n\t\t\t\t\t\t<div class=\"elementor-container elementor-column-gap-default\">\n\t\t\t\t\t\t\t<div class=\"elementor-row\">\n\t\t\t\t\t<div class=\"elementor-column elementor-col-100 elementor-top-column elementor-element elementor-element-2fba625 qodef-custom-padding\" data-id=\"2fba625\" data-element_type=\"column\">\n\t\t\t<div class=\"elementor-column-wrap elementor-element-populated\">\n\t\t\t\t\t\t\t<div class=\"elementor-widget-wrap\">\n\t\t\t\t\t\t<div class=\"elementor-element elementor-element-8f60fe7 elementor-widget elementor-widget-lucent_core_product_list\" data-id=\"8f60fe7\" data-element_type=\"widget\" data-widget_type=\"lucent_core_product_list.default\">\n\t\t\t\t<div class=\"elementor-widget-container\">\n\t\t\t<div class=\"qodef-shortcode qodef-m  qodef-woo-shortcode qodef-woo-product-list qodef-item-layout--info-below qodef-content-align--center qodef-grid qodef-layout--columns  qodef-gutter--normal qodef-col-num--2 qodef-item-layout--info-below qodef--no-bottom-space qodef-pagination--off qodef-responsive--custom qodef-col-num--1440--2 qodef-col-num--1366--2 qodef-col-num--1024--2 qodef-col-num--768--2 qodef-col-num--680--1 qodef-col-num--480--1\" data-options=\"{&quot;plugin&quot;:&quot;lucent_core&quot;,&quot;module&quot;:&quot;plugins\\\/woocommerce\\\/shortcodes&quot;,&quot;shortcode&quot;:&quot;product-list&quot;,&quot;post_type&quot;:&quot;product&quot;,&quot;next_page&quot;:&quot;2&quot;,&quot;max_pages_num&quot;:0,&quot;behavior&quot;:&quot;columns&quot;,&quot;images_proportion&quot;:&quot;full&quot;,&quot;columns&quot;:&quot;2&quot;,&quot;columns_responsive&quot;:&quot;custom&quot;,&quot;columns_1440&quot;:&quot;2&quot;,&quot;columns_1366&quot;:&quot;2&quot;,&quot;columns_1024&quot;:&quot;2&quot;,&quot;columns_768&quot;:&quot;2&quot;,&quot;columns_680&quot;:&quot;1&quot;,&quot;columns_480&quot;:&quot;1&quot;,&quot;space&quot;:&quot;normal&quot;,&quot;orderby&quot;:&quot;date&quot;,&quot;order&quot;:&quot;ASC&quot;,&quot;additional_params&quot;:&quot;tax&quot;,&quot;tax&quot;:&quot;product_cat&quot;,&quot;tax_slug&quot;:&quot;Bois et Porcelaine&quot;,&quot;layout&quot;:&quot;info-below&quot;,&quot;title_tag&quot;:&quot;h5&quot;,&quot;content_align&quot;:&quot;center&quot;,&quot;show_category&quot;:&quot;no&quot;,&quot;pagination_type&quot;:&quot;no-pagination&quot;,&quot;object_class_name&quot;:&quot;LucentCoreProductListShortcode&quot;,&quot;taxonomy_filter&quot;:&quot;product_cat&quot;,&quot;additional_query_args&quot;:{&quot;tax_query&quot;:[{&quot;taxonomy&quot;:&quot;product_cat&quot;,&quot;field&quot;:&quot;slug&quot;,&quot;terms&quot;:&quot;Bois et Porcelaine&quot;}]},&quot;space_value&quot;:15}\">\n\t\t<div class=\"qodef-grid-inner clear\">\n\t\t<div class=\"qodef-e qodef-grid-item qodef-item--full qodef-layout--wide-gallery product type-product post-4909 status-publish first onbackorder product_cat-bois-et-porcelaine has-post-thumbnail sold-individually shipping-taxable purchasable product-type-simple\">\n    <div class=\"qodef-woo-product-inner\">\n\t\t            <div class=\"qodef-woo-product-image\">\n\t\t\t\t\t\t\t\t<img width=\"1200\" height=\"867\" src=\"https:\/\/depaire.fr\/wp-content\/uploads\/2021\/01\/promenades-112.jpg\" class=\"attachment-full size-full wp-post-image\" alt=\"Promenades\" decoding=\"async\" srcset=\"https:\/\/depaire.fr\/wp-content\/uploads\/2021\/01\/promenades-112.jpg 1200w, https:\/\/depaire.fr\/wp-content\/uploads\/2021\/01\/promenades-112-400x289.jpg 400w, https:\/\/depaire.fr\/wp-content\/uploads\/2021\/01\/promenades-112-300x217.jpg 300w, https:\/\/depaire.fr\/wp-content\/uploads\/2021\/01\/promenades-112-1024x740.jpg 1024w, https:\/\/depaire.fr\/wp-content\/uploads\/2021\/01\/promenades-112-768x555.jpg 768w, https:\/\/depaire.fr\/wp-content\/uploads\/2021\/01\/promenades-112-600x434.jpg 600w\" sizes=\"(max-width: 1200px) 100vw, 1200px\" \/>                <div class=\"qodef-woo-product-image-inner\">\n\t\t\t\t\t<a href=\"https:\/\/depaire.fr\/en\/contact\/\"  class=\"button\">Price on request<\/a>                <\/div>\n            <\/div>\n\t\t        <div class=\"qodef-woo-product-content\">\n\t\t\t\t\t\t<h5 itemprop=\"name\" class=\"qodef-woo-product-title entry-title\" >\n\t<a itemprop=\"url\" class=\"qodef-woo-product-title-link\" href=\"https:\/\/depaire.fr\/en\/collections\/promenades\/\">\n\t\tPromenades\t<\/a>\n<\/h5>\t\t\t\t\t<div class=\"qodef-woo-product-price price\"><span class=\"qodef-price-text\">Price:<\/span><\/div>\n\t\t\t\t        <\/div>\n\t\t<a href=\"https:\/\/depaire.fr\/en\/collections\/promenades\/\" class=\"woocommerce-LoopProduct-link woocommerce-loop-product__link\"><\/a>    <\/div>\n<\/div>\n<div class=\"qodef-e qodef-grid-item qodef-item--full qodef-layout--wide-gallery product type-product post-5520 status-publish last onbackorder product_cat-bois-et-porcelaine has-post-thumbnail sold-individually shipping-taxable purchasable product-type-simple\">\n    <div class=\"qodef-woo-product-inner\">\n\t\t            <div class=\"qodef-woo-product-image\">\n\t\t\t\t\t\t\t\t<img width=\"1200\" height=\"867\" src=\"https:\/\/depaire.fr\/wp-content\/uploads\/2021\/02\/110-bois-et-porcelaine-connivence-quadriptique.jpg\" class=\"attachment-full size-full wp-post-image\" alt=\"\" decoding=\"async\" srcset=\"https:\/\/depaire.fr\/wp-content\/uploads\/2021\/02\/110-bois-et-porcelaine-connivence-quadriptique.jpg 1200w, https:\/\/depaire.fr\/wp-content\/uploads\/2021\/02\/110-bois-et-porcelaine-connivence-quadriptique-300x217.jpg 300w, https:\/\/depaire.fr\/wp-content\/uploads\/2021\/02\/110-bois-et-porcelaine-connivence-quadriptique-1024x740.jpg 1024w, https:\/\/depaire.fr\/wp-content\/uploads\/2021\/02\/110-bois-et-porcelaine-connivence-quadriptique-768x555.jpg 768w, https:\/\/depaire.fr\/wp-content\/uploads\/2021\/02\/110-bois-et-porcelaine-connivence-quadriptique-400x289.jpg 400w\" sizes=\"(max-width: 1200px) 100vw, 1200px\" \/>                <div class=\"qodef-woo-product-image-inner\">\n\t\t\t\t\t<a href=\"https:\/\/depaire.fr\/en\/contact\/\"  class=\"button\">Price on request<\/a>                <\/div>\n            <\/div>\n\t\t        <div class=\"qodef-woo-product-content\">\n\t\t\t\t\t\t<h5 itemprop=\"name\" class=\"qodef-woo-product-title entry-title\" >\n\t<a itemprop=\"url\" class=\"qodef-woo-product-title-link\" href=\"https:\/\/depaire.fr\/en\/collections\/connivence\/\">\n\t\tConnivence\t<\/a>\n<\/h5>\t\t\t\t\t<div class=\"qodef-woo-product-price price\"><span class=\"qodef-price-text\">Price:<\/span><\/div>\n\t\t\t\t        <\/div>\n\t\t<a href=\"https:\/\/depaire.fr\/en\/collections\/connivence\/\" class=\"woocommerce-LoopProduct-link woocommerce-loop-product__link\"><\/a>    <\/div>\n<\/div>\n<div class=\"qodef-e qodef-grid-item qodef-item--full qodef-layout--wide-gallery product type-product post-5521 status-publish first onbackorder product_cat-bois-et-porcelaine has-post-thumbnail sold-individually shipping-taxable purchasable product-type-simple\">\n    <div class=\"qodef-woo-product-inner\">\n\t\t            <div class=\"qodef-woo-product-image\">\n\t\t\t\t\t\t\t\t<img width=\"1200\" height=\"867\" src=\"https:\/\/depaire.fr\/wp-content\/uploads\/2021\/02\/111-bois-et-porcelaine-entre-nous.jpg\" class=\"attachment-full size-full wp-post-image\" alt=\"\" decoding=\"async\" srcset=\"https:\/\/depaire.fr\/wp-content\/uploads\/2021\/02\/111-bois-et-porcelaine-entre-nous.jpg 1200w, https:\/\/depaire.fr\/wp-content\/uploads\/2021\/02\/111-bois-et-porcelaine-entre-nous-300x217.jpg 300w, https:\/\/depaire.fr\/wp-content\/uploads\/2021\/02\/111-bois-et-porcelaine-entre-nous-1024x740.jpg 1024w, https:\/\/depaire.fr\/wp-content\/uploads\/2021\/02\/111-bois-et-porcelaine-entre-nous-768x555.jpg 768w, https:\/\/depaire.fr\/wp-content\/uploads\/2021\/02\/111-bois-et-porcelaine-entre-nous-400x289.jpg 400w\" sizes=\"(max-width: 1200px) 100vw, 1200px\" \/>                <div class=\"qodef-woo-product-image-inner\">\n\t\t\t\t\t<a href=\"https:\/\/depaire.fr\/en\/contact\/\"  class=\"button\">Price on request<\/a>                <\/div>\n            <\/div>\n\t\t        <div class=\"qodef-woo-product-content\">\n\t\t\t\t\t\t<h5 itemprop=\"name\" class=\"qodef-woo-product-title entry-title\" >\n\t<a itemprop=\"url\" class=\"qodef-woo-product-title-link\" href=\"https:\/\/depaire.fr\/en\/collections\/entre-nous\/\">\n\t\tEntre nous\t<\/a>\n<\/h5>\t\t\t\t\t<div class=\"qodef-woo-product-price price\"><span class=\"qodef-price-text\">Price:<\/span><\/div>\n\t\t\t\t        <\/div>\n\t\t<a href=\"https:\/\/depaire.fr\/en\/collections\/entre-nous\/\" class=\"woocommerce-LoopProduct-link woocommerce-loop-product__link\"><\/a>    <\/div>\n<\/div>\n<div class=\"qodef-e qodef-grid-item qodef-item--full qodef-layout--wide-gallery product type-product post-5522 status-publish last instock product_cat-bois-et-porcelaine has-post-thumbnail sold-individually shipping-taxable purchasable product-type-simple\">\n    <div class=\"qodef-woo-product-inner\">\n\t\t            <div class=\"qodef-woo-product-image\">\n\t\t\t\t\t\t\t\t<img width=\"1200\" height=\"867\" src=\"https:\/\/depaire.fr\/wp-content\/uploads\/2021\/02\/216-boulots-acidules-sur-terre-blanche.jpg\" class=\"attachment-full size-full wp-post-image\" alt=\"\" decoding=\"async\" srcset=\"https:\/\/depaire.fr\/wp-content\/uploads\/2021\/02\/216-boulots-acidules-sur-terre-blanche.jpg 1200w, https:\/\/depaire.fr\/wp-content\/uploads\/2021\/02\/216-boulots-acidules-sur-terre-blanche-300x217.jpg 300w, https:\/\/depaire.fr\/wp-content\/uploads\/2021\/02\/216-boulots-acidules-sur-terre-blanche-1024x740.jpg 1024w, https:\/\/depaire.fr\/wp-content\/uploads\/2021\/02\/216-boulots-acidules-sur-terre-blanche-768x555.jpg 768w, https:\/\/depaire.fr\/wp-content\/uploads\/2021\/02\/216-boulots-acidules-sur-terre-blanche-400x289.jpg 400w\" sizes=\"(max-width: 1200px) 100vw, 1200px\" \/>                <div class=\"qodef-woo-product-image-inner\">\n\t\t\t\t\t<a href=\"?add-to-cart=5522\" data-quantity=\"1\" class=\"button wp-element-button product_type_simple add_to_cart_button ajax_add_to_cart\" data-product_id=\"5522\" data-product_sku=\"216\" aria-label=\"Add \u201cBoulots acidul\u00e9s sur terre blanche\u201d to your basket\" rel=\"nofollow\" data-no-translation=\"\" data-trp-gettext=\"\" data-no-translation-aria-label=\"\">Add to cart<\/a>                <\/div>\n            <\/div>\n\t\t        <div class=\"qodef-woo-product-content\">\n\t\t\t\t\t\t<h5 itemprop=\"name\" class=\"qodef-woo-product-title entry-title\" >\n\t<a itemprop=\"url\" class=\"qodef-woo-product-title-link\" href=\"https:\/\/depaire.fr\/en\/collections\/boulots-acidules-sur-terre-blanche\/\">\n\t\tBoulots acidul\u00e9s sur terre blanche\t<\/a>\n<\/h5>\t\t\t\t\t<div class=\"qodef-woo-product-price price\"><span class=\"qodef-price-text\">Price:<\/span><span class=\"woocommerce-Price-amount amount\">1200,00&nbsp;<span class=\"woocommerce-Price-currencySymbol\">&euro;<\/span><\/span><\/div>\n\t\t\t\t        <\/div>\n\t\t<a href=\"https:\/\/depaire.fr\/en\/collections\/boulots-acidules-sur-terre-blanche\/\" class=\"woocommerce-LoopProduct-link woocommerce-loop-product__link\"><\/a>    <\/div>\n<\/div>\n\t<\/div>\n\t<\/div>\t\t<\/div>\n\t\t\t\t<\/div>\n\t\t\t\t\t\t<\/div>\n\t\t\t\t\t<\/div>\n\t\t<\/div>\n\t\t\t\t\t\t\t\t<\/div>\n\t\t\t\t\t<\/div>\n\t\t<\/section>\n\t\t\t\t\t\t\t\t\t<\/div>\n\t\t\t<\/div>\n\t\t\t\t\t<\/div>","protected":false},"excerpt":{"rendered":"<p>Collection Bois et Porcelaine Ces \u0153uvres sont le point d\u2019ancrage de mon univers, les bouleaux sont le reflet de personnalit\u00e9s, et derri\u00e8re chaque posture un ou des \u00e9v\u00e9nements Retour aux collections Ajouter au panier Promenades Price:3200,00&nbsp;\u20ac<\/p>","protected":false},"author":1,"featured_media":0,"parent":0,"menu_order":0,"comment_status":"closed","ping_status":"closed","template":"page-full-width.php","meta":[],"yoast_head":"<!-- This site is optimized with the Yoast SEO plugin v20.8 - https:\/\/yoast.com\/wordpress\/plugins\/seo\/ -->\n<title>Bois et Porcelaine - Silvia Depaire<\/title>\n<meta name=\"robots\" content=\"index, follow, max-snippet:-1, max-image-preview:large, max-video-preview:-1\" \/>\n<link rel=\"canonical\" href=\"https:\/\/depaire.fr\/en\/bois-et-porcelaine\/\" \/>\n<meta property=\"og:locale\" content=\"en_GB\" \/>\n<meta property=\"og:type\" content=\"article\" \/>\n<meta property=\"og:title\" content=\"Bois et Porcelaine - Silvia Depaire\" \/>\n<meta property=\"og:description\" content=\"Collection Bois et Porcelaine Ces \u0153uvres sont le point d\u2019ancrage de mon univers, les bouleaux sont le reflet de personnalit\u00e9s, et derri\u00e8re chaque posture un ou des \u00e9v\u00e9nements Retour aux collections Ajouter au panier Promenades Price:3200,00&nbsp;\u20ac\" \/>\n<meta property=\"og:url\" content=\"https:\/\/depaire.fr\/en\/bois-et-porcelaine\/\" \/>\n<meta property=\"og:site_name\" content=\"Silvia Depaire\" \/>\n<meta property=\"article:modified_time\" content=\"2021-01-21T21:31:15+00:00\" \/>\n<meta property=\"og:image\" content=\"http:\/\/depaire.fr\/wp-content\/uploads\/2021\/01\/promenades-1200.jpg\" \/>\n<meta name=\"twitter:card\" content=\"summary_large_image\" \/>\n<script type=\"application\/ld+json\" class=\"yoast-schema-graph\">{\"@context\":\"https:\/\/schema.org\",\"@graph\":[{\"@type\":\"WebPage\",\"@id\":\"https:\/\/depaire.fr\/bois-et-porcelaine\/\",\"url\":\"https:\/\/depaire.fr\/bois-et-porcelaine\/\",\"name\":\"Bois et Porcelaine - Silvia Depaire\",\"isPartOf\":{\"@id\":\"https:\/\/depaire.fr\/#website\"},\"datePublished\":\"2021-01-19T18:14:45+00:00\",\"dateModified\":\"2021-01-21T21:31:15+00:00\",\"breadcrumb\":{\"@id\":\"https:\/\/depaire.fr\/bois-et-porcelaine\/#breadcrumb\"},\"inLanguage\":\"en-GB\",\"potentialAction\":[{\"@type\":\"ReadAction\",\"target\":[\"https:\/\/depaire.fr\/bois-et-porcelaine\/\"]}]},{\"@type\":\"BreadcrumbList\",\"@id\":\"https:\/\/depaire.fr\/bois-et-porcelaine\/#breadcrumb\",\"itemListElement\":[{\"@type\":\"ListItem\",\"position\":1,\"name\":\"Accueil\",\"item\":\"https:\/\/depaire.fr\/\"},{\"@type\":\"ListItem\",\"position\":2,\"name\":\"Bois et Porcelaine\"}]},{\"@type\":\"WebSite\",\"@id\":\"https:\/\/depaire.fr\/#website\",\"url\":\"https:\/\/depaire.fr\/\",\"name\":\"Silvia Depaire\",\"description\":\"Artiste peintre\",\"publisher\":{\"@id\":\"https:\/\/depaire.fr\/#organization\"},\"potentialAction\":[{\"@type\":\"SearchAction\",\"target\":{\"@type\":\"EntryPoint\",\"urlTemplate\":\"https:\/\/depaire.fr\/?s={search_term_string}\"},\"query-input\":\"required name=search_term_string\"}],\"inLanguage\":\"en-GB\"},{\"@type\":\"Organization\",\"@id\":\"https:\/\/depaire.fr\/#organization\",\"name\":\"Silvia Depaire\",\"url\":\"https:\/\/depaire.fr\/\",\"logo\":{\"@type\":\"ImageObject\",\"inLanguage\":\"en-GB\",\"@id\":\"https:\/\/depaire.fr\/#\/schema\/logo\/image\/\",\"url\":\"https:\/\/depaire.fr\/wp-content\/uploads\/2021\/01\/silvia-depaire-logo.png\",\"contentUrl\":\"https:\/\/depaire.fr\/wp-content\/uploads\/2021\/01\/silvia-depaire-logo.png\",\"width\":250,\"height\":60,\"caption\":\"Silvia Depaire\"},\"image\":{\"@id\":\"https:\/\/depaire.fr\/#\/schema\/logo\/image\/\"},\"sameAs\":[\"https:\/\/www.instagram.com\/silviadepaire\/\"]}]}<\/script>\n<!-- \/ Yoast SEO plugin. -->","yoast_head_json":{"title":"Bois et Porcelaine - Silvia Depaire","robots":{"index":"index","follow":"follow","max-snippet":"max-snippet:-1","max-image-preview":"max-image-preview:large","max-video-preview":"max-video-preview:-1"},"canonical":"https:\/\/depaire.fr\/en\/bois-et-porcelaine\/","og_locale":"en_GB","og_type":"article","og_title":"Bois et Porcelaine - Silvia Depaire","og_description":"Collection Bois et Porcelaine Ces \u0153uvres sont le point d\u2019ancrage de mon univers, les bouleaux sont le reflet de personnalit\u00e9s, et derri\u00e8re chaque posture un ou des \u00e9v\u00e9nements Retour aux collections Ajouter au panier Promenades Price:3200,00&nbsp;\u20ac","og_url":"https:\/\/depaire.fr\/en\/bois-et-porcelaine\/","og_site_name":"Silvia Depaire","article_modified_time":"2021-01-21T21:31:15+00:00","og_image":[{"url":"http:\/\/depaire.fr\/wp-content\/uploads\/2021\/01\/promenades-1200.jpg"}],"twitter_card":"summary_large_image","schema":{"@context":"https:\/\/schema.org","@graph":[{"@type":"WebPage","@id":"https:\/\/depaire.fr\/bois-et-porcelaine\/","url":"https:\/\/depaire.fr\/bois-et-porcelaine\/","name":"Bois et Porcelaine - Silvia Depaire","isPartOf":{"@id":"https:\/\/depaire.fr\/#website"},"datePublished":"2021-01-19T18:14:45+00:00","dateModified":"2021-01-21T21:31:15+00:00","breadcrumb":{"@id":"https:\/\/depaire.fr\/bois-et-porcelaine\/#breadcrumb"},"inLanguage":"en-GB","potentialAction":[{"@type":"ReadAction","target":["https:\/\/depaire.fr\/bois-et-porcelaine\/"]}]},{"@type":"BreadcrumbList","@id":"https:\/\/depaire.fr\/bois-et-porcelaine\/#breadcrumb","itemListElement":[{"@type":"ListItem","position":1,"name":"Accueil","item":"https:\/\/depaire.fr\/"},{"@type":"ListItem","position":2,"name":"Bois et Porcelaine"}]},{"@type":"WebSite","@id":"https:\/\/depaire.fr\/#website","url":"https:\/\/depaire.fr\/","name":"Silvia Depaire","description":"Artiste peintre","publisher":{"@id":"https:\/\/depaire.fr\/#organization"},"potentialAction":[{"@type":"SearchAction","target":{"@type":"EntryPoint","urlTemplate":"https:\/\/depaire.fr\/?s={search_term_string}"},"query-input":"required name=search_term_string"}],"inLanguage":"en-GB"},{"@type":"Organization","@id":"https:\/\/depaire.fr\/#organization","name":"Silvia Depaire","url":"https:\/\/depaire.fr\/","logo":{"@type":"ImageObject","inLanguage":"en-GB","@id":"https:\/\/depaire.fr\/#\/schema\/logo\/image\/","url":"https:\/\/depaire.fr\/wp-content\/uploads\/2021\/01\/silvia-depaire-logo.png","contentUrl":"https:\/\/depaire.fr\/wp-content\/uploads\/2021\/01\/silvia-depaire-logo.png","width":250,"height":60,"caption":"Silvia Depaire"},"image":{"@id":"https:\/\/depaire.fr\/#\/schema\/logo\/image\/"},"sameAs":["https:\/\/www.instagram.com\/silviadepaire\/"]}]}},"_links":{"self":[{"href":"https:\/\/depaire.fr\/en\/wp-json\/wp\/v2\/pages\/4807"}],"collection":[{"href":"https:\/\/depaire.fr\/en\/wp-json\/wp\/v2\/pages"}],"about":[{"href":"https:\/\/depaire.fr\/en\/wp-json\/wp\/v2\/types\/page"}],"author":[{"embeddable":true,"href":"https:\/\/depaire.fr\/en\/wp-json\/wp\/v2\/users\/1"}],"replies":[{"embeddable":true,"href":"https:\/\/depaire.fr\/en\/wp-json\/wp\/v2\/comments?post=4807"}],"version-history":[{"count":11,"href":"https:\/\/depaire.fr\/en\/wp-json\/wp\/v2\/pages\/4807\/revisions"}],"predecessor-version":[{"id":5230,"href":"https:\/\/depaire.fr\/en\/wp-json\/wp\/v2\/pages\/4807\/revisions\/5230"}],"wp:attachment":[{"href":"https:\/\/depaire.fr\/en\/wp-json\/wp\/v2\/media?parent=4807"}],"curies":[{"name":"wp","href":"https:\/\/api.w.org\/{rel}","templated":true}]}}