{"id":1299,"date":"2020-10-07T11:28:59","date_gmt":"2020-10-07T11:28:59","guid":{"rendered":"https:\/\/lucent.qodeinteractive.com\/?page_id=1299"},"modified":"2021-01-27T09:44:06","modified_gmt":"2021-01-27T08:44:06","slug":"faq","status":"publish","type":"page","link":"https:\/\/depaire.fr\/en\/faq\/","title":{"rendered":"FAQ"},"content":{"rendered":"<div data-elementor-type=\"wp-page\" data-elementor-id=\"1299\" class=\"elementor elementor-1299\">\n\t\t\t\t\t\t<div class=\"elementor-inner\">\n\t\t\t\t<div class=\"elementor-section-wrap\">\n\t\t\t\t\t\t\t\t\t<section class=\"elementor-section elementor-top-section elementor-element elementor-element-71c30db qodef-elementor-content-grid elementor-section-boxed elementor-section-height-default elementor-section-height-default qodef-elementor-back-to-top-dark\" data-id=\"71c30db\" data-element_type=\"section\">\n\t\t\t\t\t\t<div class=\"elementor-container elementor-column-gap-default\">\n\t\t\t\t\t\t\t<div class=\"elementor-row\">\n\t\t\t\t\t<div class=\"elementor-column elementor-col-100 elementor-top-column elementor-element elementor-element-4bf3fd7\" data-id=\"4bf3fd7\" data-element_type=\"column\">\n\t\t\t<div class=\"elementor-column-wrap elementor-element-populated\">\n\t\t\t\t\t\t\t<div class=\"elementor-widget-wrap\">\n\t\t\t\t\t\t<div class=\"elementor-element elementor-element-287d822 elementor-widget elementor-widget-lucent_core_section_title\" data-id=\"287d822\" data-element_type=\"widget\" data-widget_type=\"lucent_core_section_title.default\">\n\t\t\t\t<div class=\"elementor-widget-container\">\n\t\t\t<div class=\"qodef-shortcode qodef-m  qodef-section-title qodef-alignment--center\">\n\t\t<h1 class=\"qodef-m-title\" >\n\t\t\t\t\tQuestions about your<br \/> customer account\t\t\t<\/h1>\n\t<\/div>\t\t<\/div>\n\t\t\t\t<\/div>\n\t\t\t\t<div class=\"elementor-element elementor-element-78440ee elementor-widget elementor-widget-lucent_core_accordion\" data-id=\"78440ee\" data-element_type=\"widget\" data-widget_type=\"lucent_core_accordion.default\">\n\t\t\t\t<div class=\"elementor-widget-container\">\n\t\t\t<div class=\"qodef-shortcode qodef-m  qodef-accordion clear qodef-behavior--accordion qodef-layout--simple\">\n\t<h5 class=\"qodef-accordion-title\">\n\t<span class=\"qodef-tab-title\">\n\t\tCan I order without a customer account?\t<\/span>\n\t<span class=\"qodef-accordion-mark\">\n\t\t<span class=\"qodef-icon--plus\">\n\t\t\t<svg xmlns=\"http:\/\/www.w3.org\/2000\/svg\" xmlns:xlink=\"http:\/\/www.w3.org\/1999\/xlink\" width=\"14\" height=\"14\" viewbox=\"0 0 14 14\">\n\t\t\t\t<image width=\"14\" height=\"14\" xlink:href=\"data:img\/png;base64,iVBORw0KGgoAAAANSUhEUgAAAA4AAAAOCAYAAAAfSC3RAAAAe0lEQVQokb3QsQmAQAyF4d\/DFVzIwRzCxlEsHeIWECyvtLNRDiJouESx8MGrko9AMFIBo7SylnTy4gDs0uENvqJN+oivKAKLNHpYowaYpY2FSyjnhFi4KyANNe4CsAIT0ALJeVySnUmMGX3xluBJL\/\/D2pnl732CvTkBDlw+LYBLacUZAAAAAElFTkSuQmCC\"\/>\n\t\t\t<\/svg>\n\t\t<\/span>\n\t\t<span class=\"qodef-icon--minus\">\n\t\t\t<svg xmlns=\"http:\/\/www.w3.org\/2000\/svg\" xmlns:xlink=\"http:\/\/www.w3.org\/1999\/xlink\" width=\"14\" height=\"14\" viewbox=\"0 0 14 14\">\n\t\t\t\t<image width=\"14\" height=\"14\" xlink:href=\"data:img\/png;base64,iVBORw0KGgoAAAANSUhEUgAAAA4AAAAOCAYAAAAfSC3RAAAAe0lEQVQokb3QsQmAQAyF4d\/DFVzIwRzCxlEsHeIWECyvtLNRDiJouESx8MGrko9AMFIBo7SylnTy4gDs0uENvqJN+oivKAKLNHpYowaYpY2FSyjnhFi4KyANNe4CsAIT0ALJeVySnUmMGX3xluBJL\/\/D2pnl732CvTkBDlw+LYBLacUZAAAAAElFTkSuQmCC\"\/>\n\t\t\t<\/svg>\n\t\t<\/span>\n\t<\/span>\n<\/h5>\n<div class=\"qodef-accordion-content\">\n\t<div class=\"qodef-accordion-content-inner\">\n\t\t<p>No, the creation of a customer account is required to place an order on the site. Having an account allows you to manage your orders from your dashboard.<\/p>\t<\/div>\n<\/div>\n<h5 class=\"qodef-accordion-title\">\n\t<span class=\"qodef-tab-title\">\n\t\tHow to create a customer account?\t<\/span>\n\t<span class=\"qodef-accordion-mark\">\n\t\t<span class=\"qodef-icon--plus\">\n\t\t\t<svg xmlns=\"http:\/\/www.w3.org\/2000\/svg\" xmlns:xlink=\"http:\/\/www.w3.org\/1999\/xlink\" width=\"14\" height=\"14\" viewbox=\"0 0 14 14\">\n\t\t\t\t<image width=\"14\" height=\"14\" xlink:href=\"data:img\/png;base64,iVBORw0KGgoAAAANSUhEUgAAAA4AAAAOCAYAAAAfSC3RAAAAe0lEQVQokb3QsQmAQAyF4d\/DFVzIwRzCxlEsHeIWECyvtLNRDiJouESx8MGrko9AMFIBo7SylnTy4gDs0uENvqJN+oivKAKLNHpYowaYpY2FSyjnhFi4KyANNe4CsAIT0ALJeVySnUmMGX3xluBJL\/\/D2pnl732CvTkBDlw+LYBLacUZAAAAAElFTkSuQmCC\"\/>\n\t\t\t<\/svg>\n\t\t<\/span>\n\t\t<span class=\"qodef-icon--minus\">\n\t\t\t<svg xmlns=\"http:\/\/www.w3.org\/2000\/svg\" xmlns:xlink=\"http:\/\/www.w3.org\/1999\/xlink\" width=\"14\" height=\"14\" viewbox=\"0 0 14 14\">\n\t\t\t\t<image width=\"14\" height=\"14\" xlink:href=\"data:img\/png;base64,iVBORw0KGgoAAAANSUhEUgAAAA4AAAAOCAYAAAAfSC3RAAAAe0lEQVQokb3QsQmAQAyF4d\/DFVzIwRzCxlEsHeIWECyvtLNRDiJouESx8MGrko9AMFIBo7SylnTy4gDs0uENvqJN+oivKAKLNHpYowaYpY2FSyjnhFi4KyANNe4CsAIT0ALJeVySnUmMGX3xluBJL\/\/D2pnl732CvTkBDlw+LYBLacUZAAAAAElFTkSuQmCC\"\/>\n\t\t\t<\/svg>\n\t\t<\/span>\n\t<\/span>\n<\/h5>\n<div class=\"qodef-accordion-content\">\n\t<div class=\"qodef-accordion-content-inner\">\n\t\t<p>You can create a customer account when you place your order or by clicking on \"my account &gt; create an account\", before placing your order.<\/p>\t<\/div>\n<\/div>\n<h5 class=\"qodef-accordion-title\">\n\t<span class=\"qodef-tab-title\">\n\t\tHow to change the email address of my account?\t<\/span>\n\t<span class=\"qodef-accordion-mark\">\n\t\t<span class=\"qodef-icon--plus\">\n\t\t\t<svg xmlns=\"http:\/\/www.w3.org\/2000\/svg\" xmlns:xlink=\"http:\/\/www.w3.org\/1999\/xlink\" width=\"14\" height=\"14\" viewbox=\"0 0 14 14\">\n\t\t\t\t<image width=\"14\" height=\"14\" xlink:href=\"data:img\/png;base64,iVBORw0KGgoAAAANSUhEUgAAAA4AAAAOCAYAAAAfSC3RAAAAe0lEQVQokb3QsQmAQAyF4d\/DFVzIwRzCxlEsHeIWECyvtLNRDiJouESx8MGrko9AMFIBo7SylnTy4gDs0uENvqJN+oivKAKLNHpYowaYpY2FSyjnhFi4KyANNe4CsAIT0ALJeVySnUmMGX3xluBJL\/\/D2pnl732CvTkBDlw+LYBLacUZAAAAAElFTkSuQmCC\"\/>\n\t\t\t<\/svg>\n\t\t<\/span>\n\t\t<span class=\"qodef-icon--minus\">\n\t\t\t<svg xmlns=\"http:\/\/www.w3.org\/2000\/svg\" xmlns:xlink=\"http:\/\/www.w3.org\/1999\/xlink\" width=\"14\" height=\"14\" viewbox=\"0 0 14 14\">\n\t\t\t\t<image width=\"14\" height=\"14\" xlink:href=\"data:img\/png;base64,iVBORw0KGgoAAAANSUhEUgAAAA4AAAAOCAYAAAAfSC3RAAAAe0lEQVQokb3QsQmAQAyF4d\/DFVzIwRzCxlEsHeIWECyvtLNRDiJouESx8MGrko9AMFIBo7SylnTy4gDs0uENvqJN+oivKAKLNHpYowaYpY2FSyjnhFi4KyANNe4CsAIT0ALJeVySnUmMGX3xluBJL\/\/D2pnl732CvTkBDlw+LYBLacUZAAAAAElFTkSuQmCC\"\/>\n\t\t\t<\/svg>\n\t\t<\/span>\n\t<\/span>\n<\/h5>\n<div class=\"qodef-accordion-content\">\n\t<div class=\"qodef-accordion-content-inner\">\n\t\t<p>To change the e-mail address of your customer account, log in by clicking on \"my account\" and access the dashboard of your user account. Then select \"Account details\". You will then be able to change your e-mail address.<\/p>\t<\/div>\n<\/div>\n<h5 class=\"qodef-accordion-title\">\n\t<span class=\"qodef-tab-title\">\n\t\tHow to change my delivery and billing addresses?\t<\/span>\n\t<span class=\"qodef-accordion-mark\">\n\t\t<span class=\"qodef-icon--plus\">\n\t\t\t<svg xmlns=\"http:\/\/www.w3.org\/2000\/svg\" xmlns:xlink=\"http:\/\/www.w3.org\/1999\/xlink\" width=\"14\" height=\"14\" viewbox=\"0 0 14 14\">\n\t\t\t\t<image width=\"14\" height=\"14\" xlink:href=\"data:img\/png;base64,iVBORw0KGgoAAAANSUhEUgAAAA4AAAAOCAYAAAAfSC3RAAAAe0lEQVQokb3QsQmAQAyF4d\/DFVzIwRzCxlEsHeIWECyvtLNRDiJouESx8MGrko9AMFIBo7SylnTy4gDs0uENvqJN+oivKAKLNHpYowaYpY2FSyjnhFi4KyANNe4CsAIT0ALJeVySnUmMGX3xluBJL\/\/D2pnl732CvTkBDlw+LYBLacUZAAAAAElFTkSuQmCC\"\/>\n\t\t\t<\/svg>\n\t\t<\/span>\n\t\t<span class=\"qodef-icon--minus\">\n\t\t\t<svg xmlns=\"http:\/\/www.w3.org\/2000\/svg\" xmlns:xlink=\"http:\/\/www.w3.org\/1999\/xlink\" width=\"14\" height=\"14\" viewbox=\"0 0 14 14\">\n\t\t\t\t<image width=\"14\" height=\"14\" xlink:href=\"data:img\/png;base64,iVBORw0KGgoAAAANSUhEUgAAAA4AAAAOCAYAAAAfSC3RAAAAe0lEQVQokb3QsQmAQAyF4d\/DFVzIwRzCxlEsHeIWECyvtLNRDiJouESx8MGrko9AMFIBo7SylnTy4gDs0uENvqJN+oivKAKLNHpYowaYpY2FSyjnhFi4KyANNe4CsAIT0ALJeVySnUmMGX3xluBJL\/\/D2pnl732CvTkBDlw+LYBLacUZAAAAAElFTkSuQmCC\"\/>\n\t\t\t<\/svg>\n\t\t<\/span>\n\t<\/span>\n<\/h5>\n<div class=\"qodef-accordion-content\">\n\t<div class=\"qodef-accordion-content-inner\">\n\t\t<p>You can change your delivery and billing addresses in exactly the same way as your email address. Log in to your user account and access your dashboard. Then click on \"Addresses\".<\/p>\t<\/div>\n<\/div>\n<h5 class=\"qodef-accordion-title\">\n\t<span class=\"qodef-tab-title\">\n\t\tI've lost my password.\t<\/span>\n\t<span class=\"qodef-accordion-mark\">\n\t\t<span class=\"qodef-icon--plus\">\n\t\t\t<svg xmlns=\"http:\/\/www.w3.org\/2000\/svg\" xmlns:xlink=\"http:\/\/www.w3.org\/1999\/xlink\" width=\"14\" height=\"14\" viewbox=\"0 0 14 14\">\n\t\t\t\t<image width=\"14\" height=\"14\" xlink:href=\"data:img\/png;base64,iVBORw0KGgoAAAANSUhEUgAAAA4AAAAOCAYAAAAfSC3RAAAAe0lEQVQokb3QsQmAQAyF4d\/DFVzIwRzCxlEsHeIWECyvtLNRDiJouESx8MGrko9AMFIBo7SylnTy4gDs0uENvqJN+oivKAKLNHpYowaYpY2FSyjnhFi4KyANNe4CsAIT0ALJeVySnUmMGX3xluBJL\/\/D2pnl732CvTkBDlw+LYBLacUZAAAAAElFTkSuQmCC\"\/>\n\t\t\t<\/svg>\n\t\t<\/span>\n\t\t<span class=\"qodef-icon--minus\">\n\t\t\t<svg xmlns=\"http:\/\/www.w3.org\/2000\/svg\" xmlns:xlink=\"http:\/\/www.w3.org\/1999\/xlink\" width=\"14\" height=\"14\" viewbox=\"0 0 14 14\">\n\t\t\t\t<image width=\"14\" height=\"14\" xlink:href=\"data:img\/png;base64,iVBORw0KGgoAAAANSUhEUgAAAA4AAAAOCAYAAAAfSC3RAAAAe0lEQVQokb3QsQmAQAyF4d\/DFVzIwRzCxlEsHeIWECyvtLNRDiJouESx8MGrko9AMFIBo7SylnTy4gDs0uENvqJN+oivKAKLNHpYowaYpY2FSyjnhFi4KyANNe4CsAIT0ALJeVySnUmMGX3xluBJL\/\/D2pnl732CvTkBDlw+LYBLacUZAAAAAElFTkSuQmCC\"\/>\n\t\t\t<\/svg>\n\t\t<\/span>\n\t<\/span>\n<\/h5>\n<div class=\"qodef-accordion-content\">\n\t<div class=\"qodef-accordion-content-inner\">\n\t\t<p>To reset your password, click on \"My Account &gt; Lost Password\", and let us guide you.<\/p>\t<\/div>\n<\/div>\n<\/div>\t\t<\/div>\n\t\t\t\t<\/div>\n\t\t\t\t<div class=\"elementor-element elementor-element-ca55202 elementor-widget elementor-widget-lucent_core_section_title\" data-id=\"ca55202\" data-element_type=\"widget\" data-widget_type=\"lucent_core_section_title.default\">\n\t\t\t\t<div class=\"elementor-widget-container\">\n\t\t\t<div class=\"qodef-shortcode qodef-m  qodef-section-title qodef-alignment--center\">\n\t\t<h1 class=\"qodef-m-title\" >\n\t\t\t\t\tQuestions regarding your<br \/> online purchases\t\t\t<\/h1>\n\t<\/div>\t\t<\/div>\n\t\t\t\t<\/div>\n\t\t\t\t<div class=\"elementor-element elementor-element-193e904 elementor-widget elementor-widget-lucent_core_accordion\" data-id=\"193e904\" data-element_type=\"widget\" data-widget_type=\"lucent_core_accordion.default\">\n\t\t\t\t<div class=\"elementor-widget-container\">\n\t\t\t<div class=\"qodef-shortcode qodef-m  qodef-accordion clear qodef-behavior--accordion qodef-layout--simple\">\n\t<h5 class=\"qodef-accordion-title\">\n\t<span class=\"qodef-tab-title\">\n\t\tWhich payment methods are accepted?\t<\/span>\n\t<span class=\"qodef-accordion-mark\">\n\t\t<span class=\"qodef-icon--plus\">\n\t\t\t<svg xmlns=\"http:\/\/www.w3.org\/2000\/svg\" xmlns:xlink=\"http:\/\/www.w3.org\/1999\/xlink\" width=\"14\" height=\"14\" viewbox=\"0 0 14 14\">\n\t\t\t\t<image width=\"14\" height=\"14\" xlink:href=\"data:img\/png;base64,iVBORw0KGgoAAAANSUhEUgAAAA4AAAAOCAYAAAAfSC3RAAAAe0lEQVQokb3QsQmAQAyF4d\/DFVzIwRzCxlEsHeIWECyvtLNRDiJouESx8MGrko9AMFIBo7SylnTy4gDs0uENvqJN+oivKAKLNHpYowaYpY2FSyjnhFi4KyANNe4CsAIT0ALJeVySnUmMGX3xluBJL\/\/D2pnl732CvTkBDlw+LYBLacUZAAAAAElFTkSuQmCC\"\/>\n\t\t\t<\/svg>\n\t\t<\/span>\n\t\t<span class=\"qodef-icon--minus\">\n\t\t\t<svg xmlns=\"http:\/\/www.w3.org\/2000\/svg\" xmlns:xlink=\"http:\/\/www.w3.org\/1999\/xlink\" width=\"14\" height=\"14\" viewbox=\"0 0 14 14\">\n\t\t\t\t<image width=\"14\" height=\"14\" xlink:href=\"data:img\/png;base64,iVBORw0KGgoAAAANSUhEUgAAAA4AAAAOCAYAAAAfSC3RAAAAe0lEQVQokb3QsQmAQAyF4d\/DFVzIwRzCxlEsHeIWECyvtLNRDiJouESx8MGrko9AMFIBo7SylnTy4gDs0uENvqJN+oivKAKLNHpYowaYpY2FSyjnhFi4KyANNe4CsAIT0ALJeVySnUmMGX3xluBJL\/\/D2pnl732CvTkBDlw+LYBLacUZAAAAAElFTkSuQmCC\"\/>\n\t\t\t<\/svg>\n\t\t<\/span>\n\t<\/span>\n<\/h5>\n<div class=\"qodef-accordion-content\">\n\t<div class=\"qodef-accordion-content-inner\">\n\t\t<p>We only accept payments by credit card, via the secure payment system Stripe. All credit cards used for payment must have a valid billing address<\/p>\t<\/div>\n<\/div>\n<h5 class=\"qodef-accordion-title\">\n\t<span class=\"qodef-tab-title\">\n\t\tAre my payments secure?\t<\/span>\n\t<span class=\"qodef-accordion-mark\">\n\t\t<span class=\"qodef-icon--plus\">\n\t\t\t<svg xmlns=\"http:\/\/www.w3.org\/2000\/svg\" xmlns:xlink=\"http:\/\/www.w3.org\/1999\/xlink\" width=\"14\" height=\"14\" viewbox=\"0 0 14 14\">\n\t\t\t\t<image width=\"14\" height=\"14\" xlink:href=\"data:img\/png;base64,iVBORw0KGgoAAAANSUhEUgAAAA4AAAAOCAYAAAAfSC3RAAAAe0lEQVQokb3QsQmAQAyF4d\/DFVzIwRzCxlEsHeIWECyvtLNRDiJouESx8MGrko9AMFIBo7SylnTy4gDs0uENvqJN+oivKAKLNHpYowaYpY2FSyjnhFi4KyANNe4CsAIT0ALJeVySnUmMGX3xluBJL\/\/D2pnl732CvTkBDlw+LYBLacUZAAAAAElFTkSuQmCC\"\/>\n\t\t\t<\/svg>\n\t\t<\/span>\n\t\t<span class=\"qodef-icon--minus\">\n\t\t\t<svg xmlns=\"http:\/\/www.w3.org\/2000\/svg\" xmlns:xlink=\"http:\/\/www.w3.org\/1999\/xlink\" width=\"14\" height=\"14\" viewbox=\"0 0 14 14\">\n\t\t\t\t<image width=\"14\" height=\"14\" xlink:href=\"data:img\/png;base64,iVBORw0KGgoAAAANSUhEUgAAAA4AAAAOCAYAAAAfSC3RAAAAe0lEQVQokb3QsQmAQAyF4d\/DFVzIwRzCxlEsHeIWECyvtLNRDiJouESx8MGrko9AMFIBo7SylnTy4gDs0uENvqJN+oivKAKLNHpYowaYpY2FSyjnhFi4KyANNe4CsAIT0ALJeVySnUmMGX3xluBJL\/\/D2pnl732CvTkBDlw+LYBLacUZAAAAAElFTkSuQmCC\"\/>\n\t\t\t<\/svg>\n\t\t<\/span>\n\t<\/span>\n<\/h5>\n<div class=\"qodef-accordion-content\">\n\t<div class=\"qodef-accordion-content-inner\">\n\t\t<p>All orders are encrypted with Secure Sockets Layer (SSL) technology. SSL encrypts all your personal information, including credit card number, name and address, so that it cannot be read as it travels over the Internet. For SSL to work, you must use an SSL-enabled browser. For your own security, we do not store any payment information. Payments are made via Stripe, so that we can ensure that important information remains confidential and private.<\/p>\t<\/div>\n<\/div>\n<h5 class=\"qodef-accordion-title\">\n\t<span class=\"qodef-tab-title\">\n\t\tHow to track the status of my order?\t<\/span>\n\t<span class=\"qodef-accordion-mark\">\n\t\t<span class=\"qodef-icon--plus\">\n\t\t\t<svg xmlns=\"http:\/\/www.w3.org\/2000\/svg\" xmlns:xlink=\"http:\/\/www.w3.org\/1999\/xlink\" width=\"14\" height=\"14\" viewbox=\"0 0 14 14\">\n\t\t\t\t<image width=\"14\" height=\"14\" xlink:href=\"data:img\/png;base64,iVBORw0KGgoAAAANSUhEUgAAAA4AAAAOCAYAAAAfSC3RAAAAe0lEQVQokb3QsQmAQAyF4d\/DFVzIwRzCxlEsHeIWECyvtLNRDiJouESx8MGrko9AMFIBo7SylnTy4gDs0uENvqJN+oivKAKLNHpYowaYpY2FSyjnhFi4KyANNe4CsAIT0ALJeVySnUmMGX3xluBJL\/\/D2pnl732CvTkBDlw+LYBLacUZAAAAAElFTkSuQmCC\"\/>\n\t\t\t<\/svg>\n\t\t<\/span>\n\t\t<span class=\"qodef-icon--minus\">\n\t\t\t<svg xmlns=\"http:\/\/www.w3.org\/2000\/svg\" xmlns:xlink=\"http:\/\/www.w3.org\/1999\/xlink\" width=\"14\" height=\"14\" viewbox=\"0 0 14 14\">\n\t\t\t\t<image width=\"14\" height=\"14\" xlink:href=\"data:img\/png;base64,iVBORw0KGgoAAAANSUhEUgAAAA4AAAAOCAYAAAAfSC3RAAAAe0lEQVQokb3QsQmAQAyF4d\/DFVzIwRzCxlEsHeIWECyvtLNRDiJouESx8MGrko9AMFIBo7SylnTy4gDs0uENvqJN+oivKAKLNHpYowaYpY2FSyjnhFi4KyANNe4CsAIT0ALJeVySnUmMGX3xluBJL\/\/D2pnl732CvTkBDlw+LYBLacUZAAAAAElFTkSuQmCC\"\/>\n\t\t\t<\/svg>\n\t\t<\/span>\n\t<\/span>\n<\/h5>\n<div class=\"qodef-accordion-content\">\n\t<div class=\"qodef-accordion-content-inner\">\n\t\t<p>You can manage your orders, track its status and access your purchase history from your customer account.<\/p><p>However, to track the delivery of your package, go to the website of the delivery service provider with the tracking number of the package that will be communicated to you after your order.<\/p>\t<\/div>\n<\/div>\n<\/div>\t\t<\/div>\n\t\t\t\t<\/div>\n\t\t\t\t<div class=\"elementor-element elementor-element-e8321a0 elementor-widget elementor-widget-text-editor\" data-id=\"e8321a0\" data-element_type=\"widget\" data-widget_type=\"text-editor.default\">\n\t\t\t\t<div class=\"elementor-widget-container\">\n\t\t\t\t\t\t\t\t<div class=\"elementor-text-editor elementor-clearfix\">\n\t\t\t\t<h1>If you still cannot find the answer to your question, <a class=\"qodef-custom-underline\" href=\"https:\/\/depaire.fr\/en\/contact\/\"> please contact me<\/a>.<\/h1>\t\t\t\t\t<\/div>\n\t\t\t\t\t\t<\/div>\n\t\t\t\t<\/div>\n\t\t\t\t\t\t<\/div>\n\t\t\t\t\t<\/div>\n\t\t<\/div>\n\t\t\t\t\t\t\t\t<\/div>\n\t\t\t\t\t<\/div>\n\t\t<\/section>\n\t\t\t\t\t\t\t\t\t<\/div>\n\t\t\t<\/div>\n\t\t\t\t\t<\/div>","protected":false},"excerpt":{"rendered":"<p>Questions concernant votre compte client Puis-je commander sans compte client ? Non, la cr\u00e9ation d\u2019un compte client est requis pour pouvoir passer commande sur le site. Avoir un compte vous permet de g\u00e9rer vos commandes depuis votre tableau de bord. Comment cr\u00e9er un compte client ? Vous pouvez cr\u00e9er un compte client au moment de [&hellip;]<\/p>","protected":false},"author":1,"featured_media":0,"parent":0,"menu_order":0,"comment_status":"closed","ping_status":"closed","template":"","meta":[],"yoast_head":"<!-- This site is optimized with the Yoast SEO plugin v20.8 - https:\/\/yoast.com\/wordpress\/plugins\/seo\/ -->\n<title>FAQ - Silvia Depaire<\/title>\n<meta name=\"robots\" content=\"index, follow, max-snippet:-1, max-image-preview:large, max-video-preview:-1\" \/>\n<link rel=\"canonical\" href=\"https:\/\/depaire.fr\/en\/faq\/\" \/>\n<meta property=\"og:locale\" content=\"en_GB\" \/>\n<meta property=\"og:type\" content=\"article\" \/>\n<meta property=\"og:title\" content=\"FAQ - Silvia Depaire\" \/>\n<meta property=\"og:description\" content=\"Questions concernant votre compte client Puis-je commander sans compte client ? Non, la cr\u00e9ation d\u2019un compte client est requis pour pouvoir passer commande sur le site. Avoir un compte vous permet de g\u00e9rer vos commandes depuis votre tableau de bord. Comment cr\u00e9er un compte client ? Vous pouvez cr\u00e9er un compte client au moment de [&hellip;]\" \/>\n<meta property=\"og:url\" content=\"https:\/\/depaire.fr\/en\/faq\/\" \/>\n<meta property=\"og:site_name\" content=\"Silvia Depaire\" \/>\n<meta property=\"article:modified_time\" content=\"2021-01-27T08:44:06+00:00\" \/>\n<meta name=\"twitter:card\" content=\"summary_large_image\" \/>\n<meta name=\"twitter:label1\" content=\"Estimated reading time\" \/>\n\t<meta name=\"twitter:data1\" content=\"2 minutes\" \/>\n<script type=\"application\/ld+json\" class=\"yoast-schema-graph\">{\"@context\":\"https:\/\/schema.org\",\"@graph\":[{\"@type\":\"WebPage\",\"@id\":\"https:\/\/depaire.fr\/faq\/\",\"url\":\"https:\/\/depaire.fr\/faq\/\",\"name\":\"FAQ - Silvia Depaire\",\"isPartOf\":{\"@id\":\"https:\/\/depaire.fr\/#website\"},\"datePublished\":\"2020-10-07T11:28:59+00:00\",\"dateModified\":\"2021-01-27T08:44:06+00:00\",\"breadcrumb\":{\"@id\":\"https:\/\/depaire.fr\/faq\/#breadcrumb\"},\"inLanguage\":\"en-GB\",\"potentialAction\":[{\"@type\":\"ReadAction\",\"target\":[\"https:\/\/depaire.fr\/faq\/\"]}]},{\"@type\":\"BreadcrumbList\",\"@id\":\"https:\/\/depaire.fr\/faq\/#breadcrumb\",\"itemListElement\":[{\"@type\":\"ListItem\",\"position\":1,\"name\":\"Accueil\",\"item\":\"https:\/\/depaire.fr\/\"},{\"@type\":\"ListItem\",\"position\":2,\"name\":\"FAQ\"}]},{\"@type\":\"WebSite\",\"@id\":\"https:\/\/depaire.fr\/#website\",\"url\":\"https:\/\/depaire.fr\/\",\"name\":\"Silvia Depaire\",\"description\":\"Artiste peintre\",\"publisher\":{\"@id\":\"https:\/\/depaire.fr\/#organization\"},\"potentialAction\":[{\"@type\":\"SearchAction\",\"target\":{\"@type\":\"EntryPoint\",\"urlTemplate\":\"https:\/\/depaire.fr\/?s={search_term_string}\"},\"query-input\":\"required name=search_term_string\"}],\"inLanguage\":\"en-GB\"},{\"@type\":\"Organization\",\"@id\":\"https:\/\/depaire.fr\/#organization\",\"name\":\"Silvia Depaire\",\"url\":\"https:\/\/depaire.fr\/\",\"logo\":{\"@type\":\"ImageObject\",\"inLanguage\":\"en-GB\",\"@id\":\"https:\/\/depaire.fr\/#\/schema\/logo\/image\/\",\"url\":\"https:\/\/depaire.fr\/wp-content\/uploads\/2021\/01\/silvia-depaire-logo.png\",\"contentUrl\":\"https:\/\/depaire.fr\/wp-content\/uploads\/2021\/01\/silvia-depaire-logo.png\",\"width\":250,\"height\":60,\"caption\":\"Silvia Depaire\"},\"image\":{\"@id\":\"https:\/\/depaire.fr\/#\/schema\/logo\/image\/\"},\"sameAs\":[\"https:\/\/www.instagram.com\/silviadepaire\/\"]}]}<\/script>\n<!-- \/ Yoast SEO plugin. -->","yoast_head_json":{"title":"FAQ - Silvia Depaire","robots":{"index":"index","follow":"follow","max-snippet":"max-snippet:-1","max-image-preview":"max-image-preview:large","max-video-preview":"max-video-preview:-1"},"canonical":"https:\/\/depaire.fr\/en\/faq\/","og_locale":"en_GB","og_type":"article","og_title":"FAQ - Silvia Depaire","og_description":"Questions concernant votre compte client Puis-je commander sans compte client ? Non, la cr\u00e9ation d\u2019un compte client est requis pour pouvoir passer commande sur le site. Avoir un compte vous permet de g\u00e9rer vos commandes depuis votre tableau de bord. Comment cr\u00e9er un compte client ? Vous pouvez cr\u00e9er un compte client au moment de [&hellip;]","og_url":"https:\/\/depaire.fr\/en\/faq\/","og_site_name":"Silvia Depaire","article_modified_time":"2021-01-27T08:44:06+00:00","twitter_card":"summary_large_image","twitter_misc":{"Estimated reading time":"2 minutes"},"schema":{"@context":"https:\/\/schema.org","@graph":[{"@type":"WebPage","@id":"https:\/\/depaire.fr\/faq\/","url":"https:\/\/depaire.fr\/faq\/","name":"FAQ - Silvia Depaire","isPartOf":{"@id":"https:\/\/depaire.fr\/#website"},"datePublished":"2020-10-07T11:28:59+00:00","dateModified":"2021-01-27T08:44:06+00:00","breadcrumb":{"@id":"https:\/\/depaire.fr\/faq\/#breadcrumb"},"inLanguage":"en-GB","potentialAction":[{"@type":"ReadAction","target":["https:\/\/depaire.fr\/faq\/"]}]},{"@type":"BreadcrumbList","@id":"https:\/\/depaire.fr\/faq\/#breadcrumb","itemListElement":[{"@type":"ListItem","position":1,"name":"Accueil","item":"https:\/\/depaire.fr\/"},{"@type":"ListItem","position":2,"name":"FAQ"}]},{"@type":"WebSite","@id":"https:\/\/depaire.fr\/#website","url":"https:\/\/depaire.fr\/","name":"Silvia Depaire","description":"Artiste peintre","publisher":{"@id":"https:\/\/depaire.fr\/#organization"},"potentialAction":[{"@type":"SearchAction","target":{"@type":"EntryPoint","urlTemplate":"https:\/\/depaire.fr\/?s={search_term_string}"},"query-input":"required name=search_term_string"}],"inLanguage":"en-GB"},{"@type":"Organization","@id":"https:\/\/depaire.fr\/#organization","name":"Silvia Depaire","url":"https:\/\/depaire.fr\/","logo":{"@type":"ImageObject","inLanguage":"en-GB","@id":"https:\/\/depaire.fr\/#\/schema\/logo\/image\/","url":"https:\/\/depaire.fr\/wp-content\/uploads\/2021\/01\/silvia-depaire-logo.png","contentUrl":"https:\/\/depaire.fr\/wp-content\/uploads\/2021\/01\/silvia-depaire-logo.png","width":250,"height":60,"caption":"Silvia Depaire"},"image":{"@id":"https:\/\/depaire.fr\/#\/schema\/logo\/image\/"},"sameAs":["https:\/\/www.instagram.com\/silviadepaire\/"]}]}},"_links":{"self":[{"href":"https:\/\/depaire.fr\/en\/wp-json\/wp\/v2\/pages\/1299"}],"collection":[{"href":"https:\/\/depaire.fr\/en\/wp-json\/wp\/v2\/pages"}],"about":[{"href":"https:\/\/depaire.fr\/en\/wp-json\/wp\/v2\/types\/page"}],"author":[{"embeddable":true,"href":"https:\/\/depaire.fr\/en\/wp-json\/wp\/v2\/users\/1"}],"replies":[{"embeddable":true,"href":"https:\/\/depaire.fr\/en\/wp-json\/wp\/v2\/comments?post=1299"}],"version-history":[{"count":34,"href":"https:\/\/depaire.fr\/en\/wp-json\/wp\/v2\/pages\/1299\/revisions"}],"predecessor-version":[{"id":5366,"href":"https:\/\/depaire.fr\/en\/wp-json\/wp\/v2\/pages\/1299\/revisions\/5366"}],"wp:attachment":[{"href":"https:\/\/depaire.fr\/en\/wp-json\/wp\/v2\/media?parent=1299"}],"curies":[{"name":"wp","href":"https:\/\/api.w.org\/{rel}","templated":true}]}}